{"id":3386,"date":"2016-01-19T14:03:09","date_gmt":"2016-01-19T12:03:09","guid":{"rendered":"http:\/\/technometalhellas.gr\/etaireia\/"},"modified":"2025-11-26T16:27:15","modified_gmt":"2025-11-26T14:27:15","slug":"unternehmen","status":"publish","type":"page","link":"https:\/\/technometalhellas.gr\/de\/unternehmen\/","title":{"rendered":"UNTERNEHMEN"},"content":{"rendered":"<div class=\"wpb-content-wrapper\"><p>[vc_row][vc_column][vc_column_text]<\/p>\n<h2><strong>UNSER UNTERNEHMEN<\/strong><\/h2>\n<p>[\/vc_column_text][vc_empty_space height=&#8220;20px&#8220;][\/vc_column][\/vc_row][vc_row content_placement=&#8220;middle&#8220; css=&#8220;.vc_custom_1764167206137{margin-bottom: 30px !important;}&#8220;][vc_column width=&#8220;1\/2&#8243;][vc_column_text]<\/p>\n<p data-start=\"1490\" data-end=\"1865\">TECHNOMETAL HELLAS wurde 1973 gegr\u00fcndet und produzierte Holz- und \u00d6lheizungen sowie emaillierte, Edelstahl- und Nickel-Schornsteine u.\u202fv.\u202fm. Das Unternehmen befindet sich in modernen, firmeneigenen Industrieanlagen von 4.000 m\u00b2 auf einem 12.000 m\u00b2 gro\u00dfen Gel\u00e4nde. Seit 1990 hat das Unternehmen seine Aktivit\u00e4ten auf Produkte wie folgende erweitert:<\/p>\n<ul data-start=\"1867\" data-end=\"2465\">\n<li data-start=\"1867\" data-end=\"1941\">\n<p data-start=\"1869\" data-end=\"1941\">EINWANDIGE GLATTE SCHORNSTEINE UND ZUBEH\u00d6R INOX AISI 304BA &amp; AISI 316L<\/p>\n<\/li>\n<li data-start=\"1942\" data-end=\"2019\">\n<p data-start=\"1944\" data-end=\"2019\">DOPPELWANDIGE GLATTE SCHORNSTEINE UND ZUBEH\u00d6R INOX AISI 304BA &amp; AISI 316L<\/p>\n<\/li>\n<li data-start=\"2020\" data-end=\"2072\">\n<p data-start=\"2022\" data-end=\"2072\">SCHORNSTEINABDECKUNGEN UND VERSCHIEDENES ZUBEH\u00d6R<\/p>\n<\/li>\n<li data-start=\"2073\" data-end=\"2153\">\n<p data-start=\"2075\" data-end=\"2153\">SPIRALNAHTKAN\u00c4LE UND EINWANDIGES ZUBEH\u00d6R INOX AISI 304BA &amp; VERZINKT EN 10142<\/p>\n<\/li>\n<li data-start=\"2154\" data-end=\"2237\">\n<p data-start=\"2156\" data-end=\"2237\">SPIRALNAHTKAN\u00c4LE UND DOPPELWANDIGES ZUBEH\u00d6R INOX AISI 304BA &amp; VERZINKT EN 10142<\/p>\n<\/li>\n<li data-start=\"2238\" data-end=\"2305\">\n<p data-start=\"2240\" data-end=\"2305\">HALBFLEXIBLE DOPPELWANDIGE SCHORNSTEINE MIT GLATTER INNENFL\u00c4CHE<\/p>\n<\/li>\n<li data-start=\"2306\" data-end=\"2343\">\n<p data-start=\"2308\" data-end=\"2343\">FLEXIBLE KAN\u00c4LE AUS INOX AISI 304<\/p>\n<\/li>\n<li data-start=\"2344\" data-end=\"2381\">\n<p data-start=\"2346\" data-end=\"2381\">FLEXIBLE ALUMINIUMKAN\u00c4LE 8150 H21<\/p>\n<\/li>\n<li data-start=\"2382\" data-end=\"2443\">\n<p data-start=\"2384\" data-end=\"2443\">HYDRAULIKPRODUKTE, WASSERENTNAHME-VERTEILER, METALLB\u00c4NDER<\/p>\n<\/li>\n<li data-start=\"2444\" data-end=\"2465\">\n<p data-start=\"2446\" data-end=\"2465\">METALLDACHZUBEH\u00d6R<\/p>\n<\/li>\n<\/ul>\n<p data-start=\"2467\" data-end=\"2811\">Heute ist TECHNOMETAL HELLAS stolz auf seine hochmodernen Produktionsanlagen f\u00fcr Schornsteinprodukte, zertifiziert nach dem Qualit\u00e4tsmanagementsystem ISO 9001:2015 und CE-gekennzeichnet gem\u00e4\u00df den Normen EN 1856-1 und 1856-2, und verpflichtet sich zur Verwendung von Rohstoffen, die den entsprechenden zugelassenen Spezifikationen entsprechen.<\/p>\n<p data-start=\"2813\" data-end=\"2964\" data-is-last-node=\"\" data-is-only-node=\"\">Die Besetzung des Unternehmens mit spezialisiertem und gut ausgebildetem Personal verleiht tiefgehende Expertise in der Produktion von Metallprodukten.<\/p>\n<p>[\/vc_column_text][\/vc_column][vc_column width=&#8220;1\/2&#8243;][vc_single_image image=&#8220;7686&#8243; img_size=&#8220;full&#8220; alignment=&#8220;center&#8220;][\/vc_column][\/vc_row][vc_row css=&#8220;.vc_custom_1544178490003{margin-bottom: 20px !important;}&#8220;][vc_column][vc_row_inner content_placement=&#8220;middle&#8220;][vc_column_inner width=&#8220;1\/2&#8243;][vc_single_image image=&#8220;7689&#8243; img_size=&#8220;390&#215;390&#8243; alignment=&#8220;center&#8220;][\/vc_column_inner][vc_column_inner width=&#8220;1\/2&#8243;][vc_column_text]<\/p>\n<p data-start=\"1215\" data-end=\"1702\">Unser Unternehmen entwickelt sich seit seiner Gr\u00fcndung als <strong data-start=\"1274\" data-end=\"1322\">ALLGEMEINE WEISSBLECHVERARBEITUNG MAZEDONIEN<\/strong> im Jahr 1973 kontinuierlich weiter, bis hin zur heutigen Form <strong data-start=\"1385\" data-end=\"1407\">TECHNOMETAL HELLAS<\/strong>. Wir verf\u00fcgen \u00fcber nahezu ein halbes Jahrhundert Erfahrung und bieten unseren Kunden garantierte, innovative, hochwertige und energieeffiziente L\u00f6sungen mit Produkten und Dienstleistungen f\u00fcr Wohn- und Nichtwohngeb\u00e4ude. Unsere Produkte sind sicher, \u00e4sthetisch ansprechend und leicht anzuwenden.<\/p>\n<p data-start=\"1704\" data-end=\"2023\">Der Kunde stand und steht immer im Mittelpunkt. Sein Service ist unsere oberste Priorit\u00e4t. Seine Zufriedenheit ist unsere gr\u00f6\u00dfte Belohnung. Unser Erfolg h\u00e4ngt davon ab. Wir setzen unseren dynamischen Weg mit neuen Produkten fort, die den modernen Anforderungen entsprechen und unseren Partnern neue Perspektiven bieten.<\/p>\n<p data-start=\"2025\" data-end=\"2392\">Die Gesch\u00e4ftsziele von TECHNOMETAL HELLAS, die sich durch verschiedene Messen und Aktivit\u00e4ten zeigen, offenbaren eine starke Dynamik mit deutlicher Expansionsrichtung. Das Exportwachstum setzt sich in beeindruckendem Tempo fort, und nach dem Balkan ist unser Ziel Westeuropa, wo die ersten Ergebnisse sehr ermutigend sind. Die Au\u00dfenorientierung ist unser gro\u00dfes Ziel.<\/p>\n<p data-start=\"2394\" data-end=\"2496\">Wir sind \u00fcberzeugt, dass wir mit Organisation, Zusammenhalt und harter Arbeit erfolgreich sein werden.<\/p>\n<p>[\/vc_column_text][\/vc_column_inner][\/vc_row_inner][\/vc_column][\/vc_row][vc_row css=&#8220;.vc_custom_1460122436961{margin-bottom: 50px !important;}&#8220;][vc_column][vc_column_text]<\/p>\n<h2>UNSERE GESCHICHTE<\/h2>\n<p>[\/vc_column_text][vc_empty_space height=&#8220;20px&#8220;]<div class=\"timeline\"><div class=\"timeline-item\"><div class=\"timeline-year\">1973<\/div><div class=\"timeline-content\"><h3 class=\"timeline-title\">Gr\u00fcndung der Industrie<\/h3><div class=\"timeline-text\">Die Industrie TECHNOMETAL HELLAS wurde 1973 unter dem Namen \u201eAllgemeine Wei\u00dfblechverarbeitung Mazedoniens\u201c gegr\u00fcndet und stellte Holz- und \u00d6fen sowie emaillierte, vernickelte und Edelstahl-Abgasrohre her.<\/div><\/div><\/div><div class=\"timeline-item\"><div class=\"timeline-year\">1990<\/div><div class=\"timeline-content\"><h3 class=\"timeline-title\">Umbenennung und Erweiterung<\/h3><div class=\"timeline-text\">Im Jahr 1990 wurde das Unternehmen in TECHNOMETAL HELLAS umbenannt und begann gleichzeitig mit der Erweiterung seiner Aktivit\u00e4ten auf Produkte wie:<\/p>\n<p>\u2013 Metallteile f\u00fcr Dachkonstruktionen<br \/>\n\u2013 Sanit\u00e4r-\/Hydraulikprodukte<br \/>\n\u2013 Metallprofile f\u00fcr Trockenbaukonstruktionen<\/div><\/div><\/div><div class=\"timeline-item\"><div class=\"timeline-year\">2003<\/div><div class=\"timeline-content\"><h3 class=\"timeline-title\">Neue Technologien<\/h3><div class=\"timeline-text\">Im Jahr 2003 gingen wir zur Herstellung von Luftkan\u00e4len mit Spiralnaht aus INOX AISI 304 und GALVANISIERT EN 10142 \u00fcber, sowie zu flexiblen Luftkan\u00e4len aus INOX AISI 304 und komprimierten Aluminium-Luftkan\u00e4len, einschlie\u00dflich der dazugeh\u00f6rigen Komponenten.<\/div><\/div><\/div><div class=\"timeline-item\"><div class=\"timeline-year\">2015<\/div><div class=\"timeline-content\"><h3 class=\"timeline-title\">Meilensteinjahr<\/h3><div class=\"timeline-text\">Das Jahr 2008 war ein Meilenstein f\u00fcr TECHNOMETAL HELLAS, da das Unternehmen mit der Produktion der zertifizierten Schornsteine TechnoGos, TechnoTherm und TechnoGas sowie mit der Herstellung des Verteilers f\u00fcr Fu\u00dfbodenheizungen begann.<\/div><\/div><\/div><div class=\"timeline-item\"><div class=\"timeline-year\">2023<\/div><div class=\"timeline-content\"><h3 class=\"timeline-title\">Automatisierung<\/h3><div class=\"timeline-text\">Im Jahr 2015 wurden die Produktionslinien automatisiert und die Produktionskapazit\u00e4t erh\u00f6ht.<\/div><\/div><\/div><div class=\"timeline-item\"><div class=\"timeline-year\"><\/div><div class=\"timeline-content\"><h3 class=\"timeline-title\">Neue Maschinen<\/h3><div class=\"timeline-text\">TECHNOMETAL HELLAS modernisiert die Ausr\u00fcstung ihrer Produktionsaktivit\u00e4ten mit neuen, modernen Maschinen, die auf intelligenten Spitzentechnologien basieren und geringe Umweltauswirkungen gew\u00e4hrleisten. Mit dem Abschluss dieser Investition transformiert das Unternehmen seinen Produktionsprozess und tritt in eine neue \u00c4ra ein, vollst\u00e4ndig im Einklang mit den modernen Trends und Anforderungen. Dadurch wird die erforderliche Produktionskapazit\u00e4t und Fachkompetenz sichergestellt, um die Bed\u00fcrfnisse der Kunden auf h\u00f6chstm\u00f6glichem Qualit\u00e4tsniveau und in k\u00fcrzestm\u00f6glicher Zeit zu erf\u00fcllen. Die st\u00e4ndige Suche nach Weiterentwicklung stellt uns immer wieder vor neue Herausforderungen \u2014 und wir machen weiter!<\/div><\/div><\/div><\/div>[\/vc_column][\/vc_row][vc_row disable_element=&#8220;yes&#8220; css=&#8220;.vc_custom_1550869611965{margin-bottom: 20px !important;}&#8220;][vc_column][vc_column_text]<\/p>\n<h2>UNSERE MITARBEITER<\/h2>\n<p>[\/vc_column_text][vc_row_inner][vc_column_inner width=&#8220;1\/2&#8243;][vc_single_image image=&#8220;4985&#8243; img_size=&#8220;full&#8220;][\/vc_column_inner][vc_column_inner width=&#8220;1\/2&#8243;][vc_column_text]<\/p>\n<div class=\"content_row row vc_row wpb_row default-style fullwidth\">\n<div class=\"content_row_wrapper default\">\n<div class=\"vc_col-sm-12 wpb_column vc_column_container\">\n<div class=\"wpb_wrapper\">\n<div class=\"wpb_text_column wpb_content_element \">\n<div class=\"wpb_wrapper\">\n<article class=\"text-token-text-primary w-full focus:outline-none [--shadow-height:45px] has-data-writing-block:pointer-events-none has-data-writing-block:-mt-(--shadow-height) has-data-writing-block:pt-(--shadow-height) [&amp;:has([data-writing-block])&gt;*]:pointer-events-auto [content-visibility:auto] supports-[content-visibility:auto]:[contain-intrinsic-size:auto_100lvh] scroll-mt-[calc(var(--header-height)+min(200px,max(70px,20svh)))]\" dir=\"auto\" tabindex=\"-1\" data-turn-id=\"request-69199a8f-4ed0-8328-a492-b790adcf5bff-8\" data-testid=\"conversation-turn-134\" data-scroll-anchor=\"true\" data-turn=\"assistant\">\n<div class=\"text-base my-auto mx-auto pb-10 [--thread-content-margin:--spacing(4)] thread-sm:[--thread-content-margin:--spacing(6)] thread-lg:[--thread-content-margin:--spacing(16)] px-(--thread-content-margin)\">\n<div class=\"[--thread-content-max-width:40rem] thread-lg:[--thread-content-max-width:48rem] mx-auto max-w-(--thread-content-max-width) flex-1 group\/turn-messages focus-visible:outline-hidden relative flex w-full min-w-0 flex-col agent-turn\" tabindex=\"-1\">\n<div class=\"flex max-w-full flex-col grow\">\n<div class=\"min-h-8 text-message relative flex w-full flex-col items-end gap-2 text-start break-words whitespace-normal [.text-message+&amp;]:mt-1\" dir=\"auto\" data-message-author-role=\"assistant\" data-message-id=\"0c91f8ea-2972-4dfd-8c17-bc01a1a2f95d\" data-message-model-slug=\"gpt-5-mini\">\n<div class=\"flex w-full flex-col gap-1 empty:hidden first:pt-[1px]\">\n<div class=\"markdown prose dark:prose-invert w-full break-words light markdown-new-styling\">\n<p data-start=\"519\" data-end=\"969\">Wir verdanken alles unseren Menschen, unseren eigenen Menschen. Zun\u00e4chst unseren Partnern, unseren Kunden und unseren Lieferanten. Dem Personal, das von Leidenschaft f\u00fcr Erfolg getrieben ist und unsere gleichen Sorgen und Tr\u00e4ume teilt. Vom Produktionsbereich \u00fcber den Vertrieb bis hin zur Verwaltung sind wir alle gleich. Wir schulden ihnen \u00f6ffentlich ein gro\u00dfes \u201eDanke\u201c, denn ohne sie k\u00f6nnten wir nicht erfolgreich sein.<\/p>\n<p data-start=\"971\" data-end=\"989\" data-is-last-node=\"\" data-is-only-node=\"\">Wir machen weiter\u2026<\/p>\n<\/div>\n<\/div>\n<\/div>\n<\/div>\n<\/div>\n<\/div>\n<\/article>\n<\/div>\n<\/div>\n<\/div>\n<\/div>\n<\/div>\n<\/div>\n<p>[\/vc_column_text][\/vc_column_inner][\/vc_row_inner][\/vc_column][\/vc_row]<\/p>\n<\/div>","protected":false},"excerpt":{"rendered":"<p>[vc_row][vc_column][vc_column_text] UNSER UNTERNEHMEN [\/vc_column_text][vc_empty_space height=&#8220;20px&#8220;][\/vc_column][\/vc_row][vc_row content_placement=&#8220;middle&#8220; css=&#8220;.vc_custom_1764167206137{margin-bottom: 30px !important;}&#8220;][vc_column width=&#8220;1\/2&#8243;][vc_column_text] TECHNOMETAL HELLAS wurde 1973 gegr\u00fcndet und produzierte Holz- und \u00d6lheizungen sowie emaillierte, Edelstahl- und Nickel-Schornsteine u.\u202fv.\u202fm. Das Unternehmen befindet sich in modernen, firmeneigenen Industrieanlagen von 4.000 m\u00b2 auf einem 12.000 &hellip;<\/p>\n","protected":false},"author":1,"featured_media":0,"parent":0,"menu_order":0,"comment_status":"closed","ping_status":"closed","template":"","meta":{"footnotes":""},"class_list":["post-3386","page","type-page","status-publish","hentry"],"yoast_head":"<title>UNTERNEHMEN - Technometal Hellas<\/title>\n<meta name=\"robots\" content=\"index, follow, max-snippet:-1, max-image-preview:large, max-video-preview:-1\" \/>\n<link rel=\"canonical\" href=\"https:\/\/technometalhellas.gr\/de\/unternehmen\/\" \/>\n<meta property=\"og:locale\" content=\"de_DE\" \/>\n<meta property=\"og:type\" content=\"article\" \/>\n<meta property=\"og:title\" content=\"UNTERNEHMEN - Technometal Hellas\" \/>\n<meta property=\"og:description\" content=\"[vc_row][vc_column][vc_column_text] UNSER UNTERNEHMEN [\/vc_column_text][vc_empty_space height=&#8220;20px&#8220;][\/vc_column][\/vc_row][vc_row content_placement=&#8220;middle&#8220; css=&#8220;.vc_custom_1764167206137{margin-bottom: 30px !important;}&#8220;][vc_column width=&#8220;1\/2&#8243;][vc_column_text] TECHNOMETAL HELLAS wurde 1973 gegr\u00fcndet und produzierte Holz- und \u00d6lheizungen sowie emaillierte, Edelstahl- und Nickel-Schornsteine u.\u202fv.\u202fm. Das Unternehmen befindet sich in modernen, firmeneigenen Industrieanlagen von 4.000 m\u00b2 auf einem 12.000 &hellip;\" \/>\n<meta property=\"og:url\" content=\"https:\/\/technometalhellas.gr\/de\/unternehmen\/\" \/>\n<meta property=\"og:site_name\" content=\"Technometal Hellas\" \/>\n<meta property=\"article:modified_time\" content=\"2025-11-26T14:27:15+00:00\" \/>\n<meta name=\"twitter:card\" content=\"summary_large_image\" \/>\n<meta name=\"twitter:label1\" content=\"Gesch\u00e4tzte Lesezeit\" \/>\n\t<meta name=\"twitter:data1\" content=\"5\u00a0Minuten\" \/>\n<script type=\"application\/ld+json\" class=\"yoast-schema-graph\">{\"@context\":\"https:\\\/\\\/schema.org\",\"@graph\":[{\"@type\":\"WebPage\",\"@id\":\"https:\\\/\\\/technometalhellas.gr\\\/de\\\/unternehmen\\\/\",\"url\":\"https:\\\/\\\/technometalhellas.gr\\\/de\\\/unternehmen\\\/\",\"name\":\"UNTERNEHMEN - Technometal Hellas\",\"isPartOf\":{\"@id\":\"https:\\\/\\\/technometalhellas.gr\\\/#website\"},\"datePublished\":\"2016-01-19T12:03:09+00:00\",\"dateModified\":\"2025-11-26T14:27:15+00:00\",\"breadcrumb\":{\"@id\":\"https:\\\/\\\/technometalhellas.gr\\\/de\\\/unternehmen\\\/#breadcrumb\"},\"inLanguage\":\"de\",\"potentialAction\":[{\"@type\":\"ReadAction\",\"target\":[\"https:\\\/\\\/technometalhellas.gr\\\/de\\\/unternehmen\\\/\"]}]},{\"@type\":\"BreadcrumbList\",\"@id\":\"https:\\\/\\\/technometalhellas.gr\\\/de\\\/unternehmen\\\/#breadcrumb\",\"itemListElement\":[{\"@type\":\"ListItem\",\"position\":1,\"name\":\"\u0391\u03c1\u03c7\u03b9\u03ba\u03ae\",\"item\":\"https:\\\/\\\/technometalhellas.gr\\\/de\\\/\"},{\"@type\":\"ListItem\",\"position\":2,\"name\":\"UNTERNEHMEN\"}]},{\"@type\":\"WebSite\",\"@id\":\"https:\\\/\\\/technometalhellas.gr\\\/#website\",\"url\":\"https:\\\/\\\/technometalhellas.gr\\\/\",\"name\":\"Technometal Hellas\",\"description\":\"Schornsteine, Luftkan\u00e4le und Metallprodukte\",\"potentialAction\":[{\"@type\":\"SearchAction\",\"target\":{\"@type\":\"EntryPoint\",\"urlTemplate\":\"https:\\\/\\\/technometalhellas.gr\\\/?s={search_term_string}\"},\"query-input\":{\"@type\":\"PropertyValueSpecification\",\"valueRequired\":true,\"valueName\":\"search_term_string\"}}],\"inLanguage\":\"de\"}]}<\/script>","yoast_head_json":{"title":"UNTERNEHMEN - Technometal Hellas","robots":{"index":"index","follow":"follow","max-snippet":"max-snippet:-1","max-image-preview":"max-image-preview:large","max-video-preview":"max-video-preview:-1"},"canonical":"https:\/\/technometalhellas.gr\/de\/unternehmen\/","og_locale":"de_DE","og_type":"article","og_title":"UNTERNEHMEN - Technometal Hellas","og_description":"[vc_row][vc_column][vc_column_text] UNSER UNTERNEHMEN [\/vc_column_text][vc_empty_space height=&#8220;20px&#8220;][\/vc_column][\/vc_row][vc_row content_placement=&#8220;middle&#8220; css=&#8220;.vc_custom_1764167206137{margin-bottom: 30px !important;}&#8220;][vc_column width=&#8220;1\/2&#8243;][vc_column_text] TECHNOMETAL HELLAS wurde 1973 gegr\u00fcndet und produzierte Holz- und \u00d6lheizungen sowie emaillierte, Edelstahl- und Nickel-Schornsteine u.\u202fv.\u202fm. Das Unternehmen befindet sich in modernen, firmeneigenen Industrieanlagen von 4.000 m\u00b2 auf einem 12.000 &hellip;","og_url":"https:\/\/technometalhellas.gr\/de\/unternehmen\/","og_site_name":"Technometal Hellas","article_modified_time":"2025-11-26T14:27:15+00:00","twitter_card":"summary_large_image","twitter_misc":{"Gesch\u00e4tzte Lesezeit":"5\u00a0Minuten"},"schema":{"@context":"https:\/\/schema.org","@graph":[{"@type":"WebPage","@id":"https:\/\/technometalhellas.gr\/de\/unternehmen\/","url":"https:\/\/technometalhellas.gr\/de\/unternehmen\/","name":"UNTERNEHMEN - Technometal Hellas","isPartOf":{"@id":"https:\/\/technometalhellas.gr\/#website"},"datePublished":"2016-01-19T12:03:09+00:00","dateModified":"2025-11-26T14:27:15+00:00","breadcrumb":{"@id":"https:\/\/technometalhellas.gr\/de\/unternehmen\/#breadcrumb"},"inLanguage":"de","potentialAction":[{"@type":"ReadAction","target":["https:\/\/technometalhellas.gr\/de\/unternehmen\/"]}]},{"@type":"BreadcrumbList","@id":"https:\/\/technometalhellas.gr\/de\/unternehmen\/#breadcrumb","itemListElement":[{"@type":"ListItem","position":1,"name":"\u0391\u03c1\u03c7\u03b9\u03ba\u03ae","item":"https:\/\/technometalhellas.gr\/de\/"},{"@type":"ListItem","position":2,"name":"UNTERNEHMEN"}]},{"@type":"WebSite","@id":"https:\/\/technometalhellas.gr\/#website","url":"https:\/\/technometalhellas.gr\/","name":"Technometal Hellas","description":"Schornsteine, Luftkan\u00e4le und Metallprodukte","potentialAction":[{"@type":"SearchAction","target":{"@type":"EntryPoint","urlTemplate":"https:\/\/technometalhellas.gr\/?s={search_term_string}"},"query-input":{"@type":"PropertyValueSpecification","valueRequired":true,"valueName":"search_term_string"}}],"inLanguage":"de"}]}},"_links":{"self":[{"href":"https:\/\/technometalhellas.gr\/de\/wp-json\/wp\/v2\/pages\/3386","targetHints":{"allow":["GET"]}}],"collection":[{"href":"https:\/\/technometalhellas.gr\/de\/wp-json\/wp\/v2\/pages"}],"about":[{"href":"https:\/\/technometalhellas.gr\/de\/wp-json\/wp\/v2\/types\/page"}],"author":[{"embeddable":true,"href":"https:\/\/technometalhellas.gr\/de\/wp-json\/wp\/v2\/users\/1"}],"replies":[{"embeddable":true,"href":"https:\/\/technometalhellas.gr\/de\/wp-json\/wp\/v2\/comments?post=3386"}],"version-history":[{"count":28,"href":"https:\/\/technometalhellas.gr\/de\/wp-json\/wp\/v2\/pages\/3386\/revisions"}],"predecessor-version":[{"id":7697,"href":"https:\/\/technometalhellas.gr\/de\/wp-json\/wp\/v2\/pages\/3386\/revisions\/7697"}],"wp:attachment":[{"href":"https:\/\/technometalhellas.gr\/de\/wp-json\/wp\/v2\/media?parent=3386"}],"curies":[{"name":"wp","href":"https:\/\/api.w.org\/{rel}","templated":true}]}}