{"id":3346,"date":"2016-01-20T09:07:13","date_gmt":"2016-01-20T07:07:13","guid":{"rendered":"http:\/\/technometalhellas.gr\/eksartimata-stegis\/"},"modified":"2019-07-02T12:15:41","modified_gmt":"2019-07-02T10:15:41","slug":"metallische-dachkomponenten","status":"publish","type":"page","link":"https:\/\/technometalhellas.gr\/de\/produkte\/metallische-dachkomponenten\/","title":{"rendered":"METALLISCHE DACHKOMPONENTEN"},"content":{"rendered":"<div class=\"wpb-content-wrapper\"><p>[vc_row][vc_column][vc_empty_space][vc_column_text]<\/p>\n<h1 style=\"text-align: center;\"><span style=\"font-size: 36px;\">METALLISCHE DACHKOMPONENTEN<\/span><\/h1>\n<p>[\/vc_column_text][\/vc_column][\/vc_row][vc_row][vc_column]<div class=\"gallery-fs\"><figure><img decoding=\"async\" src=\"https:\/\/technometalhellas.gr\/wp-content\/uploads\/2019\/01\/angles-large.jpg\" alt=\"\"><figcaption><\/figcaption><\/figure><div class=\"gallery-fs-nav\"><button class=\"gallery-fs-fullscreen\"><i class=\"fa fa-arrows-alt\"><\/i><\/button><\/div><div class=\"gallery-fs-thumbnails gallery-fs-thumbnails-col-5 owl-carousel\"><a href='https:\/\/technometalhellas.gr\/wp-content\/uploads\/2019\/01\/angles-large.jpg' data-caption='' title='' class=\"selected\"><img loading=\"lazy\" decoding=\"async\" width=\"280\" height=\"210\" src=\"https:\/\/technometalhellas.gr\/wp-content\/uploads\/2019\/01\/angles-large-280x210.jpg\" class=\"attachment-anps-gallery-thumb size-anps-gallery-thumb\" alt=\"\" \/><\/a><a href='https:\/\/technometalhellas.gr\/wp-content\/uploads\/2019\/01\/stegaki-large.jpg' data-caption='' title=''><img loading=\"lazy\" decoding=\"async\" width=\"280\" height=\"210\" src=\"https:\/\/technometalhellas.gr\/wp-content\/uploads\/2019\/01\/stegaki-large-280x210.jpg\" class=\"attachment-anps-gallery-thumb size-anps-gallery-thumb\" alt=\"\" \/><\/a><a href='https:\/\/technometalhellas.gr\/wp-content\/uploads\/2019\/01\/beam-case-large.jpg' data-caption='' title=''><img loading=\"lazy\" decoding=\"async\" width=\"280\" height=\"210\" src=\"https:\/\/technometalhellas.gr\/wp-content\/uploads\/2019\/01\/beam-case-large-280x210.jpg\" class=\"attachment-anps-gallery-thumb size-anps-gallery-thumb\" alt=\"\" \/><\/a><a href='https:\/\/technometalhellas.gr\/wp-content\/uploads\/2019\/01\/mf-t-large.jpg' data-caption='' title=''><img loading=\"lazy\" decoding=\"async\" width=\"280\" height=\"210\" src=\"https:\/\/technometalhellas.gr\/wp-content\/uploads\/2019\/01\/mf-t-large-280x210.jpg\" class=\"attachment-anps-gallery-thumb size-anps-gallery-thumb\" alt=\"\" \/><\/a><a href='https:\/\/technometalhellas.gr\/wp-content\/uploads\/2019\/01\/mf-g-large.jpg' data-caption='' title=''><img loading=\"lazy\" decoding=\"async\" width=\"280\" height=\"210\" src=\"https:\/\/technometalhellas.gr\/wp-content\/uploads\/2019\/01\/mf-g-large-280x210.jpg\" class=\"attachment-anps-gallery-thumb size-anps-gallery-thumb\" alt=\"\" \/><\/a><a href='https:\/\/technometalhellas.gr\/wp-content\/uploads\/2019\/01\/mf-fb-tt-large.jpg' data-caption='' title=''><img loading=\"lazy\" decoding=\"async\" width=\"280\" height=\"210\" src=\"https:\/\/technometalhellas.gr\/wp-content\/uploads\/2019\/01\/mf-fb-tt-large-280x210.jpg\" class=\"attachment-anps-gallery-thumb size-anps-gallery-thumb\" alt=\"\" \/><\/a><a href='https:\/\/technometalhellas.gr\/wp-content\/uploads\/2019\/01\/mf-fb-gt-large.jpg' data-caption='' title=''><img loading=\"lazy\" decoding=\"async\" width=\"280\" height=\"210\" src=\"https:\/\/technometalhellas.gr\/wp-content\/uploads\/2019\/01\/mf-fb-gt-large-280x210.jpg\" class=\"attachment-anps-gallery-thumb size-anps-gallery-thumb\" alt=\"\" \/><\/a><a href='https:\/\/technometalhellas.gr\/wp-content\/uploads\/2019\/01\/mf-db-large.jpg' data-caption='' title=''><img loading=\"lazy\" decoding=\"async\" width=\"280\" height=\"210\" src=\"https:\/\/technometalhellas.gr\/wp-content\/uploads\/2019\/01\/mf-db-large-280x210.jpg\" class=\"attachment-anps-gallery-thumb size-anps-gallery-thumb\" alt=\"\" \/><\/a><a href='https:\/\/technometalhellas.gr\/wp-content\/uploads\/2019\/01\/mf-cp-large.jpg' data-caption='' title=''><img loading=\"lazy\" decoding=\"async\" width=\"280\" height=\"210\" src=\"https:\/\/technometalhellas.gr\/wp-content\/uploads\/2019\/01\/mf-cp-large-280x210.jpg\" class=\"attachment-anps-gallery-thumb size-anps-gallery-thumb\" alt=\"\" \/><\/a><a href='https:\/\/technometalhellas.gr\/wp-content\/uploads\/2019\/01\/mf-co-large.jpg' data-caption='' title=''><img loading=\"lazy\" decoding=\"async\" width=\"280\" height=\"210\" src=\"https:\/\/technometalhellas.gr\/wp-content\/uploads\/2019\/01\/mf-co-large-280x210.jpg\" class=\"attachment-anps-gallery-thumb size-anps-gallery-thumb\" alt=\"\" \/><\/a><a href='https:\/\/technometalhellas.gr\/wp-content\/uploads\/2019\/01\/mf-cct-large.jpg' data-caption='' title=''><img loading=\"lazy\" decoding=\"async\" width=\"280\" height=\"210\" src=\"https:\/\/technometalhellas.gr\/wp-content\/uploads\/2019\/01\/mf-cct-large-280x210.jpg\" class=\"attachment-anps-gallery-thumb size-anps-gallery-thumb\" alt=\"\" \/><\/a><a href='https:\/\/technometalhellas.gr\/wp-content\/uploads\/2019\/01\/mf-cc-large.jpg' data-caption='' title=''><img loading=\"lazy\" decoding=\"async\" width=\"280\" height=\"210\" src=\"https:\/\/technometalhellas.gr\/wp-content\/uploads\/2019\/01\/mf-cc-large-280x210.jpg\" class=\"attachment-anps-gallery-thumb size-anps-gallery-thumb\" alt=\"\" \/><\/a><a href='https:\/\/technometalhellas.gr\/wp-content\/uploads\/2019\/01\/hexagon-large.jpg' data-caption='' title=''><img loading=\"lazy\" decoding=\"async\" width=\"280\" height=\"210\" src=\"https:\/\/technometalhellas.gr\/wp-content\/uploads\/2019\/01\/hexagon-large-280x210.jpg\" class=\"attachment-anps-gallery-thumb size-anps-gallery-thumb\" alt=\"\" \/><\/a><\/div><\/div>[vc_empty_space][vc_column_text]Dachbeschl\u00e4ge sind Verbindungen zur Unterst\u00fctzung von Holzdecken (f\u00fcr Pergolen, Pavillons usw.).<\/p>\n<p><span class=\"tlid-translation translation\"><span title=\"\">Sie bestehen aus Produkten wie Fundamenten, Winkeln, Balken und anderen Produkten, die die Arbeit f\u00fcr die Konstruktion von Pergolen, Pavillons usw. erleichtern und sind bei jeder strukturellen oder baulichen T\u00e4tigkeit erforderlich.<\/span><\/span>[\/vc_column_text][\/vc_column][\/vc_row][vc_row][vc_column width=&#8220;1\/2&#8243;][vc_single_image image=&#8220;3887&#8243; img_size=&#8220;large&#8220; alignment=&#8220;center&#8220; style=&#8220;vc_box_shadow_3d&#8220; onclick=&#8220;link_image&#8220;][\/vc_column][vc_column width=&#8220;1\/2&#8243;][vc_column_text]<span class=\"tlid-translation translation\"><span title=\"\"><strong>Ausf\u00fchrung:<\/strong> Deutsch feste Basis<br \/>\n<\/span><\/span><\/p>\n<p>Farbe: schwarz und verzinkt<\/p>\n<p>Abmessungen: Verf\u00fcgbar f\u00fcr S\u00e4ulen von 9 cm, 10 cm, 10,7 cm , 11,2 cm, 11,8 cm.<\/p>\n<p><span class=\"tlid-translation translation\"><span title=\"\">\u00a0<\/span><\/span>[\/vc_column_text][\/vc_column][\/vc_row][vc_row][vc_column width=&#8220;1\/2&#8243;][vc_single_image image=&#8220;3885&#8243; img_size=&#8220;large&#8220; alignment=&#8220;center&#8220; style=&#8220;vc_box_shadow_3d&#8220; onclick=&#8220;link_image&#8220;][\/vc_column][vc_column width=&#8220;1\/2&#8243;][vc_column_text]<span class=\"tlid-translation translation\"><span title=\"\"><strong>Ausf\u00fchrung:<\/strong> Traditionelle feste Basis<br \/>\n<\/span><\/span><\/p>\n<p>Farbe: schwarz<\/p>\n<p>Abmessungen: Verf\u00fcgbar f\u00fcr S\u00e4ulen 9 cm, 10 cm, 10,7 cm , 11,2 cm, 11,8 cm.<\/p>\n<p><span class=\"tlid-translation translation\"><span title=\"\">\u00a0<\/span><\/span>[\/vc_column_text][\/vc_column][\/vc_row][vc_row][vc_column width=&#8220;1\/2&#8243;][vc_single_image image=&#8220;3883&#8243; img_size=&#8220;large&#8220; alignment=&#8220;center&#8220; style=&#8220;vc_box_shadow_3d&#8220; onclick=&#8220;link_image&#8220;][\/vc_column][vc_column width=&#8220;1\/2&#8243;][vc_column_text]<span class=\"tlid-translation translation\"><span title=\"\"><strong>Ausf\u00fchrung:<\/strong> Geteilte Basis<br \/>\n<\/span><\/span><\/p>\n<p>Farbe: schwarz &amp; verzinkt<\/p>\n<p>Abmessungen: Verf\u00fcgbar f\u00fcr S\u00e4ulen.<\/p>\n<p><span class=\"tlid-translation translation\"><span title=\"\">\u00a0<\/span><\/span>[\/vc_column_text][\/vc_column][\/vc_row][vc_row][vc_column width=&#8220;1\/2&#8243;][vc_single_image image=&#8220;3871&#8243; img_size=&#8220;large&#8220; alignment=&#8220;center&#8220; style=&#8220;vc_box_shadow_3d&#8220; onclick=&#8220;link_image&#8220;][\/vc_column][vc_column width=&#8220;1\/2&#8243;][vc_column_text]<span class=\"tlid-translation translation\"><span title=\"\"><strong>Ausf\u00fchrung:<\/strong> Winkel<br \/>\n<\/span><\/span><\/p>\n<p>Farbe: schwarz &amp; verzinkt<\/p>\n<p>Abmessungen: 5&#215;5 cm, 7&#215;7 cm, 9&#215;9 cm, 10&#215;10 cm, 13&#215;13 cm<\/p>\n<p><span class=\"tlid-translation translation\"><span title=\"\">\u00a0<\/span><\/span>[\/vc_column_text][\/vc_column][\/vc_row][vc_row][vc_column width=&#8220;1\/2&#8243;][vc_single_image image=&#8220;3869&#8243; img_size=&#8220;large&#8220; alignment=&#8220;center&#8220; style=&#8220;vc_box_shadow_3d&#8220; onclick=&#8220;link_image&#8220;][\/vc_column][vc_column width=&#8220;1\/2&#8243;][vc_column_text]<span class=\"tlid-translation translation\"><span title=\"\"><strong>Ausf\u00fchrung:<\/strong> T-Verbindung &#8211; Winkel-Verbindung T<br \/>\n<\/span><\/span><\/p>\n<p>Farbe: schwarz<\/p>\n<p>Abmessungen: 32x32x5 cm und 28x28x4 cm<\/p>\n<p><span class=\"tlid-translation translation\"><span title=\"\">\u00a0<\/span><\/span>[\/vc_column_text][\/vc_column][\/vc_row][vc_row][vc_column width=&#8220;1\/2&#8243;][vc_single_image image=&#8220;3867&#8243; img_size=&#8220;large&#8220; alignment=&#8220;center&#8220; style=&#8220;vc_box_shadow_3d&#8220; onclick=&#8220;link_image&#8220;][\/vc_column][vc_column width=&#8220;1\/2&#8243;][vc_column_text]<span class=\"tlid-translation translation\"><span title=\"\"><strong>Ausf\u00fchrung:<\/strong> Haken<br \/>\n<\/span><\/span><\/p>\n<p>Farbe: schwarz<\/p>\n<p>Abmessungen: 5 cm und 6 cm<\/p>\n<p><span class=\"tlid-translation translation\"><span title=\"\">\u00a0<\/span><\/span>[\/vc_column_text][\/vc_column][\/vc_row][vc_row][vc_column width=&#8220;1\/2&#8243;][vc_single_image image=&#8220;3861&#8243; img_size=&#8220;large&#8220; alignment=&#8220;center&#8220; style=&#8220;vc_box_shadow_3d&#8220; onclick=&#8220;link_image&#8220;][\/vc_column][vc_column width=&#8220;1\/2&#8243;][vc_column_text]<span class=\"tlid-translation translation\"><span title=\"\"><strong>Ausf\u00fchrung: <\/strong><\/span><\/span>St\u00fctzenschuhe mit einem Winkel von 20\u00b0<br \/>\nSt\u00fctzenschuhe Gerade<br \/>\nSt\u00fctzenschuhe Winkel<br \/>\nSt\u00fctzenschuhe Teilbar<br \/>\nVerbindung\u00a0 \u03a9 (Omega)<\/p>\n<p>Farbe: schwarz<\/p>\n<p>Abmessungen: 5 cm, 6cm, 7cm<\/p>\n<p><span class=\"tlid-translation translation\"><span title=\"\">\u00a0<\/span><\/span>[\/vc_column_text][\/vc_column][\/vc_row][vc_row][vc_column width=&#8220;1\/2&#8243;][vc_single_image image=&#8220;3865&#8243; img_size=&#8220;large&#8220; alignment=&#8220;center&#8220; style=&#8220;vc_box_shadow_3d&#8220; onclick=&#8220;link_image&#8220;][\/vc_column][vc_column width=&#8220;1\/2&#8243;][vc_column_text]<span class=\"tlid-translation translation\"><span title=\"\"><strong>Ausf\u00fchrung:<\/strong> Fenster Konsolen<br \/>\n<\/span><\/span><\/p>\n<p>Farbe: schwarz<\/p>\n<p>Abmessungen: Gro\u00df (f\u00fcr 2 Dachziegel) und klein (f\u00fcr 1 Dachziegel)<\/p>\n<p><span class=\"tlid-translation translation\"><span title=\"\">\u00a0<\/span><\/span>[\/vc_column_text][\/vc_column][\/vc_row][vc_row][vc_column width=&#8220;1\/2&#8243;][vc_single_image image=&#8220;3863&#8243; img_size=&#8220;large&#8220; alignment=&#8220;center&#8220; style=&#8220;vc_box_shadow_3d&#8220; onclick=&#8220;link_image&#8220;][\/vc_column][vc_column width=&#8220;1\/2&#8243;][vc_column_text]<span class=\"tlid-translation translation\"><span title=\"\"><strong>Ausf\u00fchrung:<\/strong> Sechseck-Pavillon<br \/>\n<\/span><\/span><\/p>\n<p>Farbe: schwarz<\/p>\n<p>Abmessungen: 5 cm und 6 cm<\/p>\n<p><span class=\"tlid-translation translation\"><span title=\"\">\u00a0<\/span><\/span>[\/vc_column_text][\/vc_column][\/vc_row][vc_row][vc_column width=&#8220;1\/2&#8243;][vc_single_image image=&#8220;3347&#8243; img_size=&#8220;large&#8220; alignment=&#8220;center&#8220; style=&#8220;vc_box_shadow_3d&#8220; onclick=&#8220;link_image&#8220;][\/vc_column][vc_column width=&#8220;1\/2&#8243;][vc_column_text]<span class=\"tlid-translation translation\"><span title=\"\"><strong>Ausf\u00fchrung: <\/strong><\/span><\/span>Balkenschuhe<\/p>\n<p>Farbe: schwarz<\/p>\n<p>Abmessungen: Verf\u00fcgbar f\u00fcr Balken 11,8 cm<\/p>\n<p><span class=\"tlid-translation translation\"><span title=\"\">\u00a0<\/span><\/span>[\/vc_column_text][\/vc_column][\/vc_row][vc_row][vc_column][vc_column_text]<strong>Unsere Produkte erf\u00fcllen die strengsten europ\u00e4ischen Normen f\u00fcr Qualit\u00e4t und Haltbarkeit. Alle schwarzen Produkte sind mit hochwertigem Elektrostatiklack (Polyester) lackiert und bieten dank der speziellen Behandlung der Entlaubung und Phosphatierung den h\u00f6chsten Korrosionsschutz.<\/strong>[\/vc_column_text][\/vc_column][\/vc_row]<\/p>\n<\/div>","protected":false},"excerpt":{"rendered":"<p>[vc_row][vc_column][vc_empty_space][vc_column_text] METALLISCHE DACHKOMPONENTEN [\/vc_column_text][\/vc_column][\/vc_row][vc_row][vc_column][vc_empty_space][vc_column_text]Dachbeschl\u00e4ge sind Verbindungen zur Unterst\u00fctzung von Holzdecken (f\u00fcr Pergolen, Pavillons usw.). Sie bestehen aus Produkten wie Fundamenten, Winkeln, Balken und anderen Produkten, die die Arbeit f\u00fcr die Konstruktion von Pergolen, Pavillons usw. erleichtern und sind bei jeder &hellip;<\/p>\n","protected":false},"author":1,"featured_media":0,"parent":3382,"menu_order":0,"comment_status":"closed","ping_status":"closed","template":"","meta":{"footnotes":""},"class_list":["post-3346","page","type-page","status-publish","hentry"],"yoast_head":"<title>METALLISCHE DACHKOMPONENTEN - Technometal Hellas<\/title>\n<meta name=\"robots\" content=\"index, follow, max-snippet:-1, max-image-preview:large, max-video-preview:-1\" \/>\n<link rel=\"canonical\" href=\"https:\/\/technometalhellas.gr\/de\/produkte\/metallische-dachkomponenten\/\" \/>\n<meta property=\"og:locale\" content=\"de_DE\" \/>\n<meta property=\"og:type\" content=\"article\" \/>\n<meta property=\"og:title\" content=\"METALLISCHE DACHKOMPONENTEN - Technometal Hellas\" \/>\n<meta property=\"og:description\" content=\"[vc_row][vc_column][vc_empty_space][vc_column_text] METALLISCHE DACHKOMPONENTEN [\/vc_column_text][\/vc_column][\/vc_row][vc_row][vc_column][vc_empty_space][vc_column_text]Dachbeschl\u00e4ge sind Verbindungen zur Unterst\u00fctzung von Holzdecken (f\u00fcr Pergolen, Pavillons usw.). Sie bestehen aus Produkten wie Fundamenten, Winkeln, Balken und anderen Produkten, die die Arbeit f\u00fcr die Konstruktion von Pergolen, Pavillons usw. erleichtern und sind bei jeder &hellip;\" \/>\n<meta property=\"og:url\" content=\"https:\/\/technometalhellas.gr\/de\/produkte\/metallische-dachkomponenten\/\" \/>\n<meta property=\"og:site_name\" content=\"Technometal Hellas\" \/>\n<meta property=\"article:modified_time\" content=\"2019-07-02T10:15:41+00:00\" \/>\n<meta name=\"twitter:card\" content=\"summary_large_image\" \/>\n<meta name=\"twitter:label1\" content=\"Gesch\u00e4tzte Lesezeit\" \/>\n\t<meta name=\"twitter:data1\" content=\"3\u00a0Minuten\" \/>\n<script type=\"application\/ld+json\" class=\"yoast-schema-graph\">{\"@context\":\"https:\\\/\\\/schema.org\",\"@graph\":[{\"@type\":\"WebPage\",\"@id\":\"https:\\\/\\\/technometalhellas.gr\\\/de\\\/produkte\\\/metallische-dachkomponenten\\\/\",\"url\":\"https:\\\/\\\/technometalhellas.gr\\\/de\\\/produkte\\\/metallische-dachkomponenten\\\/\",\"name\":\"METALLISCHE DACHKOMPONENTEN - Technometal Hellas\",\"isPartOf\":{\"@id\":\"https:\\\/\\\/technometalhellas.gr\\\/#website\"},\"datePublished\":\"2016-01-20T07:07:13+00:00\",\"dateModified\":\"2019-07-02T10:15:41+00:00\",\"breadcrumb\":{\"@id\":\"https:\\\/\\\/technometalhellas.gr\\\/de\\\/produkte\\\/metallische-dachkomponenten\\\/#breadcrumb\"},\"inLanguage\":\"de\",\"potentialAction\":[{\"@type\":\"ReadAction\",\"target\":[\"https:\\\/\\\/technometalhellas.gr\\\/de\\\/produkte\\\/metallische-dachkomponenten\\\/\"]}]},{\"@type\":\"BreadcrumbList\",\"@id\":\"https:\\\/\\\/technometalhellas.gr\\\/de\\\/produkte\\\/metallische-dachkomponenten\\\/#breadcrumb\",\"itemListElement\":[{\"@type\":\"ListItem\",\"position\":1,\"name\":\"\u0391\u03c1\u03c7\u03b9\u03ba\u03ae\",\"item\":\"https:\\\/\\\/technometalhellas.gr\\\/de\\\/\"},{\"@type\":\"ListItem\",\"position\":2,\"name\":\"PRODUKTE\",\"item\":\"https:\\\/\\\/technometalhellas.gr\\\/de\\\/produkte\\\/\"},{\"@type\":\"ListItem\",\"position\":3,\"name\":\"METALLISCHE DACHKOMPONENTEN\"}]},{\"@type\":\"WebSite\",\"@id\":\"https:\\\/\\\/technometalhellas.gr\\\/#website\",\"url\":\"https:\\\/\\\/technometalhellas.gr\\\/\",\"name\":\"Technometal Hellas\",\"description\":\"Schornsteine, Luftkan\u00e4le und Metallprodukte\",\"potentialAction\":[{\"@type\":\"SearchAction\",\"target\":{\"@type\":\"EntryPoint\",\"urlTemplate\":\"https:\\\/\\\/technometalhellas.gr\\\/?s={search_term_string}\"},\"query-input\":{\"@type\":\"PropertyValueSpecification\",\"valueRequired\":true,\"valueName\":\"search_term_string\"}}],\"inLanguage\":\"de\"}]}<\/script>","yoast_head_json":{"title":"METALLISCHE DACHKOMPONENTEN - Technometal Hellas","robots":{"index":"index","follow":"follow","max-snippet":"max-snippet:-1","max-image-preview":"max-image-preview:large","max-video-preview":"max-video-preview:-1"},"canonical":"https:\/\/technometalhellas.gr\/de\/produkte\/metallische-dachkomponenten\/","og_locale":"de_DE","og_type":"article","og_title":"METALLISCHE DACHKOMPONENTEN - Technometal Hellas","og_description":"[vc_row][vc_column][vc_empty_space][vc_column_text] METALLISCHE DACHKOMPONENTEN [\/vc_column_text][\/vc_column][\/vc_row][vc_row][vc_column][vc_empty_space][vc_column_text]Dachbeschl\u00e4ge sind Verbindungen zur Unterst\u00fctzung von Holzdecken (f\u00fcr Pergolen, Pavillons usw.). Sie bestehen aus Produkten wie Fundamenten, Winkeln, Balken und anderen Produkten, die die Arbeit f\u00fcr die Konstruktion von Pergolen, Pavillons usw. erleichtern und sind bei jeder &hellip;","og_url":"https:\/\/technometalhellas.gr\/de\/produkte\/metallische-dachkomponenten\/","og_site_name":"Technometal Hellas","article_modified_time":"2019-07-02T10:15:41+00:00","twitter_card":"summary_large_image","twitter_misc":{"Gesch\u00e4tzte Lesezeit":"3\u00a0Minuten"},"schema":{"@context":"https:\/\/schema.org","@graph":[{"@type":"WebPage","@id":"https:\/\/technometalhellas.gr\/de\/produkte\/metallische-dachkomponenten\/","url":"https:\/\/technometalhellas.gr\/de\/produkte\/metallische-dachkomponenten\/","name":"METALLISCHE DACHKOMPONENTEN - Technometal Hellas","isPartOf":{"@id":"https:\/\/technometalhellas.gr\/#website"},"datePublished":"2016-01-20T07:07:13+00:00","dateModified":"2019-07-02T10:15:41+00:00","breadcrumb":{"@id":"https:\/\/technometalhellas.gr\/de\/produkte\/metallische-dachkomponenten\/#breadcrumb"},"inLanguage":"de","potentialAction":[{"@type":"ReadAction","target":["https:\/\/technometalhellas.gr\/de\/produkte\/metallische-dachkomponenten\/"]}]},{"@type":"BreadcrumbList","@id":"https:\/\/technometalhellas.gr\/de\/produkte\/metallische-dachkomponenten\/#breadcrumb","itemListElement":[{"@type":"ListItem","position":1,"name":"\u0391\u03c1\u03c7\u03b9\u03ba\u03ae","item":"https:\/\/technometalhellas.gr\/de\/"},{"@type":"ListItem","position":2,"name":"PRODUKTE","item":"https:\/\/technometalhellas.gr\/de\/produkte\/"},{"@type":"ListItem","position":3,"name":"METALLISCHE DACHKOMPONENTEN"}]},{"@type":"WebSite","@id":"https:\/\/technometalhellas.gr\/#website","url":"https:\/\/technometalhellas.gr\/","name":"Technometal Hellas","description":"Schornsteine, Luftkan\u00e4le und Metallprodukte","potentialAction":[{"@type":"SearchAction","target":{"@type":"EntryPoint","urlTemplate":"https:\/\/technometalhellas.gr\/?s={search_term_string}"},"query-input":{"@type":"PropertyValueSpecification","valueRequired":true,"valueName":"search_term_string"}}],"inLanguage":"de"}]}},"_links":{"self":[{"href":"https:\/\/technometalhellas.gr\/de\/wp-json\/wp\/v2\/pages\/3346","targetHints":{"allow":["GET"]}}],"collection":[{"href":"https:\/\/technometalhellas.gr\/de\/wp-json\/wp\/v2\/pages"}],"about":[{"href":"https:\/\/technometalhellas.gr\/de\/wp-json\/wp\/v2\/types\/page"}],"author":[{"embeddable":true,"href":"https:\/\/technometalhellas.gr\/de\/wp-json\/wp\/v2\/users\/1"}],"replies":[{"embeddable":true,"href":"https:\/\/technometalhellas.gr\/de\/wp-json\/wp\/v2\/comments?post=3346"}],"version-history":[{"count":4,"href":"https:\/\/technometalhellas.gr\/de\/wp-json\/wp\/v2\/pages\/3346\/revisions"}],"predecessor-version":[{"id":3547,"href":"https:\/\/technometalhellas.gr\/de\/wp-json\/wp\/v2\/pages\/3346\/revisions\/3547"}],"up":[{"embeddable":true,"href":"https:\/\/technometalhellas.gr\/de\/wp-json\/wp\/v2\/pages\/3382"}],"wp:attachment":[{"href":"https:\/\/technometalhellas.gr\/de\/wp-json\/wp\/v2\/media?parent=3346"}],"curies":[{"name":"wp","href":"https:\/\/api.w.org\/{rel}","templated":true}]}}