{"id":3321,"date":"2018-12-28T11:55:36","date_gmt":"2018-12-28T09:55:36","guid":{"rendered":"http:\/\/technometalhellas.gr\/technogos\/"},"modified":"2025-12-11T15:51:52","modified_gmt":"2025-12-11T13:51:52","slug":"technogos","status":"publish","type":"page","link":"https:\/\/technometalhellas.gr\/de\/produkte\/schornstein-systeme\/technogos\/","title":{"rendered":"TECHNOGOS"},"content":{"rendered":"<div class=\"wpb-content-wrapper\"><p>[vc_row][vc_column][vc_empty_space][vc_custom_heading text=&#8220;TECHNOGOS&#8220; font_container=&#8220;tag:h2|font_size:30|text_align:left|color:%23333333&#8243; google_fonts=&#8220;font_family:Open%20Sans%3A300%2C300italic%2Cregular%2Citalic%2C600%2C600italic%2C700%2C700italic%2C800%2C800italic|font_style:700%20bold%20regular%3A700%3Anormal&#8220;][vc_empty_space height=&#8220;12px&#8220;][vc_separator][vc_column_text]<\/p>\n<p data-start=\"4318\" data-end=\"4343\"><strong data-start=\"4318\" data-end=\"4343\">TECHNOGOS \u2013 EINWANDIG<\/strong><\/p>\n<p data-start=\"4345\" data-end=\"4419\">Hergestellt aus rostfreiem, antimagnetischem Stahl AISI 304 oder AISI 316,<\/p>\n<p data-start=\"4421\" data-end=\"4456\">Stahlst\u00e4rke: 0,40 mm oder 0,50 mm<\/p>\n<p data-start=\"4458\" data-end=\"4500\">Verf\u00fcgbare Durchmesser: von \u00d880 bis 2550<\/p>\n<p data-start=\"4502\" data-end=\"4739\"><strong data-start=\"4502\" data-end=\"4532\">Kontinuierliche Kontrolle:<\/strong><br data-start=\"4532\" data-end=\"4535\" \/>Die Schornsteine und Komponenten der TechnoGas-Serie wurden gem\u00e4\u00df der EU-Richtlinie f\u00fcr Bauprodukte 89\/106\/EWG gepr\u00fcft und erf\u00fcllen alle Anforderungen der CE-Kennzeichnung gem\u00e4\u00df EN 1856-1 und EN 1856-2.<\/p>\n<p data-start=\"4741\" data-end=\"4840\">Die Zertifizierung erfolgt durch die anerkannte Stelle DEDAL \u2013 ATTESTATION AND CERTIFICATION Ltd.<\/p>\n<p data-start=\"4842\" data-end=\"4911\">Qualit\u00e4tskontrolle durch Qualit\u00e4tsmanagementsysteme <strong data-start=\"4894\" data-end=\"4911\">ISO 9001:2015<\/strong><\/p>\n<p data-start=\"4913\" data-end=\"5181\"><strong data-start=\"4913\" data-end=\"4926\">Merkmale:<\/strong><br data-start=\"4926\" data-end=\"4929\" \/>\u2022 Autogenes Schwei\u00dfen von Rohren und Komponenten<br data-start=\"4977\" data-end=\"4980\" \/>\u2022 Unregelm\u00e4\u00dfiges Erscheinungsbild<br data-start=\"5013\" data-end=\"5016\" \/>\u2022 Einfache Montage von Rohren und Zubeh\u00f6r<br data-start=\"5057\" data-end=\"5060\" \/>\u2022 Abdichtung mit w\u00e4rmebest\u00e4ndiger Silikondichtung bis 200 \u00b0C<br data-start=\"5120\" data-end=\"5123\" \/>\u2022 Hohe Konstruktionsflexibilit\u00e4t mit vielen Zubeh\u00f6rteilen.<\/p>\n<p data-start=\"5183\" data-end=\"6028\"><strong data-start=\"5183\" data-end=\"5229\">Die TechnoGas-Komponentensammlung umfasst:<\/strong><br data-start=\"5229\" data-end=\"5232\" \/>\u2022 Gerade Elemente in L\u00e4ngen: 0,25 m \u2013 0,50 m \u2013 1,00 m<br data-start=\"5285\" data-end=\"5288\" \/>\u2022 Teleskopische gerade Elemente mit Auszug von 1 m bis 2 m \u2013 0,50 m bis 1 m \u2013 0,25 m bis 0,40 m<br data-start=\"5383\" data-end=\"5386\" \/>\u2022 B\u00f6gen \u2013 Winkel von 15\u00b0 \u2013 30\u00b0 \u2013 45\u00b0 \u2013 60\u00b0 \u2013 90\u00b0<br data-start=\"5434\" data-end=\"5437\" \/>\u2022 T-St\u00fcck 90\u00b0 und Halb-T-St\u00fcck 135\u00b0<br data-start=\"5472\" data-end=\"5475\" \/>\u2022 T-St\u00fcck 90\u00b0 mit 280 mm Reinigungsdeckel (rechts oder links)<br data-start=\"5536\" data-end=\"5539\" \/>\u2022 Reinigungsdeckel<br data-start=\"5557\" data-end=\"5560\" \/>\u2022 Vorgefertigte rechteckige Adapter f\u00fcr Kamine f\u00fcr ger\u00e4uschlosen Betrieb<br data-start=\"5632\" data-end=\"5635\" \/>\u2022 Spannhalterungen<br data-start=\"5653\" data-end=\"5656\" \/>\u2022 Thermosilikon-Dichtungen 200 \u00b0C<br data-start=\"5689\" data-end=\"5692\" \/>\u2022 Versatzkorrektur<br data-start=\"5710\" data-end=\"5713\" \/>\u2022 Verschiedene Reduktionen<br data-start=\"5739\" data-end=\"5742\" \/>\u2022 Wandrosetten<br data-start=\"5756\" data-end=\"5759\" \/>\u2022 Wandhalterungen<br data-start=\"5776\" data-end=\"5779\" \/>\u2022 Verst\u00e4rkte Deckenst\u00fctzen<br data-start=\"5805\" data-end=\"5808\" \/>\u2022 Verstellbare dreieckige St\u00fctzbasis<br data-start=\"5844\" data-end=\"5847\" \/>\u2022 Bodenst\u00fctzbasis<br data-start=\"5864\" data-end=\"5867\" \/>\u2022 Basis f\u00fcr geneigtes Dach<br data-start=\"5893\" data-end=\"5896\" \/>\u2022 Gro\u00dfes Dachcollar f\u00fcr geneigtes Dach<br data-start=\"5934\" data-end=\"5937\" \/>\u2022 Reinigungs\u00f6ffnung &amp; thermische Isolationsklappe<br data-start=\"5986\" data-end=\"5989\" \/>\u2022 Platte mit einstellbarem Diaphragma<\/p>\n<p data-start=\"6030\" data-end=\"6180\">Die TechnoGas-Serie ist zertifiziert und umfasst Abgasleitungen und Zubeh\u00f6r, die f\u00fcr Pelleteinheiten, \u00d6lkessel, Energie-Kamine usw. entwickelt wurden.<\/p>\n<p data-start=\"6182\" data-end=\"6312\">Sie widerstehen Dauerbetriebstemperaturen bis 400 \u00b0C oder kurzzeitig bis 800 \u00b0C. Die Serie wird f\u00fcr Inneninstallationen empfohlen.<\/p>\n<p>[\/vc_column_text][\/vc_column][\/vc_row][vc_row][vc_column][vc_custom_heading text=&#8220;TECHNOGOS KOLLEKTION&#8220; font_container=&#8220;tag:h2|font_size:30|text_align:left|color:%23333333&#8243; google_fonts=&#8220;font_family:Open%20Sans%3A300%2C300italic%2Cregular%2Citalic%2C600%2C600italic%2C700%2C700italic%2C800%2C800italic|font_style:700%20bold%20regular%3A700%3Anormal&#8220;][vc_separator][vc_media_grid grid_id=&#8220;vc_gid:1765461095096-f3c0b1f4fd733bdcb57988aaa38a28d4-10&#8243; include=&#8220;7107,7110,7113,7116,7119,7122,7125,7128,7131,7134,7137,7140,7143,7146,7149&#8243;][\/vc_column][\/vc_row]<\/p>\n<\/div>","protected":false},"excerpt":{"rendered":"<p>[vc_row][vc_column][vc_empty_space][vc_custom_heading text=&#8220;TECHNOGOS&#8220; font_container=&#8220;tag:h2|font_size:30|text_align:left|color:%23333333&#8243; google_fonts=&#8220;font_family:Open%20Sans%3A300%2C300italic%2Cregular%2Citalic%2C600%2C600italic%2C700%2C700italic%2C800%2C800italic|font_style:700%20bold%20regular%3A700%3Anormal&#8220;][vc_empty_space height=&#8220;12px&#8220;][vc_separator][vc_column_text] TECHNOGOS \u2013 EINWANDIG Hergestellt aus rostfreiem, antimagnetischem Stahl AISI 304 oder AISI 316, Stahlst\u00e4rke: 0,40 mm oder 0,50 mm Verf\u00fcgbare Durchmesser: von \u00d880 bis 2550 Kontinuierliche Kontrolle:Die Schornsteine und Komponenten der TechnoGas-Serie wurden gem\u00e4\u00df der &hellip;<\/p>\n","protected":false},"author":1,"featured_media":0,"parent":3370,"menu_order":0,"comment_status":"closed","ping_status":"closed","template":"","meta":{"footnotes":""},"class_list":["post-3321","page","type-page","status-publish","hentry"],"yoast_head":"<title>TECHNOGOS - Technometal Hellas<\/title>\n<meta name=\"robots\" content=\"index, follow, max-snippet:-1, max-image-preview:large, max-video-preview:-1\" \/>\n<link rel=\"canonical\" href=\"https:\/\/technometalhellas.gr\/proionta\/systimata-kaminadon\/technogos\/\" \/>\n<meta property=\"og:locale\" content=\"de_DE\" \/>\n<meta property=\"og:type\" content=\"article\" \/>\n<meta property=\"og:title\" content=\"TECHNOGOS - Technometal Hellas\" \/>\n<meta property=\"og:description\" content=\"[vc_row][vc_column][vc_empty_space][vc_custom_heading text=&#8220;TECHNOGOS&#8220; font_container=&#8220;tag:h2|font_size:30|text_align:left|color:%23333333&#8243; google_fonts=&#8220;font_family:Open%20Sans%3A300%2C300italic%2Cregular%2Citalic%2C600%2C600italic%2C700%2C700italic%2C800%2C800italic|font_style:700%20bold%20regular%3A700%3Anormal&#8220;][vc_empty_space height=&#8220;12px&#8220;][vc_separator][vc_column_text] TECHNOGOS \u2013 EINWANDIG Hergestellt aus rostfreiem, antimagnetischem Stahl AISI 304 oder AISI 316, Stahlst\u00e4rke: 0,40 mm oder 0,50 mm Verf\u00fcgbare Durchmesser: von \u00d880 bis 2550 Kontinuierliche Kontrolle:Die Schornsteine und Komponenten der TechnoGas-Serie wurden gem\u00e4\u00df der &hellip;\" \/>\n<meta property=\"og:url\" content=\"https:\/\/technometalhellas.gr\/proionta\/systimata-kaminadon\/technogos\/\" \/>\n<meta property=\"og:site_name\" content=\"Technometal Hellas\" \/>\n<meta property=\"article:modified_time\" content=\"2025-12-11T13:51:52+00:00\" \/>\n<meta name=\"twitter:card\" content=\"summary_large_image\" \/>\n<meta name=\"twitter:label1\" content=\"Gesch\u00e4tzte Lesezeit\" \/>\n\t<meta name=\"twitter:data1\" content=\"2\u00a0Minuten\" \/>\n<script type=\"application\/ld+json\" class=\"yoast-schema-graph\">{\"@context\":\"https:\\\/\\\/schema.org\",\"@graph\":[{\"@type\":\"WebPage\",\"@id\":\"https:\\\/\\\/technometalhellas.gr\\\/proionta\\\/systimata-kaminadon\\\/technogos\\\/\",\"url\":\"https:\\\/\\\/technometalhellas.gr\\\/proionta\\\/systimata-kaminadon\\\/technogos\\\/\",\"name\":\"TECHNOGOS - Technometal Hellas\",\"isPartOf\":{\"@id\":\"https:\\\/\\\/technometalhellas.gr\\\/#website\"},\"datePublished\":\"2018-12-28T09:55:36+00:00\",\"dateModified\":\"2025-12-11T13:51:52+00:00\",\"breadcrumb\":{\"@id\":\"https:\\\/\\\/technometalhellas.gr\\\/proionta\\\/systimata-kaminadon\\\/technogos\\\/#breadcrumb\"},\"inLanguage\":\"de\",\"potentialAction\":[{\"@type\":\"ReadAction\",\"target\":[\"https:\\\/\\\/technometalhellas.gr\\\/proionta\\\/systimata-kaminadon\\\/technogos\\\/\"]}]},{\"@type\":\"BreadcrumbList\",\"@id\":\"https:\\\/\\\/technometalhellas.gr\\\/proionta\\\/systimata-kaminadon\\\/technogos\\\/#breadcrumb\",\"itemListElement\":[{\"@type\":\"ListItem\",\"position\":1,\"name\":\"\u0391\u03c1\u03c7\u03b9\u03ba\u03ae\",\"item\":\"https:\\\/\\\/technometalhellas.gr\\\/de\\\/\"},{\"@type\":\"ListItem\",\"position\":2,\"name\":\"PRODUKTE\",\"item\":\"https:\\\/\\\/technometalhellas.gr\\\/de\\\/produkte\\\/\"},{\"@type\":\"ListItem\",\"position\":3,\"name\":\"SCHORNSTEINSYSTEME\",\"item\":\"https:\\\/\\\/technometalhellas.gr\\\/de\\\/produkte\\\/schornstein-systeme\\\/\"},{\"@type\":\"ListItem\",\"position\":4,\"name\":\"TECHNOGOS\"}]},{\"@type\":\"WebSite\",\"@id\":\"https:\\\/\\\/technometalhellas.gr\\\/#website\",\"url\":\"https:\\\/\\\/technometalhellas.gr\\\/\",\"name\":\"Technometal Hellas\",\"description\":\"Schornsteine, Luftkan\u00e4le und Metallprodukte\",\"potentialAction\":[{\"@type\":\"SearchAction\",\"target\":{\"@type\":\"EntryPoint\",\"urlTemplate\":\"https:\\\/\\\/technometalhellas.gr\\\/?s={search_term_string}\"},\"query-input\":{\"@type\":\"PropertyValueSpecification\",\"valueRequired\":true,\"valueName\":\"search_term_string\"}}],\"inLanguage\":\"de\"}]}<\/script>","yoast_head_json":{"title":"TECHNOGOS - Technometal Hellas","robots":{"index":"index","follow":"follow","max-snippet":"max-snippet:-1","max-image-preview":"max-image-preview:large","max-video-preview":"max-video-preview:-1"},"canonical":"https:\/\/technometalhellas.gr\/proionta\/systimata-kaminadon\/technogos\/","og_locale":"de_DE","og_type":"article","og_title":"TECHNOGOS - Technometal Hellas","og_description":"[vc_row][vc_column][vc_empty_space][vc_custom_heading text=&#8220;TECHNOGOS&#8220; font_container=&#8220;tag:h2|font_size:30|text_align:left|color:%23333333&#8243; google_fonts=&#8220;font_family:Open%20Sans%3A300%2C300italic%2Cregular%2Citalic%2C600%2C600italic%2C700%2C700italic%2C800%2C800italic|font_style:700%20bold%20regular%3A700%3Anormal&#8220;][vc_empty_space height=&#8220;12px&#8220;][vc_separator][vc_column_text] TECHNOGOS \u2013 EINWANDIG Hergestellt aus rostfreiem, antimagnetischem Stahl AISI 304 oder AISI 316, Stahlst\u00e4rke: 0,40 mm oder 0,50 mm Verf\u00fcgbare Durchmesser: von \u00d880 bis 2550 Kontinuierliche Kontrolle:Die Schornsteine und Komponenten der TechnoGas-Serie wurden gem\u00e4\u00df der &hellip;","og_url":"https:\/\/technometalhellas.gr\/proionta\/systimata-kaminadon\/technogos\/","og_site_name":"Technometal Hellas","article_modified_time":"2025-12-11T13:51:52+00:00","twitter_card":"summary_large_image","twitter_misc":{"Gesch\u00e4tzte Lesezeit":"2\u00a0Minuten"},"schema":{"@context":"https:\/\/schema.org","@graph":[{"@type":"WebPage","@id":"https:\/\/technometalhellas.gr\/proionta\/systimata-kaminadon\/technogos\/","url":"https:\/\/technometalhellas.gr\/proionta\/systimata-kaminadon\/technogos\/","name":"TECHNOGOS - Technometal Hellas","isPartOf":{"@id":"https:\/\/technometalhellas.gr\/#website"},"datePublished":"2018-12-28T09:55:36+00:00","dateModified":"2025-12-11T13:51:52+00:00","breadcrumb":{"@id":"https:\/\/technometalhellas.gr\/proionta\/systimata-kaminadon\/technogos\/#breadcrumb"},"inLanguage":"de","potentialAction":[{"@type":"ReadAction","target":["https:\/\/technometalhellas.gr\/proionta\/systimata-kaminadon\/technogos\/"]}]},{"@type":"BreadcrumbList","@id":"https:\/\/technometalhellas.gr\/proionta\/systimata-kaminadon\/technogos\/#breadcrumb","itemListElement":[{"@type":"ListItem","position":1,"name":"\u0391\u03c1\u03c7\u03b9\u03ba\u03ae","item":"https:\/\/technometalhellas.gr\/de\/"},{"@type":"ListItem","position":2,"name":"PRODUKTE","item":"https:\/\/technometalhellas.gr\/de\/produkte\/"},{"@type":"ListItem","position":3,"name":"SCHORNSTEINSYSTEME","item":"https:\/\/technometalhellas.gr\/de\/produkte\/schornstein-systeme\/"},{"@type":"ListItem","position":4,"name":"TECHNOGOS"}]},{"@type":"WebSite","@id":"https:\/\/technometalhellas.gr\/#website","url":"https:\/\/technometalhellas.gr\/","name":"Technometal Hellas","description":"Schornsteine, Luftkan\u00e4le und Metallprodukte","potentialAction":[{"@type":"SearchAction","target":{"@type":"EntryPoint","urlTemplate":"https:\/\/technometalhellas.gr\/?s={search_term_string}"},"query-input":{"@type":"PropertyValueSpecification","valueRequired":true,"valueName":"search_term_string"}}],"inLanguage":"de"}]}},"_links":{"self":[{"href":"https:\/\/technometalhellas.gr\/de\/wp-json\/wp\/v2\/pages\/3321","targetHints":{"allow":["GET"]}}],"collection":[{"href":"https:\/\/technometalhellas.gr\/de\/wp-json\/wp\/v2\/pages"}],"about":[{"href":"https:\/\/technometalhellas.gr\/de\/wp-json\/wp\/v2\/types\/page"}],"author":[{"embeddable":true,"href":"https:\/\/technometalhellas.gr\/de\/wp-json\/wp\/v2\/users\/1"}],"replies":[{"embeddable":true,"href":"https:\/\/technometalhellas.gr\/de\/wp-json\/wp\/v2\/comments?post=3321"}],"version-history":[{"count":8,"href":"https:\/\/technometalhellas.gr\/de\/wp-json\/wp\/v2\/pages\/3321\/revisions"}],"predecessor-version":[{"id":6314,"href":"https:\/\/technometalhellas.gr\/de\/wp-json\/wp\/v2\/pages\/3321\/revisions\/6314"}],"up":[{"embeddable":true,"href":"https:\/\/technometalhellas.gr\/de\/wp-json\/wp\/v2\/pages\/3370"}],"wp:attachment":[{"href":"https:\/\/technometalhellas.gr\/de\/wp-json\/wp\/v2\/media?parent=3321"}],"curies":[{"name":"wp","href":"https:\/\/api.w.org\/{rel}","templated":true}]}}