{"id":3318,"date":"2018-12-28T13:08:10","date_gmt":"2018-12-28T11:08:10","guid":{"rendered":"http:\/\/technometalhellas.gr\/technotherm\/"},"modified":"2025-12-11T15:58:08","modified_gmt":"2025-12-11T13:58:08","slug":"technotherm","status":"publish","type":"page","link":"https:\/\/technometalhellas.gr\/de\/produkte\/schornstein-systeme\/technotherm\/","title":{"rendered":"TECHNOTHERM"},"content":{"rendered":"<div class=\"wpb-content-wrapper\"><p>[vc_row][vc_column][vc_empty_space][vc_custom_heading text=&#8220;TECHNOTHERM \u2013 DOPPELWAND&#8220; font_container=&#8220;tag:h2|font_size:30|text_align:left|color:%23333333&#8243; google_fonts=&#8220;font_family:Open%20Sans%3A300%2C300italic%2Cregular%2Citalic%2C600%2C600italic%2C700%2C700italic%2C800%2C800italic|font_style:700%20bold%20regular%3A700%3Anormal&#8220;][vc_empty_space height=&#8220;12px&#8220;][vc_separator][vc_column_text]<\/p>\n<p data-start=\"4409\" data-end=\"4483\">Hergestellt aus rostfreiem, antimagnetischem Stahl AISI 304 oder AISI 316,<\/p>\n<p data-start=\"4485\" data-end=\"4518\">Stahlst\u00e4rke: 0,40 mm oder 0,50 mm<\/p>\n<p data-start=\"4520\" data-end=\"4568\">Verf\u00fcgbare Durchmesser: von \u00d880\/130 bis 2550\/500<\/p>\n<p data-start=\"4570\" data-end=\"4617\">Isolierung: Keramikfaser 25 mm, Dichte 98 kg\/m3<\/p>\n<p data-start=\"4619\" data-end=\"4852\"><strong data-start=\"4619\" data-end=\"4649\">Kontinuierliche Kontrolle:<\/strong><br data-start=\"4649\" data-end=\"4652\" \/>Die Schornsteine und Komponenten der TechnoTherm-Serie wurden gem\u00e4\u00df der EU-Bauproduktrichtlinie<br data-start=\"4747\" data-end=\"4750\" \/>89\/106\/EWG gepr\u00fcft und erf\u00fcllen alle Anforderungen der CE-Kennzeichnung gem\u00e4\u00df EN 1856-1 und EN 1856-2.<\/p>\n<p data-start=\"4854\" data-end=\"4951\">Die Zertifizierung erfolgt durch die anerkannte Stelle DEDAL \u2013 ATTESTATION AND CERTIFICATION Ltd.<\/p>\n<p data-start=\"4953\" data-end=\"5022\">Qualit\u00e4tskontrolle durch Qualit\u00e4tsmanagementsysteme <strong data-start=\"5005\" data-end=\"5022\">ISO 9001:2015<\/strong><\/p>\n<p data-start=\"5024\" data-end=\"5298\"><strong data-start=\"5024\" data-end=\"5037\">Merkmale:<\/strong><br data-start=\"5037\" data-end=\"5040\" \/>\u2022 Autogenes Schwei\u00dfen von Rohren und Komponenten<br data-start=\"5088\" data-end=\"5091\" \/>\u2022 M\u00e4nnlich\u2013weibliche Verbindungskonfiguration<br data-start=\"5136\" data-end=\"5139\" \/>\u2022 Einfache Montage von Rohren und Zubeh\u00f6r<br data-start=\"5180\" data-end=\"5183\" \/>\u2022 Abdichtung durch thermosilikonbest\u00e4ndige Flansche bis 200 \u00b0C<br data-start=\"5245\" data-end=\"5248\" \/>\u2022 Hohe Flexibilit\u00e4t durch zahlreiche Zubeh\u00f6rteile.<\/p>\n<p data-start=\"5300\" data-end=\"6155\"><strong data-start=\"5300\" data-end=\"5348\">Die TechnoTherm-Komponentensammlung umfasst:<\/strong><br data-start=\"5348\" data-end=\"5351\" \/>\u2022 Gerade Elemente in L\u00e4ngen 0,25 m \u2013 0,50 m \u2013 1,00 m<br data-start=\"5403\" data-end=\"5406\" \/>\u2022 Teleskopelemente mit Auszug 1 m bis 2 m \u2013 0,50 m bis 1 m \u2013 0,25 m bis 0,40 m<br data-start=\"5484\" data-end=\"5487\" \/>\u2022 B\u00f6gen \u2013 Winkel 15\u00b0 \u2013 30\u00b0 \u2013 45\u00b0 \u2013 60\u00b0 \u2013 90\u00b0<br data-start=\"5531\" data-end=\"5534\" \/>\u2022 T-St\u00fcck 90\u00b0 und Halb-T-St\u00fcck 135\u00b0<br data-start=\"5569\" data-end=\"5572\" \/>\u2022 T-St\u00fcck 90\u00b0 mit 280er Reinigungsdeckel (rechts oder links)<br data-start=\"5632\" data-end=\"5635\" \/>\u2022 Reinigungsdeckel<br data-start=\"5653\" data-end=\"5656\" \/>\u2022 Vorgefertigte rechteckige Kaminadapter f\u00fcr ger\u00e4uschlosen Betrieb<br data-start=\"5722\" data-end=\"5725\" \/>\u2022 Spannhalterungen<br data-start=\"5743\" data-end=\"5746\" \/>\u2022 Thermosilikon-Flansche 200 \u00b0C<br data-start=\"5777\" data-end=\"5780\" \/>\u2022 Adapter (von doppelt auf einfach und von einfach auf doppelt)<br data-start=\"5843\" data-end=\"5846\" \/>\u2022 Verschiedene Reduktionen<br data-start=\"5872\" data-end=\"5875\" \/>\u2022 Wandrosetten<br data-start=\"5889\" data-end=\"5892\" \/>\u2022 Wandhalterungen<br data-start=\"5909\" data-end=\"5912\" \/>\u2022 Verst\u00e4rkte Deckenst\u00fctzen<br data-start=\"5938\" data-end=\"5941\" \/>\u2022 Verstellbare dreieckige St\u00fctzbasis<br data-start=\"5977\" data-end=\"5980\" \/>\u2022 Bodenst\u00fctzbasis<br data-start=\"5997\" data-end=\"6000\" \/>\u2022 Basis f\u00fcr geneigtes Dach<br data-start=\"6026\" data-end=\"6029\" \/>\u2022 Dachneigungs-Reduzierkragen<br data-start=\"6058\" data-end=\"6061\" \/>\u2022 Reinigungs\u00f6ffnung &amp; thermische Isolationskammer<br data-start=\"6110\" data-end=\"6113\" \/>\u2022 Rauchrohr mit einstellbarem Diaphragma<\/p>\n<p data-start=\"6157\" data-end=\"6284\">Die TechnoTherm-Serie ist zertifiziert und umfasst Abgasleitungen und Zubeh\u00f6r f\u00fcr Pelletanlagen,<br data-start=\"6253\" data-end=\"6256\" \/>\u00d6lkessel, Energiekamine usw.<\/p>\n<p data-start=\"6286\" data-end=\"6373\">Sie widersteht Dauerbetriebstemperaturen bis 800\u00b0C oder kurzzeitig ebenfalls bis 800\u00b0C.<\/p>\n<p>[\/vc_column_text][\/vc_column][\/vc_row][vc_row][vc_column][vc_custom_heading text=&#8220;TECHNOTHERM KOLLEKTION&#8220; font_container=&#8220;tag:h2|font_size:30|text_align:left|color:%23333333&#8243; google_fonts=&#8220;font_family:Open%20Sans%3A300%2C300italic%2Cregular%2Citalic%2C600%2C600italic%2C700%2C700italic%2C800%2C800italic|font_style:700%20bold%20regular%3A700%3Anormal&#8220;][vc_separator][vc_media_grid grid_id=&#8220;vc_gid:1765461473119-d39a4b44678fb8c3e2f9dd20fbefac8d-10&#8243; include=&#8220;7197,7200,7203,7206,7209,7212,7215,7218,7221,7224,7227,7230,7233,7236,7239&#8243;][\/vc_column][\/vc_row]<\/p>\n<\/div>","protected":false},"excerpt":{"rendered":"<p>[vc_row][vc_column][vc_empty_space][vc_custom_heading text=&#8220;TECHNOTHERM \u2013 DOPPELWAND&#8220; font_container=&#8220;tag:h2|font_size:30|text_align:left|color:%23333333&#8243; google_fonts=&#8220;font_family:Open%20Sans%3A300%2C300italic%2Cregular%2Citalic%2C600%2C600italic%2C700%2C700italic%2C800%2C800italic|font_style:700%20bold%20regular%3A700%3Anormal&#8220;][vc_empty_space height=&#8220;12px&#8220;][vc_separator][vc_column_text] Hergestellt aus rostfreiem, antimagnetischem Stahl AISI 304 oder AISI 316, Stahlst\u00e4rke: 0,40 mm oder 0,50 mm Verf\u00fcgbare Durchmesser: von \u00d880\/130 bis 2550\/500 Isolierung: Keramikfaser 25 mm, Dichte 98 kg\/m3 Kontinuierliche Kontrolle:Die Schornsteine und &hellip;<\/p>\n","protected":false},"author":1,"featured_media":0,"parent":3370,"menu_order":0,"comment_status":"closed","ping_status":"closed","template":"","meta":{"footnotes":""},"class_list":["post-3318","page","type-page","status-publish","hentry"],"yoast_head":"<title>TECHNOTHERM - Technometal Hellas<\/title>\n<meta name=\"robots\" content=\"index, follow, max-snippet:-1, max-image-preview:large, max-video-preview:-1\" \/>\n<link rel=\"canonical\" href=\"https:\/\/technometalhellas.gr\/proionta\/systimata-kaminadon\/technotherm\/\" \/>\n<meta property=\"og:locale\" content=\"de_DE\" \/>\n<meta property=\"og:type\" content=\"article\" \/>\n<meta property=\"og:title\" content=\"TECHNOTHERM - Technometal Hellas\" \/>\n<meta property=\"og:description\" content=\"[vc_row][vc_column][vc_empty_space][vc_custom_heading text=&#8220;TECHNOTHERM \u2013 DOPPELWAND&#8220; font_container=&#8220;tag:h2|font_size:30|text_align:left|color:%23333333&#8243; google_fonts=&#8220;font_family:Open%20Sans%3A300%2C300italic%2Cregular%2Citalic%2C600%2C600italic%2C700%2C700italic%2C800%2C800italic|font_style:700%20bold%20regular%3A700%3Anormal&#8220;][vc_empty_space height=&#8220;12px&#8220;][vc_separator][vc_column_text] Hergestellt aus rostfreiem, antimagnetischem Stahl AISI 304 oder AISI 316, Stahlst\u00e4rke: 0,40 mm oder 0,50 mm Verf\u00fcgbare Durchmesser: von \u00d880\/130 bis 2550\/500 Isolierung: Keramikfaser 25 mm, Dichte 98 kg\/m3 Kontinuierliche Kontrolle:Die Schornsteine und &hellip;\" \/>\n<meta property=\"og:url\" content=\"https:\/\/technometalhellas.gr\/proionta\/systimata-kaminadon\/technotherm\/\" \/>\n<meta property=\"og:site_name\" content=\"Technometal Hellas\" \/>\n<meta property=\"article:modified_time\" content=\"2025-12-11T13:58:08+00:00\" \/>\n<meta name=\"twitter:card\" content=\"summary_large_image\" \/>\n<meta name=\"twitter:label1\" content=\"Gesch\u00e4tzte Lesezeit\" \/>\n\t<meta name=\"twitter:data1\" content=\"2\u00a0Minuten\" \/>\n<script type=\"application\/ld+json\" class=\"yoast-schema-graph\">{\"@context\":\"https:\\\/\\\/schema.org\",\"@graph\":[{\"@type\":\"WebPage\",\"@id\":\"https:\\\/\\\/technometalhellas.gr\\\/proionta\\\/systimata-kaminadon\\\/technotherm\\\/\",\"url\":\"https:\\\/\\\/technometalhellas.gr\\\/proionta\\\/systimata-kaminadon\\\/technotherm\\\/\",\"name\":\"TECHNOTHERM - Technometal Hellas\",\"isPartOf\":{\"@id\":\"https:\\\/\\\/technometalhellas.gr\\\/#website\"},\"datePublished\":\"2018-12-28T11:08:10+00:00\",\"dateModified\":\"2025-12-11T13:58:08+00:00\",\"breadcrumb\":{\"@id\":\"https:\\\/\\\/technometalhellas.gr\\\/proionta\\\/systimata-kaminadon\\\/technotherm\\\/#breadcrumb\"},\"inLanguage\":\"de\",\"potentialAction\":[{\"@type\":\"ReadAction\",\"target\":[\"https:\\\/\\\/technometalhellas.gr\\\/proionta\\\/systimata-kaminadon\\\/technotherm\\\/\"]}]},{\"@type\":\"BreadcrumbList\",\"@id\":\"https:\\\/\\\/technometalhellas.gr\\\/proionta\\\/systimata-kaminadon\\\/technotherm\\\/#breadcrumb\",\"itemListElement\":[{\"@type\":\"ListItem\",\"position\":1,\"name\":\"\u0391\u03c1\u03c7\u03b9\u03ba\u03ae\",\"item\":\"https:\\\/\\\/technometalhellas.gr\\\/de\\\/\"},{\"@type\":\"ListItem\",\"position\":2,\"name\":\"PRODUKTE\",\"item\":\"https:\\\/\\\/technometalhellas.gr\\\/de\\\/produkte\\\/\"},{\"@type\":\"ListItem\",\"position\":3,\"name\":\"SCHORNSTEINSYSTEME\",\"item\":\"https:\\\/\\\/technometalhellas.gr\\\/de\\\/produkte\\\/schornstein-systeme\\\/\"},{\"@type\":\"ListItem\",\"position\":4,\"name\":\"TECHNOTHERM\"}]},{\"@type\":\"WebSite\",\"@id\":\"https:\\\/\\\/technometalhellas.gr\\\/#website\",\"url\":\"https:\\\/\\\/technometalhellas.gr\\\/\",\"name\":\"Technometal Hellas\",\"description\":\"Schornsteine, Luftkan\u00e4le und Metallprodukte\",\"potentialAction\":[{\"@type\":\"SearchAction\",\"target\":{\"@type\":\"EntryPoint\",\"urlTemplate\":\"https:\\\/\\\/technometalhellas.gr\\\/?s={search_term_string}\"},\"query-input\":{\"@type\":\"PropertyValueSpecification\",\"valueRequired\":true,\"valueName\":\"search_term_string\"}}],\"inLanguage\":\"de\"}]}<\/script>","yoast_head_json":{"title":"TECHNOTHERM - Technometal Hellas","robots":{"index":"index","follow":"follow","max-snippet":"max-snippet:-1","max-image-preview":"max-image-preview:large","max-video-preview":"max-video-preview:-1"},"canonical":"https:\/\/technometalhellas.gr\/proionta\/systimata-kaminadon\/technotherm\/","og_locale":"de_DE","og_type":"article","og_title":"TECHNOTHERM - Technometal Hellas","og_description":"[vc_row][vc_column][vc_empty_space][vc_custom_heading text=&#8220;TECHNOTHERM \u2013 DOPPELWAND&#8220; font_container=&#8220;tag:h2|font_size:30|text_align:left|color:%23333333&#8243; google_fonts=&#8220;font_family:Open%20Sans%3A300%2C300italic%2Cregular%2Citalic%2C600%2C600italic%2C700%2C700italic%2C800%2C800italic|font_style:700%20bold%20regular%3A700%3Anormal&#8220;][vc_empty_space height=&#8220;12px&#8220;][vc_separator][vc_column_text] Hergestellt aus rostfreiem, antimagnetischem Stahl AISI 304 oder AISI 316, Stahlst\u00e4rke: 0,40 mm oder 0,50 mm Verf\u00fcgbare Durchmesser: von \u00d880\/130 bis 2550\/500 Isolierung: Keramikfaser 25 mm, Dichte 98 kg\/m3 Kontinuierliche Kontrolle:Die Schornsteine und &hellip;","og_url":"https:\/\/technometalhellas.gr\/proionta\/systimata-kaminadon\/technotherm\/","og_site_name":"Technometal Hellas","article_modified_time":"2025-12-11T13:58:08+00:00","twitter_card":"summary_large_image","twitter_misc":{"Gesch\u00e4tzte Lesezeit":"2\u00a0Minuten"},"schema":{"@context":"https:\/\/schema.org","@graph":[{"@type":"WebPage","@id":"https:\/\/technometalhellas.gr\/proionta\/systimata-kaminadon\/technotherm\/","url":"https:\/\/technometalhellas.gr\/proionta\/systimata-kaminadon\/technotherm\/","name":"TECHNOTHERM - Technometal Hellas","isPartOf":{"@id":"https:\/\/technometalhellas.gr\/#website"},"datePublished":"2018-12-28T11:08:10+00:00","dateModified":"2025-12-11T13:58:08+00:00","breadcrumb":{"@id":"https:\/\/technometalhellas.gr\/proionta\/systimata-kaminadon\/technotherm\/#breadcrumb"},"inLanguage":"de","potentialAction":[{"@type":"ReadAction","target":["https:\/\/technometalhellas.gr\/proionta\/systimata-kaminadon\/technotherm\/"]}]},{"@type":"BreadcrumbList","@id":"https:\/\/technometalhellas.gr\/proionta\/systimata-kaminadon\/technotherm\/#breadcrumb","itemListElement":[{"@type":"ListItem","position":1,"name":"\u0391\u03c1\u03c7\u03b9\u03ba\u03ae","item":"https:\/\/technometalhellas.gr\/de\/"},{"@type":"ListItem","position":2,"name":"PRODUKTE","item":"https:\/\/technometalhellas.gr\/de\/produkte\/"},{"@type":"ListItem","position":3,"name":"SCHORNSTEINSYSTEME","item":"https:\/\/technometalhellas.gr\/de\/produkte\/schornstein-systeme\/"},{"@type":"ListItem","position":4,"name":"TECHNOTHERM"}]},{"@type":"WebSite","@id":"https:\/\/technometalhellas.gr\/#website","url":"https:\/\/technometalhellas.gr\/","name":"Technometal Hellas","description":"Schornsteine, Luftkan\u00e4le und Metallprodukte","potentialAction":[{"@type":"SearchAction","target":{"@type":"EntryPoint","urlTemplate":"https:\/\/technometalhellas.gr\/?s={search_term_string}"},"query-input":{"@type":"PropertyValueSpecification","valueRequired":true,"valueName":"search_term_string"}}],"inLanguage":"de"}]}},"_links":{"self":[{"href":"https:\/\/technometalhellas.gr\/de\/wp-json\/wp\/v2\/pages\/3318","targetHints":{"allow":["GET"]}}],"collection":[{"href":"https:\/\/technometalhellas.gr\/de\/wp-json\/wp\/v2\/pages"}],"about":[{"href":"https:\/\/technometalhellas.gr\/de\/wp-json\/wp\/v2\/types\/page"}],"author":[{"embeddable":true,"href":"https:\/\/technometalhellas.gr\/de\/wp-json\/wp\/v2\/users\/1"}],"replies":[{"embeddable":true,"href":"https:\/\/technometalhellas.gr\/de\/wp-json\/wp\/v2\/comments?post=3318"}],"version-history":[{"count":10,"href":"https:\/\/technometalhellas.gr\/de\/wp-json\/wp\/v2\/pages\/3318\/revisions"}],"predecessor-version":[{"id":6389,"href":"https:\/\/technometalhellas.gr\/de\/wp-json\/wp\/v2\/pages\/3318\/revisions\/6389"}],"up":[{"embeddable":true,"href":"https:\/\/technometalhellas.gr\/de\/wp-json\/wp\/v2\/pages\/3370"}],"wp:attachment":[{"href":"https:\/\/technometalhellas.gr\/de\/wp-json\/wp\/v2\/media?parent=3318"}],"curies":[{"name":"wp","href":"https:\/\/api.w.org\/{rel}","templated":true}]}}