{"id":3289,"date":"2018-12-28T14:46:47","date_gmt":"2018-12-28T12:46:47","guid":{"rendered":"http:\/\/technometalhellas.gr\/kata-paraggelia\/"},"modified":"2025-11-17T18:19:16","modified_gmt":"2025-11-17T16:19:16","slug":"auf-bestellung","status":"publish","type":"page","link":"https:\/\/technometalhellas.gr\/de\/produkte\/schornstein-systeme\/auf-bestellung\/","title":{"rendered":"NACH BESTELLUNG"},"content":{"rendered":"<div class=\"wpb-content-wrapper\"><p>[vc_row][vc_column][vc_empty_space][vc_custom_heading text=&#8220;SCHORNSTEINSYSTEME NACH BESTELLUNG&#8220; font_container=&#8220;tag:h2|font_size:30|text_align:left|color:%23333333&#8243; google_fonts=&#8220;font_family:Open%20Sans%3A300%2C300italic%2Cregular%2Citalic%2C600%2C600italic%2C700%2C700italic%2C800%2C800italic|font_style:700%20bold%20regular%3A700%3Anormal&#8220;][vc_empty_space height=&#8220;12px&#8220;][vc_separator][vc_column_text]<\/p>\n<p data-start=\"1297\" data-end=\"1442\">Neben unseren Standardproduktlinien entwirft und fertigt unser Unternehmen Produkte, die spezifische Anforderungen f\u00fcr jede Anwendung erf\u00fcllen.<\/p>\n<p data-start=\"1444\" data-end=\"1736\">So haben unsere Kunden die M\u00f6glichkeit, aus einer breiten Palette von Optionen genau die Produkte auszuw\u00e4hlen, die ihnen helfen, die besonderen Anforderungen ihrer Konstruktion leicht zu erf\u00fcllen, sei es ein spezieller Schornstein oder ein anspruchsvolles L\u00fcftungs- oder Klimaanlagensystem.<\/p>\n<p data-start=\"1738\" data-end=\"1845\">Aufgrund der Vielzahl spezialisierter Konstruktionen wird nachfolgend eine beispielhafte Liste angegeben:<\/p>\n<p data-start=\"1847\" data-end=\"2495\">Die \u201eBy Request\u201c-Kollektion umfasst:<br data-start=\"1883\" data-end=\"1886\" \/>Verstellbare Wandhalterungen f\u00fcr gro\u00dfe Abst\u00e4nde<br data-start=\"1933\" data-end=\"1936\" \/>Umwandlung von rechteckigem in runden Kanal<br data-start=\"1979\" data-end=\"1982\" \/>Kegeladapter f\u00fcr Verbindung von einwandig zu doppelwandig, 1 m<br data-start=\"2044\" data-end=\"2047\" \/>Windresistenter Deckel Wings Star<br data-start=\"2080\" data-end=\"2083\" \/>Windresistenter Deckel Conical Pap<br data-start=\"2117\" data-end=\"2120\" \/>Kleine und gro\u00dfe konische Endst\u00fcckverbinder<br data-start=\"2163\" data-end=\"2166\" \/>Pellet-T-St\u00fccke in verschiedenen Winkeln (rechts oder links)<br data-start=\"2226\" data-end=\"2229\" \/>Kegeladapter f\u00fcr m\u00e4nnliche und weibliche Verbindung<br data-start=\"2280\" data-end=\"2283\" \/>Kleine Verbindungsadapter<br data-start=\"2308\" data-end=\"2311\" \/>Dreieckige St\u00fctzbasis 40 cm und 80 cm<br data-start=\"2348\" data-end=\"2351\" \/>\u00d6ffnungsbasis f\u00fcr Endkappe<br data-start=\"2377\" data-end=\"2380\" \/>Gro\u00dfe Endklemmen<br data-start=\"2396\" data-end=\"2399\" \/>Spezielle Spannklemmen<br data-start=\"2421\" data-end=\"2424\" \/>Spezialkomponenten (Kreuze, mehrere Halb-T-St\u00fccke usw.)<br data-start=\"2479\" data-end=\"2482\" \/>Pellet-Kits<\/p>\n<p data-start=\"2497\" data-end=\"2630\" data-is-last-node=\"\" data-is-only-node=\"\">Hergestellt aus einer Vielzahl von Materialien wie nichtmagnetischem Edelstahl AISI 304 oder AISI 316 oder verzinktem Stahl EN 10142.<\/p>\n<p>[\/vc_column_text][\/vc_column][\/vc_row][vc_row][vc_column][vc_custom_heading text=&#8220;NACH BESTELLUNG SAMMLUNG&#8220; font_container=&#8220;tag:h2|font_size:30|text_align:left|color:%23333333&#8243; google_fonts=&#8220;font_family:Open%20Sans%3A300%2C300italic%2Cregular%2Citalic%2C600%2C600italic%2C700%2C700italic%2C800%2C800italic|font_style:700%20bold%20regular%3A700%3Anormal&#8220;][vc_separator][vc_media_grid grid_id=&#8220;vc_gid:1763395609574-1c81a91e-fd6e-3&#8243; include=&#8220;6718,6724,6727,6730,6733,6736,6739,6742,6745,6748,6751,6754,6757,6760,6763,6766,6769,6772,6775,6778,6781,6784,6787,6790,6793,6799,6808,6814,6820,7467,7470,7473,7476&#8243;][\/vc_column][\/vc_row]<\/p>\n<\/div>","protected":false},"excerpt":{"rendered":"<p>[vc_row][vc_column][vc_empty_space][vc_custom_heading text=&#8220;SCHORNSTEINSYSTEME NACH BESTELLUNG&#8220; font_container=&#8220;tag:h2|font_size:30|text_align:left|color:%23333333&#8243; google_fonts=&#8220;font_family:Open%20Sans%3A300%2C300italic%2Cregular%2Citalic%2C600%2C600italic%2C700%2C700italic%2C800%2C800italic|font_style:700%20bold%20regular%3A700%3Anormal&#8220;][vc_empty_space height=&#8220;12px&#8220;][vc_separator][vc_column_text] Neben unseren Standardproduktlinien entwirft und fertigt unser Unternehmen Produkte, die spezifische Anforderungen f\u00fcr jede Anwendung erf\u00fcllen. So haben unsere Kunden die M\u00f6glichkeit, aus einer breiten Palette von Optionen genau die Produkte auszuw\u00e4hlen, die &hellip;<\/p>\n","protected":false},"author":1,"featured_media":0,"parent":3370,"menu_order":0,"comment_status":"closed","ping_status":"closed","template":"","meta":{"footnotes":""},"class_list":["post-3289","page","type-page","status-publish","hentry"],"yoast_head":"<title>NACH BESTELLUNG - Technometal Hellas<\/title>\n<meta name=\"robots\" content=\"index, follow, max-snippet:-1, max-image-preview:large, max-video-preview:-1\" \/>\n<link rel=\"canonical\" href=\"https:\/\/technometalhellas.gr\/de\/produkte\/schornstein-systeme\/auf-bestellung\/\" \/>\n<meta property=\"og:locale\" content=\"de_DE\" \/>\n<meta property=\"og:type\" content=\"article\" \/>\n<meta property=\"og:title\" content=\"NACH BESTELLUNG - Technometal Hellas\" \/>\n<meta property=\"og:description\" content=\"[vc_row][vc_column][vc_empty_space][vc_custom_heading text=&#8220;SCHORNSTEINSYSTEME NACH BESTELLUNG&#8220; font_container=&#8220;tag:h2|font_size:30|text_align:left|color:%23333333&#8243; google_fonts=&#8220;font_family:Open%20Sans%3A300%2C300italic%2Cregular%2Citalic%2C600%2C600italic%2C700%2C700italic%2C800%2C800italic|font_style:700%20bold%20regular%3A700%3Anormal&#8220;][vc_empty_space height=&#8220;12px&#8220;][vc_separator][vc_column_text] Neben unseren Standardproduktlinien entwirft und fertigt unser Unternehmen Produkte, die spezifische Anforderungen f\u00fcr jede Anwendung erf\u00fcllen. So haben unsere Kunden die M\u00f6glichkeit, aus einer breiten Palette von Optionen genau die Produkte auszuw\u00e4hlen, die &hellip;\" \/>\n<meta property=\"og:url\" content=\"https:\/\/technometalhellas.gr\/de\/produkte\/schornstein-systeme\/auf-bestellung\/\" \/>\n<meta property=\"og:site_name\" content=\"Technometal Hellas\" \/>\n<meta property=\"article:modified_time\" content=\"2025-11-17T16:19:16+00:00\" \/>\n<meta name=\"twitter:card\" content=\"summary_large_image\" \/>\n<meta name=\"twitter:label1\" content=\"Gesch\u00e4tzte Lesezeit\" \/>\n\t<meta name=\"twitter:data1\" content=\"1\u00a0Minute\" \/>\n<script type=\"application\/ld+json\" class=\"yoast-schema-graph\">{\"@context\":\"https:\\\/\\\/schema.org\",\"@graph\":[{\"@type\":\"WebPage\",\"@id\":\"https:\\\/\\\/technometalhellas.gr\\\/de\\\/produkte\\\/schornstein-systeme\\\/auf-bestellung\\\/\",\"url\":\"https:\\\/\\\/technometalhellas.gr\\\/de\\\/produkte\\\/schornstein-systeme\\\/auf-bestellung\\\/\",\"name\":\"NACH BESTELLUNG - Technometal Hellas\",\"isPartOf\":{\"@id\":\"https:\\\/\\\/technometalhellas.gr\\\/#website\"},\"datePublished\":\"2018-12-28T12:46:47+00:00\",\"dateModified\":\"2025-11-17T16:19:16+00:00\",\"breadcrumb\":{\"@id\":\"https:\\\/\\\/technometalhellas.gr\\\/de\\\/produkte\\\/schornstein-systeme\\\/auf-bestellung\\\/#breadcrumb\"},\"inLanguage\":\"de\",\"potentialAction\":[{\"@type\":\"ReadAction\",\"target\":[\"https:\\\/\\\/technometalhellas.gr\\\/de\\\/produkte\\\/schornstein-systeme\\\/auf-bestellung\\\/\"]}]},{\"@type\":\"BreadcrumbList\",\"@id\":\"https:\\\/\\\/technometalhellas.gr\\\/de\\\/produkte\\\/schornstein-systeme\\\/auf-bestellung\\\/#breadcrumb\",\"itemListElement\":[{\"@type\":\"ListItem\",\"position\":1,\"name\":\"\u0391\u03c1\u03c7\u03b9\u03ba\u03ae\",\"item\":\"https:\\\/\\\/technometalhellas.gr\\\/de\\\/\"},{\"@type\":\"ListItem\",\"position\":2,\"name\":\"PRODUKTE\",\"item\":\"https:\\\/\\\/technometalhellas.gr\\\/de\\\/produkte\\\/\"},{\"@type\":\"ListItem\",\"position\":3,\"name\":\"SCHORNSTEINSYSTEME\",\"item\":\"https:\\\/\\\/technometalhellas.gr\\\/de\\\/produkte\\\/schornstein-systeme\\\/\"},{\"@type\":\"ListItem\",\"position\":4,\"name\":\"NACH BESTELLUNG\"}]},{\"@type\":\"WebSite\",\"@id\":\"https:\\\/\\\/technometalhellas.gr\\\/#website\",\"url\":\"https:\\\/\\\/technometalhellas.gr\\\/\",\"name\":\"Technometal Hellas\",\"description\":\"Schornsteine, Luftkan\u00e4le und Metallprodukte\",\"potentialAction\":[{\"@type\":\"SearchAction\",\"target\":{\"@type\":\"EntryPoint\",\"urlTemplate\":\"https:\\\/\\\/technometalhellas.gr\\\/?s={search_term_string}\"},\"query-input\":{\"@type\":\"PropertyValueSpecification\",\"valueRequired\":true,\"valueName\":\"search_term_string\"}}],\"inLanguage\":\"de\"}]}<\/script>","yoast_head_json":{"title":"NACH BESTELLUNG - Technometal Hellas","robots":{"index":"index","follow":"follow","max-snippet":"max-snippet:-1","max-image-preview":"max-image-preview:large","max-video-preview":"max-video-preview:-1"},"canonical":"https:\/\/technometalhellas.gr\/de\/produkte\/schornstein-systeme\/auf-bestellung\/","og_locale":"de_DE","og_type":"article","og_title":"NACH BESTELLUNG - Technometal Hellas","og_description":"[vc_row][vc_column][vc_empty_space][vc_custom_heading text=&#8220;SCHORNSTEINSYSTEME NACH BESTELLUNG&#8220; font_container=&#8220;tag:h2|font_size:30|text_align:left|color:%23333333&#8243; google_fonts=&#8220;font_family:Open%20Sans%3A300%2C300italic%2Cregular%2Citalic%2C600%2C600italic%2C700%2C700italic%2C800%2C800italic|font_style:700%20bold%20regular%3A700%3Anormal&#8220;][vc_empty_space height=&#8220;12px&#8220;][vc_separator][vc_column_text] Neben unseren Standardproduktlinien entwirft und fertigt unser Unternehmen Produkte, die spezifische Anforderungen f\u00fcr jede Anwendung erf\u00fcllen. So haben unsere Kunden die M\u00f6glichkeit, aus einer breiten Palette von Optionen genau die Produkte auszuw\u00e4hlen, die &hellip;","og_url":"https:\/\/technometalhellas.gr\/de\/produkte\/schornstein-systeme\/auf-bestellung\/","og_site_name":"Technometal Hellas","article_modified_time":"2025-11-17T16:19:16+00:00","twitter_card":"summary_large_image","twitter_misc":{"Gesch\u00e4tzte Lesezeit":"1\u00a0Minute"},"schema":{"@context":"https:\/\/schema.org","@graph":[{"@type":"WebPage","@id":"https:\/\/technometalhellas.gr\/de\/produkte\/schornstein-systeme\/auf-bestellung\/","url":"https:\/\/technometalhellas.gr\/de\/produkte\/schornstein-systeme\/auf-bestellung\/","name":"NACH BESTELLUNG - Technometal Hellas","isPartOf":{"@id":"https:\/\/technometalhellas.gr\/#website"},"datePublished":"2018-12-28T12:46:47+00:00","dateModified":"2025-11-17T16:19:16+00:00","breadcrumb":{"@id":"https:\/\/technometalhellas.gr\/de\/produkte\/schornstein-systeme\/auf-bestellung\/#breadcrumb"},"inLanguage":"de","potentialAction":[{"@type":"ReadAction","target":["https:\/\/technometalhellas.gr\/de\/produkte\/schornstein-systeme\/auf-bestellung\/"]}]},{"@type":"BreadcrumbList","@id":"https:\/\/technometalhellas.gr\/de\/produkte\/schornstein-systeme\/auf-bestellung\/#breadcrumb","itemListElement":[{"@type":"ListItem","position":1,"name":"\u0391\u03c1\u03c7\u03b9\u03ba\u03ae","item":"https:\/\/technometalhellas.gr\/de\/"},{"@type":"ListItem","position":2,"name":"PRODUKTE","item":"https:\/\/technometalhellas.gr\/de\/produkte\/"},{"@type":"ListItem","position":3,"name":"SCHORNSTEINSYSTEME","item":"https:\/\/technometalhellas.gr\/de\/produkte\/schornstein-systeme\/"},{"@type":"ListItem","position":4,"name":"NACH BESTELLUNG"}]},{"@type":"WebSite","@id":"https:\/\/technometalhellas.gr\/#website","url":"https:\/\/technometalhellas.gr\/","name":"Technometal Hellas","description":"Schornsteine, Luftkan\u00e4le und Metallprodukte","potentialAction":[{"@type":"SearchAction","target":{"@type":"EntryPoint","urlTemplate":"https:\/\/technometalhellas.gr\/?s={search_term_string}"},"query-input":{"@type":"PropertyValueSpecification","valueRequired":true,"valueName":"search_term_string"}}],"inLanguage":"de"}]}},"_links":{"self":[{"href":"https:\/\/technometalhellas.gr\/de\/wp-json\/wp\/v2\/pages\/3289","targetHints":{"allow":["GET"]}}],"collection":[{"href":"https:\/\/technometalhellas.gr\/de\/wp-json\/wp\/v2\/pages"}],"about":[{"href":"https:\/\/technometalhellas.gr\/de\/wp-json\/wp\/v2\/types\/page"}],"author":[{"embeddable":true,"href":"https:\/\/technometalhellas.gr\/de\/wp-json\/wp\/v2\/users\/1"}],"replies":[{"embeddable":true,"href":"https:\/\/technometalhellas.gr\/de\/wp-json\/wp\/v2\/comments?post=3289"}],"version-history":[{"count":8,"href":"https:\/\/technometalhellas.gr\/de\/wp-json\/wp\/v2\/pages\/3289\/revisions"}],"predecessor-version":[{"id":6828,"href":"https:\/\/technometalhellas.gr\/de\/wp-json\/wp\/v2\/pages\/3289\/revisions\/6828"}],"up":[{"embeddable":true,"href":"https:\/\/technometalhellas.gr\/de\/wp-json\/wp\/v2\/pages\/3370"}],"wp:attachment":[{"href":"https:\/\/technometalhellas.gr\/de\/wp-json\/wp\/v2\/media?parent=3289"}],"curies":[{"name":"wp","href":"https:\/\/api.w.org\/{rel}","templated":true}]}}