{"id":3287,"date":"2019-01-07T12:37:21","date_gmt":"2019-01-07T10:37:21","guid":{"rendered":"http:\/\/technometalhellas.gr\/ydraulika-systimata\/"},"modified":"2025-12-02T13:37:03","modified_gmt":"2025-12-02T11:37:03","slug":"wasserverteilungsschraenke","status":"publish","type":"page","link":"https:\/\/technometalhellas.gr\/de\/produkte\/wasserverteilungsschraenke\/","title":{"rendered":"WASSERVERTEILUNGSSCHR\u00c4NKE"},"content":{"rendered":"<div class=\"wpb-content-wrapper\"><p>[vc_row][vc_column][vc_empty_space][vc_column_text]<\/p>\n<h1 style=\"text-align: center;\">HYDRAULIKSYSTEME<\/h1>\n<p>[\/vc_column_text][\/vc_column][\/vc_row][vc_row][vc_column]<div class=\"gallery-fs\"><figure><img decoding=\"async\" src=\"https:\/\/technometalhellas.gr\/wp-content\/uploads\/2019\/01\/floor-heating1.jpg\" alt=\"\"><figcaption><\/figcaption><\/figure><div class=\"gallery-fs-nav\"><button class=\"gallery-fs-fullscreen\"><i class=\"fa fa-arrows-alt\"><\/i><\/button><\/div><div class=\"gallery-fs-thumbnails gallery-fs-thumbnails-col-5 owl-carousel\"><a href='https:\/\/technometalhellas.gr\/wp-content\/uploads\/2019\/01\/floor-heating1.jpg' data-caption='' title='' class=\"selected\"><img loading=\"lazy\" decoding=\"async\" width=\"280\" height=\"210\" src=\"https:\/\/technometalhellas.gr\/wp-content\/uploads\/2019\/01\/floor-heating1-280x210.jpg\" class=\"attachment-anps-gallery-thumb size-anps-gallery-thumb\" alt=\"\" \/><\/a><a href='https:\/\/technometalhellas.gr\/wp-content\/uploads\/2019\/01\/hy-we-cp21.jpg' data-caption='' title=''><img loading=\"lazy\" decoding=\"async\" width=\"280\" height=\"210\" src=\"https:\/\/technometalhellas.gr\/wp-content\/uploads\/2019\/01\/hy-we-cp21-280x210.jpg\" class=\"attachment-anps-gallery-thumb size-anps-gallery-thumb\" alt=\"\" \/><\/a><a href='https:\/\/technometalhellas.gr\/wp-content\/uploads\/2019\/01\/hy-uf-cp31.jpg' data-caption='' title=''><img loading=\"lazy\" decoding=\"async\" width=\"280\" height=\"210\" src=\"https:\/\/technometalhellas.gr\/wp-content\/uploads\/2019\/01\/hy-uf-cp31-280x210.jpg\" class=\"attachment-anps-gallery-thumb size-anps-gallery-thumb\" alt=\"\" \/><\/a><a href='https:\/\/technometalhellas.gr\/wp-content\/uploads\/2019\/01\/hydra-box31.jpg' data-caption='' title=''><img loading=\"lazy\" decoding=\"async\" width=\"280\" height=\"210\" src=\"https:\/\/technometalhellas.gr\/wp-content\/uploads\/2019\/01\/hydra-box31-280x210.jpg\" class=\"attachment-anps-gallery-thumb size-anps-gallery-thumb\" alt=\"\" \/><\/a><a href='https:\/\/technometalhellas.gr\/wp-content\/uploads\/2019\/01\/hy-uf-cp21.jpg' data-caption='' title=''><img loading=\"lazy\" decoding=\"async\" width=\"280\" height=\"210\" src=\"https:\/\/technometalhellas.gr\/wp-content\/uploads\/2019\/01\/hy-uf-cp21-280x210.jpg\" class=\"attachment-anps-gallery-thumb size-anps-gallery-thumb\" alt=\"\" \/><\/a><a href='https:\/\/technometalhellas.gr\/wp-content\/uploads\/2019\/01\/hy-uf-cp1.jpg' data-caption='' title=''><img loading=\"lazy\" decoding=\"async\" width=\"280\" height=\"210\" src=\"https:\/\/technometalhellas.gr\/wp-content\/uploads\/2019\/01\/hy-uf-cp1-280x210.jpg\" class=\"attachment-anps-gallery-thumb size-anps-gallery-thumb\" alt=\"\" \/><\/a><a href='https:\/\/technometalhellas.gr\/wp-content\/uploads\/2019\/01\/brackets.jpg' data-caption='' title=''><img loading=\"lazy\" decoding=\"async\" width=\"280\" height=\"210\" src=\"https:\/\/technometalhellas.gr\/wp-content\/uploads\/2019\/01\/brackets-280x210.jpg\" class=\"attachment-anps-gallery-thumb size-anps-gallery-thumb\" alt=\"\" \/><\/a><a href='https:\/\/technometalhellas.gr\/wp-content\/uploads\/2019\/01\/hy-we-cp41.jpg' data-caption='' title=''><img loading=\"lazy\" decoding=\"async\" width=\"280\" height=\"210\" src=\"https:\/\/technometalhellas.gr\/wp-content\/uploads\/2019\/01\/hy-we-cp41-280x210.jpg\" class=\"attachment-anps-gallery-thumb size-anps-gallery-thumb\" alt=\"\" \/><\/a><a href='https:\/\/technometalhellas.gr\/wp-content\/uploads\/2019\/01\/hy-we-cp31.jpg' data-caption='' title=''><img loading=\"lazy\" decoding=\"async\" width=\"280\" height=\"210\" src=\"https:\/\/technometalhellas.gr\/wp-content\/uploads\/2019\/01\/hy-we-cp31-280x210.jpg\" class=\"attachment-anps-gallery-thumb size-anps-gallery-thumb\" alt=\"\" \/><\/a><a href='https:\/\/technometalhellas.gr\/wp-content\/uploads\/2019\/01\/hy-we-cp1.jpg' data-caption='' title=''><img loading=\"lazy\" decoding=\"async\" width=\"280\" height=\"210\" src=\"https:\/\/technometalhellas.gr\/wp-content\/uploads\/2019\/01\/hy-we-cp1-280x210.jpg\" class=\"attachment-anps-gallery-thumb size-anps-gallery-thumb\" alt=\"\" \/><\/a><\/div><\/div>[vc_empty_space][vc_column_text]<\/p>\n<article class=\"text-token-text-primary w-full focus:outline-none [--shadow-height:45px] has-data-writing-block:pointer-events-none has-data-writing-block:-mt-(--shadow-height) has-data-writing-block:pt-(--shadow-height) [&amp;:has([data-writing-block])&gt;*]:pointer-events-auto [content-visibility:auto] supports-[content-visibility:auto]:[contain-intrinsic-size:auto_100lvh] scroll-mt-[calc(var(--header-height)+min(200px,max(70px,20svh)))]\" dir=\"auto\" tabindex=\"-1\" data-turn-id=\"request-69199a8f-4ed0-8328-a492-b790adcf5bff-20\" data-testid=\"conversation-turn-102\" data-scroll-anchor=\"true\" data-turn=\"assistant\">\n<div class=\"text-base my-auto mx-auto pb-10 [--thread-content-margin:--spacing(4)] thread-sm:[--thread-content-margin:--spacing(6)] thread-lg:[--thread-content-margin:--spacing(16)] px-(--thread-content-margin)\">\n<div class=\"[--thread-content-max-width:40rem] thread-lg:[--thread-content-max-width:48rem] mx-auto max-w-(--thread-content-max-width) flex-1 group\/turn-messages focus-visible:outline-hidden relative flex w-full min-w-0 flex-col agent-turn\" tabindex=\"-1\">\n<div class=\"flex max-w-full flex-col grow\">\n<div class=\"min-h-8 text-message relative flex w-full flex-col items-end gap-2 text-start break-words whitespace-normal [.text-message+&amp;]:mt-1\" dir=\"auto\" data-message-author-role=\"assistant\" data-message-id=\"40b978ec-f205-4ce1-90a6-cb3f340078d2\" data-message-model-slug=\"gpt-5-mini\">\n<div class=\"flex w-full flex-col gap-1 empty:hidden first:pt-[1px]\">\n<div class=\"markdown prose dark:prose-invert w-full break-words light markdown-new-styling\">\n<p data-start=\"237\" data-end=\"367\" data-is-last-node=\"\" data-is-only-node=\"\">Technometal Hellas stellt Fu\u00dfbodenheizungs-Verteiler, Wasserentnahme-Verteiler sowie Zubeh\u00f6r daf\u00fcr her.<\/p>\n<\/div>\n<\/div>\n<\/div>\n<\/div>\n<\/div>\n<\/div>\n<\/article>\n<p>[\/vc_column_text][\/vc_column][\/vc_row][vc_row][vc_column width=&#8220;1\/3&#8243;][vc_single_image image=&#8220;5206&#8243; img_size=&#8220;300&#215;175&#8243; alignment=&#8220;center&#8220; onclick=&#8220;custom_link&#8220;][vc_cta h2=&#8220;Fu\u00dfbodenheizungs-Verteiler&#8220; txt_align=&#8220;center&#8220; shape=&#8220;square&#8220; style=&#8220;outline&#8220; color=&#8220;juicy-pink&#8220; add_button=&#8220;bottom&#8220; btn_title=&#8220;MEHR ANSEHEN&#8220; btn_style=&#8220;outline&#8220; btn_color=&#8220;primary&#8220; btn_align=&#8220;center&#8220; btn_link=&#8220;url:http%3A%2F%2Ftechnometalhellas.gr%2Fde%2Fprodukte%2Fwasserverteilungsschraenke%2Fverteilerschrank-fuer-fussbodenheizung%2F|title:HEIZUNGSVERTEILER%20%28FU%C3%9FBODENHEIZUNG%29|&#8220;]Die Innovation des Fu\u00dfbodenheizungs-Verteilers besteht darin, dass er in H\u00f6he und Tiefe sowohl des Hauptk\u00f6rpers als auch der Sammlerhalterungen vollst\u00e4ndig verstellbar ist.[\/vc_cta][\/vc_column][vc_column width=&#8220;1\/3&#8243;][vc_single_image image=&#8220;5209&#8243; img_size=&#8220;300&#215;175&#8243; alignment=&#8220;center&#8220; onclick=&#8220;custom_link&#8220;][vc_cta h2=&#8220;Wasserentnahme-Verteiler&#8220; txt_align=&#8220;center&#8220; shape=&#8220;square&#8220; style=&#8220;outline&#8220; color=&#8220;juicy-pink&#8220; add_button=&#8220;bottom&#8220; btn_title=&#8220;MEHR ANSEHEN&#8220; btn_style=&#8220;outline&#8220; btn_color=&#8220;primary&#8220; btn_align=&#8220;center&#8220; btn_link=&#8220;url:http%3A%2F%2Ftechnometalhellas.gr%2Fde%2Fprodukte%2Fwasserverteilungsschraenke%2Fwasserverteilung-schraenke%2F|title:WASSERENTNAHME-TAFELN|&#8220;]<\/p>\n<article class=\"text-token-text-primary w-full focus:outline-none [--shadow-height:45px] has-data-writing-block:pointer-events-none has-data-writing-block:-mt-(--shadow-height) has-data-writing-block:pt-(--shadow-height) [&amp;:has([data-writing-block])&gt;*]:pointer-events-auto [content-visibility:auto] supports-[content-visibility:auto]:[contain-intrinsic-size:auto_100lvh] scroll-mt-[calc(var(--header-height)+min(200px,max(70px,20svh)))]\" dir=\"auto\" tabindex=\"-1\" data-turn-id=\"request-69199a8f-4ed0-8328-a492-b790adcf5bff-24\" data-testid=\"conversation-turn-110\" data-scroll-anchor=\"true\" data-turn=\"assistant\">\n<div class=\"text-base my-auto mx-auto pb-10 [--thread-content-margin:--spacing(4)] thread-sm:[--thread-content-margin:--spacing(6)] thread-lg:[--thread-content-margin:--spacing(16)] px-(--thread-content-margin)\">\n<div class=\"[--thread-content-max-width:40rem] thread-lg:[--thread-content-max-width:48rem] mx-auto max-w-(--thread-content-max-width) flex-1 group\/turn-messages focus-visible:outline-hidden relative flex w-full min-w-0 flex-col agent-turn\" tabindex=\"-1\">\n<div class=\"flex max-w-full flex-col grow\">\n<div class=\"min-h-8 text-message relative flex w-full flex-col items-end gap-2 text-start break-words whitespace-normal [.text-message+&amp;]:mt-1\" dir=\"auto\" data-message-author-role=\"assistant\" data-message-id=\"84c678c2-2551-4b7f-8ac1-df1c9bf7069d\" data-message-model-slug=\"gpt-5-mini\">\n<div class=\"flex w-full flex-col gap-1 empty:hidden first:pt-[1px]\">\n<div class=\"markdown prose dark:prose-invert w-full break-words light markdown-new-styling\">\n<p data-start=\"299\" data-end=\"515\" data-is-last-node=\"\" data-is-only-node=\"\">Sie werden aus verzinktem Stahl EN10142 mit einer St\u00e4rke von 0,70 mm und 0,80 mm hergestellt und komplett mit den Sammlerhalterungen (2,00 mm stark) sowie der T\u00fcr (wei\u00df RAL 9010) geliefert.<\/p>\n<\/div>\n<\/div>\n<\/div>\n<\/div>\n<div class=\"z-0 flex min-h-[46px] justify-start\"><\/div>\n<\/div>\n<\/div>\n<\/article>\n<p>[\/vc_cta][\/vc_column][vc_column width=&#8220;1\/3&#8243;][vc_single_image image=&#8220;7733&#8243; img_size=&#8220;300&#215;175&#8243; alignment=&#8220;center&#8220; onclick=&#8220;custom_link&#8220;][vc_cta h2=&#8220;Wandhalterungen \u2013 Spannb\u00e4nder&#8220; txt_align=&#8220;center&#8220; shape=&#8220;square&#8220; style=&#8220;outline&#8220; color=&#8220;juicy-pink&#8220; add_button=&#8220;bottom&#8220; btn_title=&#8220;MEHR ANSEHEN&#8220; btn_style=&#8220;outline&#8220; btn_color=&#8220;primary&#8220; btn_align=&#8220;center&#8220; btn_link=&#8220;url:http%3A%2F%2Ftechnometalhellas.gr%2Fde%2Fprodukte%2Fwasserverteilungsschraenke%2Fwandhalterungen%2F|title:WANDGRIFFE%20%E2%80%93%20B%C3%84NDER|&#8220;]<\/p>\n<article class=\"text-token-text-primary w-full focus:outline-none [--shadow-height:45px] has-data-writing-block:pointer-events-none has-data-writing-block:-mt-(--shadow-height) has-data-writing-block:pt-(--shadow-height) [&amp;:has([data-writing-block])&gt;*]:pointer-events-auto [content-visibility:auto] supports-[content-visibility:auto]:[contain-intrinsic-size:auto_100lvh] scroll-mt-[calc(var(--header-height)+min(200px,max(70px,20svh)))]\" dir=\"auto\" tabindex=\"-1\" data-turn-id=\"request-69199a8f-4ed0-8328-a492-b790adcf5bff-27\" data-testid=\"conversation-turn-116\" data-scroll-anchor=\"true\" data-turn=\"assistant\">\n<div class=\"text-base my-auto mx-auto pb-10 [--thread-content-margin:--spacing(4)] thread-sm:[--thread-content-margin:--spacing(6)] thread-lg:[--thread-content-margin:--spacing(16)] px-(--thread-content-margin)\">\n<div class=\"[--thread-content-max-width:40rem] thread-lg:[--thread-content-max-width:48rem] mx-auto max-w-(--thread-content-max-width) flex-1 group\/turn-messages focus-visible:outline-hidden relative flex w-full min-w-0 flex-col agent-turn\" tabindex=\"-1\">\n<div class=\"flex max-w-full flex-col grow\">\n<div class=\"min-h-8 text-message relative flex w-full flex-col items-end gap-2 text-start break-words whitespace-normal [.text-message+&amp;]:mt-1\" dir=\"auto\" data-message-author-role=\"assistant\" data-message-id=\"815e8e88-6213-4cc3-a0fe-45a60bfd7cf8\" data-message-model-slug=\"gpt-5-mini\">\n<div class=\"flex w-full flex-col gap-1 empty:hidden first:pt-[1px]\">\n<div class=\"markdown prose dark:prose-invert w-full break-words light markdown-new-styling\">\n<p data-start=\"319\" data-end=\"558\" data-is-last-node=\"\" data-is-only-node=\"\">Wandhalterungen zur Unterst\u00fctzung des KOLLEKTORS aus verzinktem Stahl EN 10142.<br \/>\nSpannb\u00e4nder aus verzinktem Stahl EN 10142 zur Befestigung von Schornsteinen sowie sanit\u00e4r- und elektrotechnischen Installationen.<\/p>\n<\/div>\n<\/div>\n<\/div>\n<\/div>\n<\/div>\n<\/div>\n<\/article>\n<p>[\/vc_cta][\/vc_column][\/vc_row]<\/p>\n<\/div>","protected":false},"excerpt":{"rendered":"<p>[vc_row][vc_column][vc_empty_space][vc_column_text] HYDRAULIKSYSTEME [\/vc_column_text][\/vc_column][\/vc_row][vc_row][vc_column][vc_empty_space][vc_column_text] Technometal Hellas stellt Fu\u00dfbodenheizungs-Verteiler, Wasserentnahme-Verteiler sowie Zubeh\u00f6r daf\u00fcr her. [\/vc_column_text][\/vc_column][\/vc_row][vc_row][vc_column width=&#8220;1\/3&#8243;][vc_single_image image=&#8220;5206&#8243; img_size=&#8220;300&#215;175&#8243; alignment=&#8220;center&#8220; onclick=&#8220;custom_link&#8220;][vc_cta h2=&#8220;Fu\u00dfbodenheizungs-Verteiler&#8220; txt_align=&#8220;center&#8220; shape=&#8220;square&#8220; style=&#8220;outline&#8220; color=&#8220;juicy-pink&#8220; add_button=&#8220;bottom&#8220; btn_title=&#8220;MEHR ANSEHEN&#8220; btn_style=&#8220;outline&#8220; btn_color=&#8220;primary&#8220; btn_align=&#8220;center&#8220; btn_link=&#8220;url:http%3A%2F%2Ftechnometalhellas.gr%2Fde%2Fprodukte%2Fwasserverteilungsschraenke%2Fverteilerschrank-fuer-fussbodenheizung%2F|title:HEIZUNGSVERTEILER%20%28FU%C3%9FBODENHEIZUNG%29|&#8220;]Die Innovation des Fu\u00dfbodenheizungs-Verteilers besteht darin, dass er in H\u00f6he und &hellip;<\/p>\n","protected":false},"author":1,"featured_media":0,"parent":3382,"menu_order":0,"comment_status":"closed","ping_status":"closed","template":"","meta":{"footnotes":""},"class_list":["post-3287","page","type-page","status-publish","hentry"],"yoast_head":"<title>WASSERVERTEILUNGSSCHR\u00c4NKE - Technometal Hellas<\/title>\n<meta name=\"robots\" content=\"index, follow, max-snippet:-1, max-image-preview:large, max-video-preview:-1\" \/>\n<link rel=\"canonical\" href=\"https:\/\/technometalhellas.gr\/de\/produkte\/wasserverteilungsschraenke\/\" \/>\n<meta property=\"og:locale\" content=\"de_DE\" \/>\n<meta property=\"og:type\" content=\"article\" \/>\n<meta property=\"og:title\" content=\"WASSERVERTEILUNGSSCHR\u00c4NKE - Technometal Hellas\" \/>\n<meta property=\"og:description\" content=\"[vc_row][vc_column][vc_empty_space][vc_column_text] HYDRAULIKSYSTEME [\/vc_column_text][\/vc_column][\/vc_row][vc_row][vc_column][vc_empty_space][vc_column_text] Technometal Hellas stellt Fu\u00dfbodenheizungs-Verteiler, Wasserentnahme-Verteiler sowie Zubeh\u00f6r daf\u00fcr her. [\/vc_column_text][\/vc_column][\/vc_row][vc_row][vc_column width=&#8220;1\/3&#8243;][vc_single_image image=&#8220;5206&#8243; img_size=&#8220;300&#215;175&#8243; alignment=&#8220;center&#8220; onclick=&#8220;custom_link&#8220;][vc_cta h2=&#8220;Fu\u00dfbodenheizungs-Verteiler&#8220; txt_align=&#8220;center&#8220; shape=&#8220;square&#8220; style=&#8220;outline&#8220; color=&#8220;juicy-pink&#8220; add_button=&#8220;bottom&#8220; btn_title=&#8220;MEHR ANSEHEN&#8220; btn_style=&#8220;outline&#8220; btn_color=&#8220;primary&#8220; btn_align=&#8220;center&#8220; btn_link=&#8220;url:http%3A%2F%2Ftechnometalhellas.gr%2Fde%2Fprodukte%2Fwasserverteilungsschraenke%2Fverteilerschrank-fuer-fussbodenheizung%2F|title:HEIZUNGSVERTEILER%20%28FU%C3%9FBODENHEIZUNG%29|&#8220;]Die Innovation des Fu\u00dfbodenheizungs-Verteilers besteht darin, dass er in H\u00f6he und &hellip;\" \/>\n<meta property=\"og:url\" content=\"https:\/\/technometalhellas.gr\/de\/produkte\/wasserverteilungsschraenke\/\" \/>\n<meta property=\"og:site_name\" content=\"Technometal Hellas\" \/>\n<meta property=\"article:modified_time\" content=\"2025-12-02T11:37:03+00:00\" \/>\n<meta name=\"twitter:card\" content=\"summary_large_image\" \/>\n<meta name=\"twitter:label1\" content=\"Gesch\u00e4tzte Lesezeit\" \/>\n\t<meta name=\"twitter:data1\" content=\"2\u00a0Minuten\" \/>\n<script type=\"application\/ld+json\" class=\"yoast-schema-graph\">{\"@context\":\"https:\\\/\\\/schema.org\",\"@graph\":[{\"@type\":\"WebPage\",\"@id\":\"https:\\\/\\\/technometalhellas.gr\\\/de\\\/produkte\\\/wasserverteilungsschraenke\\\/\",\"url\":\"https:\\\/\\\/technometalhellas.gr\\\/de\\\/produkte\\\/wasserverteilungsschraenke\\\/\",\"name\":\"WASSERVERTEILUNGSSCHR\u00c4NKE - Technometal Hellas\",\"isPartOf\":{\"@id\":\"https:\\\/\\\/technometalhellas.gr\\\/#website\"},\"datePublished\":\"2019-01-07T10:37:21+00:00\",\"dateModified\":\"2025-12-02T11:37:03+00:00\",\"breadcrumb\":{\"@id\":\"https:\\\/\\\/technometalhellas.gr\\\/de\\\/produkte\\\/wasserverteilungsschraenke\\\/#breadcrumb\"},\"inLanguage\":\"de\",\"potentialAction\":[{\"@type\":\"ReadAction\",\"target\":[\"https:\\\/\\\/technometalhellas.gr\\\/de\\\/produkte\\\/wasserverteilungsschraenke\\\/\"]}]},{\"@type\":\"BreadcrumbList\",\"@id\":\"https:\\\/\\\/technometalhellas.gr\\\/de\\\/produkte\\\/wasserverteilungsschraenke\\\/#breadcrumb\",\"itemListElement\":[{\"@type\":\"ListItem\",\"position\":1,\"name\":\"\u0391\u03c1\u03c7\u03b9\u03ba\u03ae\",\"item\":\"https:\\\/\\\/technometalhellas.gr\\\/de\\\/\"},{\"@type\":\"ListItem\",\"position\":2,\"name\":\"PRODUKTE\",\"item\":\"https:\\\/\\\/technometalhellas.gr\\\/de\\\/produkte\\\/\"},{\"@type\":\"ListItem\",\"position\":3,\"name\":\"WASSERVERTEILUNGSSCHR\u00c4NKE\"}]},{\"@type\":\"WebSite\",\"@id\":\"https:\\\/\\\/technometalhellas.gr\\\/#website\",\"url\":\"https:\\\/\\\/technometalhellas.gr\\\/\",\"name\":\"Technometal Hellas\",\"description\":\"Schornsteine, Luftkan\u00e4le und Metallprodukte\",\"potentialAction\":[{\"@type\":\"SearchAction\",\"target\":{\"@type\":\"EntryPoint\",\"urlTemplate\":\"https:\\\/\\\/technometalhellas.gr\\\/?s={search_term_string}\"},\"query-input\":{\"@type\":\"PropertyValueSpecification\",\"valueRequired\":true,\"valueName\":\"search_term_string\"}}],\"inLanguage\":\"de\"}]}<\/script>","yoast_head_json":{"title":"WASSERVERTEILUNGSSCHR\u00c4NKE - Technometal Hellas","robots":{"index":"index","follow":"follow","max-snippet":"max-snippet:-1","max-image-preview":"max-image-preview:large","max-video-preview":"max-video-preview:-1"},"canonical":"https:\/\/technometalhellas.gr\/de\/produkte\/wasserverteilungsschraenke\/","og_locale":"de_DE","og_type":"article","og_title":"WASSERVERTEILUNGSSCHR\u00c4NKE - Technometal Hellas","og_description":"[vc_row][vc_column][vc_empty_space][vc_column_text] HYDRAULIKSYSTEME [\/vc_column_text][\/vc_column][\/vc_row][vc_row][vc_column][vc_empty_space][vc_column_text] Technometal Hellas stellt Fu\u00dfbodenheizungs-Verteiler, Wasserentnahme-Verteiler sowie Zubeh\u00f6r daf\u00fcr her. [\/vc_column_text][\/vc_column][\/vc_row][vc_row][vc_column width=&#8220;1\/3&#8243;][vc_single_image image=&#8220;5206&#8243; img_size=&#8220;300&#215;175&#8243; alignment=&#8220;center&#8220; onclick=&#8220;custom_link&#8220;][vc_cta h2=&#8220;Fu\u00dfbodenheizungs-Verteiler&#8220; txt_align=&#8220;center&#8220; shape=&#8220;square&#8220; style=&#8220;outline&#8220; color=&#8220;juicy-pink&#8220; add_button=&#8220;bottom&#8220; btn_title=&#8220;MEHR ANSEHEN&#8220; btn_style=&#8220;outline&#8220; btn_color=&#8220;primary&#8220; btn_align=&#8220;center&#8220; btn_link=&#8220;url:http%3A%2F%2Ftechnometalhellas.gr%2Fde%2Fprodukte%2Fwasserverteilungsschraenke%2Fverteilerschrank-fuer-fussbodenheizung%2F|title:HEIZUNGSVERTEILER%20%28FU%C3%9FBODENHEIZUNG%29|&#8220;]Die Innovation des Fu\u00dfbodenheizungs-Verteilers besteht darin, dass er in H\u00f6he und &hellip;","og_url":"https:\/\/technometalhellas.gr\/de\/produkte\/wasserverteilungsschraenke\/","og_site_name":"Technometal Hellas","article_modified_time":"2025-12-02T11:37:03+00:00","twitter_card":"summary_large_image","twitter_misc":{"Gesch\u00e4tzte Lesezeit":"2\u00a0Minuten"},"schema":{"@context":"https:\/\/schema.org","@graph":[{"@type":"WebPage","@id":"https:\/\/technometalhellas.gr\/de\/produkte\/wasserverteilungsschraenke\/","url":"https:\/\/technometalhellas.gr\/de\/produkte\/wasserverteilungsschraenke\/","name":"WASSERVERTEILUNGSSCHR\u00c4NKE - Technometal Hellas","isPartOf":{"@id":"https:\/\/technometalhellas.gr\/#website"},"datePublished":"2019-01-07T10:37:21+00:00","dateModified":"2025-12-02T11:37:03+00:00","breadcrumb":{"@id":"https:\/\/technometalhellas.gr\/de\/produkte\/wasserverteilungsschraenke\/#breadcrumb"},"inLanguage":"de","potentialAction":[{"@type":"ReadAction","target":["https:\/\/technometalhellas.gr\/de\/produkte\/wasserverteilungsschraenke\/"]}]},{"@type":"BreadcrumbList","@id":"https:\/\/technometalhellas.gr\/de\/produkte\/wasserverteilungsschraenke\/#breadcrumb","itemListElement":[{"@type":"ListItem","position":1,"name":"\u0391\u03c1\u03c7\u03b9\u03ba\u03ae","item":"https:\/\/technometalhellas.gr\/de\/"},{"@type":"ListItem","position":2,"name":"PRODUKTE","item":"https:\/\/technometalhellas.gr\/de\/produkte\/"},{"@type":"ListItem","position":3,"name":"WASSERVERTEILUNGSSCHR\u00c4NKE"}]},{"@type":"WebSite","@id":"https:\/\/technometalhellas.gr\/#website","url":"https:\/\/technometalhellas.gr\/","name":"Technometal Hellas","description":"Schornsteine, Luftkan\u00e4le und Metallprodukte","potentialAction":[{"@type":"SearchAction","target":{"@type":"EntryPoint","urlTemplate":"https:\/\/technometalhellas.gr\/?s={search_term_string}"},"query-input":{"@type":"PropertyValueSpecification","valueRequired":true,"valueName":"search_term_string"}}],"inLanguage":"de"}]}},"_links":{"self":[{"href":"https:\/\/technometalhellas.gr\/de\/wp-json\/wp\/v2\/pages\/3287","targetHints":{"allow":["GET"]}}],"collection":[{"href":"https:\/\/technometalhellas.gr\/de\/wp-json\/wp\/v2\/pages"}],"about":[{"href":"https:\/\/technometalhellas.gr\/de\/wp-json\/wp\/v2\/types\/page"}],"author":[{"embeddable":true,"href":"https:\/\/technometalhellas.gr\/de\/wp-json\/wp\/v2\/users\/1"}],"replies":[{"embeddable":true,"href":"https:\/\/technometalhellas.gr\/de\/wp-json\/wp\/v2\/comments?post=3287"}],"version-history":[{"count":6,"href":"https:\/\/technometalhellas.gr\/de\/wp-json\/wp\/v2\/pages\/3287\/revisions"}],"predecessor-version":[{"id":7576,"href":"https:\/\/technometalhellas.gr\/de\/wp-json\/wp\/v2\/pages\/3287\/revisions\/7576"}],"up":[{"embeddable":true,"href":"https:\/\/technometalhellas.gr\/de\/wp-json\/wp\/v2\/pages\/3382"}],"wp:attachment":[{"href":"https:\/\/technometalhellas.gr\/de\/wp-json\/wp\/v2\/media?parent=3287"}],"curies":[{"name":"wp","href":"https:\/\/api.w.org\/{rel}","templated":true}]}}