{"id":3276,"date":"2019-01-07T13:47:41","date_gmt":"2019-01-07T11:47:41","guid":{"rendered":"http:\/\/technometalhellas.gr\/pinakes-ydrolipsias\/"},"modified":"2025-11-17T20:14:09","modified_gmt":"2025-11-17T18:14:09","slug":"wasserverteilung-schraenke","status":"publish","type":"page","link":"https:\/\/technometalhellas.gr\/de\/produkte\/wasserverteilungsschraenke\/wasserverteilung-schraenke\/","title":{"rendered":"METALLK\u00c4STEN F\u00dcR MESSING-MANIFOLDER"},"content":{"rendered":"<div class=\"wpb-content-wrapper\"><p>[vc_row][vc_column][vc_empty_space][vc_custom_heading text=&#8220;WASSERENTNAHME-TAFELN&#8220; font_container=&#8220;tag:h2|font_size:30|text_align:left|color:%23333333&#8243; google_fonts=&#8220;font_family:Open%20Sans%3A300%2C300italic%2Cregular%2Citalic%2C600%2C600italic%2C700%2C700italic%2C800%2C800italic|font_style:700%20bold%20regular%3A700%3Anormal&#8220;][vc_empty_space height=&#8220;12px&#8220;][vc_separator][vc_column_text]Sie werden aus verzinktem Stahl EN10142 mit einer St\u00e4rke von 0,70 mm und 0,80 mm hergestellt und komplett mit den Tr\u00e4gern des Verteilers (2,00 mm stark) sowie der T\u00fcr (wei\u00df RAL 9010) angeboten.<br data-start=\"576\" data-end=\"579\" \/>Die Qualit\u00e4tskontrolle erfolgt \u00fcber Managementsysteme nach <strong>ISO 9001:2015<\/strong>.[\/vc_column_text][\/vc_column][\/vc_row][vc_row][vc_column width=&#8220;1\/5&#8243;][vc_single_image image=&#8220;3901&#8243; img_size=&#8220;large&#8220; alignment=&#8220;center&#8220; onclick=&#8220;img_link_large&#8220;][\/vc_column][vc_column width=&#8220;1\/5&#8243;][vc_single_image image=&#8220;3905&#8243; img_size=&#8220;large&#8220; alignment=&#8220;center&#8220; onclick=&#8220;img_link_large&#8220;][\/vc_column][vc_column width=&#8220;1\/5&#8243;][vc_single_image image=&#8220;3913&#8243; img_size=&#8220;large&#8220; alignment=&#8220;center&#8220; onclick=&#8220;img_link_large&#8220;][\/vc_column][vc_column width=&#8220;1\/5&#8243;][vc_single_image image=&#8220;7540&#8243; img_size=&#8220;&#8220;][\/vc_column][vc_column width=&#8220;1\/5&#8243;][vc_single_image image=&#8220;7543&#8243; img_size=&#8220;&#8220;][\/vc_column][\/vc_row][vc_row][vc_column][vc_column_text]<\/p>\n<p style=\"text-align: center;\">\n<table id=\"tablepress-3\" class=\"tablepress tablepress-id-3\">\n<thead>\n<tr class=\"row-1\">\n\t<th colspan=\"4\" class=\"column-1\">\u0394\u0399\u0391\u03a3\u03a4\u0391\u03a3\u0395\u0399\u03a3<\/th>\n<\/tr>\n<\/thead>\n<tbody class=\"row-striping row-hover\">\n<tr class=\"row-2\">\n\t<td class=\"column-1\">\u03a5\u03a8\u039f\u03a3 \/ mm<\/td><td class=\"column-2\">\u03a0\u039b\u0391\u03a4\u039f\u03a3 \/ mm<\/td><td class=\"column-3\">\u0392\u0391\u0398\u039f\u03a3 \/ mm<\/td><td class=\"column-4\">\u03a0\u0391\u03a1\u039f\u03a7\u0395\u03a3<\/td>\n<\/tr>\n<tr class=\"row-3\">\n\t<td class=\"column-1\">450<\/td><td class=\"column-2\">250<\/td><td class=\"column-3\">110<\/td><td class=\"column-4\">3<\/td>\n<\/tr>\n<tr class=\"row-4\">\n\t<td class=\"column-1\">450<\/td><td class=\"column-2\">350<\/td><td class=\"column-3\">110<\/td><td class=\"column-4\">5<\/td>\n<\/tr>\n<tr class=\"row-5\">\n\t<td class=\"column-1\">450<\/td><td class=\"column-2\">400<\/td><td class=\"column-3\">110<\/td><td class=\"column-4\">6<\/td>\n<\/tr>\n<tr class=\"row-6\">\n\t<td class=\"column-1\">450<\/td><td class=\"column-2\">450<\/td><td class=\"column-3\">110<\/td><td class=\"column-4\">7<\/td>\n<\/tr>\n<tr class=\"row-7\">\n\t<td class=\"column-1\">450<\/td><td class=\"column-2\">500<\/td><td class=\"column-3\">110<\/td><td class=\"column-4\">8<\/td>\n<\/tr>\n<tr class=\"row-8\">\n\t<td class=\"column-1\">450<\/td><td class=\"column-2\">550<\/td><td class=\"column-3\">110<\/td><td class=\"column-4\">9<\/td>\n<\/tr>\n<tr class=\"row-9\">\n\t<td class=\"column-1\">450<\/td><td class=\"column-2\">600<\/td><td class=\"column-3\">110<\/td><td class=\"column-4\">10<\/td>\n<\/tr>\n<tr class=\"row-10\">\n\t<td class=\"column-1\">450<\/td><td class=\"column-2\">700<\/td><td class=\"column-3\">110<\/td><td class=\"column-4\">12<\/td>\n<\/tr>\n<tr class=\"row-11\">\n\t<td class=\"column-1\">450<\/td><td class=\"column-2\">800<\/td><td class=\"column-3\">110<\/td><td class=\"column-4\">14<\/td>\n<\/tr>\n<\/tbody>\n<\/table>\n<!-- #tablepress-3 from cache --><\/p>\n<p>[\/vc_column_text][vc_column_text][\/vc_column_text][\/vc_column][\/vc_row]<\/p>\n<\/div>","protected":false},"excerpt":{"rendered":"<p>[vc_row][vc_column][vc_empty_space][vc_custom_heading text=&#8220;WASSERENTNAHME-TAFELN&#8220; font_container=&#8220;tag:h2|font_size:30|text_align:left|color:%23333333&#8243; google_fonts=&#8220;font_family:Open%20Sans%3A300%2C300italic%2Cregular%2Citalic%2C600%2C600italic%2C700%2C700italic%2C800%2C800italic|font_style:700%20bold%20regular%3A700%3Anormal&#8220;][vc_empty_space height=&#8220;12px&#8220;][vc_separator][vc_column_text]Sie werden aus verzinktem Stahl EN10142 mit einer St\u00e4rke von 0,70 mm und 0,80 mm hergestellt und komplett mit den Tr\u00e4gern des Verteilers (2,00 mm stark) sowie der T\u00fcr (wei\u00df RAL 9010) angeboten.Die Qualit\u00e4tskontrolle erfolgt \u00fcber &hellip;<\/p>\n","protected":false},"author":1,"featured_media":0,"parent":3287,"menu_order":0,"comment_status":"closed","ping_status":"closed","template":"","meta":{"footnotes":""},"class_list":["post-3276","page","type-page","status-publish","hentry"],"yoast_head":"<title>METALLK\u00c4STEN F\u00dcR MESSING-MANIFOLDER - Technometal Hellas<\/title>\n<meta name=\"robots\" content=\"index, follow, max-snippet:-1, max-image-preview:large, max-video-preview:-1\" \/>\n<link rel=\"canonical\" href=\"https:\/\/technometalhellas.gr\/de\/produkte\/wasserverteilungsschraenke\/wasserverteilung-schraenke\/\" \/>\n<meta property=\"og:locale\" content=\"de_DE\" \/>\n<meta property=\"og:type\" content=\"article\" \/>\n<meta property=\"og:title\" content=\"METALLK\u00c4STEN F\u00dcR MESSING-MANIFOLDER - Technometal Hellas\" \/>\n<meta property=\"og:description\" content=\"[vc_row][vc_column][vc_empty_space][vc_custom_heading text=&#8220;WASSERENTNAHME-TAFELN&#8220; font_container=&#8220;tag:h2|font_size:30|text_align:left|color:%23333333&#8243; google_fonts=&#8220;font_family:Open%20Sans%3A300%2C300italic%2Cregular%2Citalic%2C600%2C600italic%2C700%2C700italic%2C800%2C800italic|font_style:700%20bold%20regular%3A700%3Anormal&#8220;][vc_empty_space height=&#8220;12px&#8220;][vc_separator][vc_column_text]Sie werden aus verzinktem Stahl EN10142 mit einer St\u00e4rke von 0,70 mm und 0,80 mm hergestellt und komplett mit den Tr\u00e4gern des Verteilers (2,00 mm stark) sowie der T\u00fcr (wei\u00df RAL 9010) angeboten.Die Qualit\u00e4tskontrolle erfolgt \u00fcber &hellip;\" \/>\n<meta property=\"og:url\" content=\"https:\/\/technometalhellas.gr\/de\/produkte\/wasserverteilungsschraenke\/wasserverteilung-schraenke\/\" \/>\n<meta property=\"og:site_name\" content=\"Technometal Hellas\" \/>\n<meta property=\"article:modified_time\" content=\"2025-11-17T18:14:09+00:00\" \/>\n<meta name=\"twitter:card\" content=\"summary_large_image\" \/>\n<meta name=\"twitter:label1\" content=\"Gesch\u00e4tzte Lesezeit\" \/>\n\t<meta name=\"twitter:data1\" content=\"1\u00a0Minute\" \/>\n<script type=\"application\/ld+json\" class=\"yoast-schema-graph\">{\"@context\":\"https:\\\/\\\/schema.org\",\"@graph\":[{\"@type\":\"WebPage\",\"@id\":\"https:\\\/\\\/technometalhellas.gr\\\/de\\\/produkte\\\/wasserverteilungsschraenke\\\/wasserverteilung-schraenke\\\/\",\"url\":\"https:\\\/\\\/technometalhellas.gr\\\/de\\\/produkte\\\/wasserverteilungsschraenke\\\/wasserverteilung-schraenke\\\/\",\"name\":\"METALLK\u00c4STEN F\u00dcR MESSING-MANIFOLDER - Technometal Hellas\",\"isPartOf\":{\"@id\":\"https:\\\/\\\/technometalhellas.gr\\\/#website\"},\"datePublished\":\"2019-01-07T11:47:41+00:00\",\"dateModified\":\"2025-11-17T18:14:09+00:00\",\"breadcrumb\":{\"@id\":\"https:\\\/\\\/technometalhellas.gr\\\/de\\\/produkte\\\/wasserverteilungsschraenke\\\/wasserverteilung-schraenke\\\/#breadcrumb\"},\"inLanguage\":\"de\",\"potentialAction\":[{\"@type\":\"ReadAction\",\"target\":[\"https:\\\/\\\/technometalhellas.gr\\\/de\\\/produkte\\\/wasserverteilungsschraenke\\\/wasserverteilung-schraenke\\\/\"]}]},{\"@type\":\"BreadcrumbList\",\"@id\":\"https:\\\/\\\/technometalhellas.gr\\\/de\\\/produkte\\\/wasserverteilungsschraenke\\\/wasserverteilung-schraenke\\\/#breadcrumb\",\"itemListElement\":[{\"@type\":\"ListItem\",\"position\":1,\"name\":\"\u0391\u03c1\u03c7\u03b9\u03ba\u03ae\",\"item\":\"https:\\\/\\\/technometalhellas.gr\\\/de\\\/\"},{\"@type\":\"ListItem\",\"position\":2,\"name\":\"PRODUKTE\",\"item\":\"https:\\\/\\\/technometalhellas.gr\\\/de\\\/produkte\\\/\"},{\"@type\":\"ListItem\",\"position\":3,\"name\":\"WASSERVERTEILUNGSSCHR\u00c4NKE\",\"item\":\"https:\\\/\\\/technometalhellas.gr\\\/de\\\/produkte\\\/wasserverteilungsschraenke\\\/\"},{\"@type\":\"ListItem\",\"position\":4,\"name\":\"METALLK\u00c4STEN F\u00dcR MESSING-MANIFOLDER\"}]},{\"@type\":\"WebSite\",\"@id\":\"https:\\\/\\\/technometalhellas.gr\\\/#website\",\"url\":\"https:\\\/\\\/technometalhellas.gr\\\/\",\"name\":\"Technometal Hellas\",\"description\":\"Schornsteine, Luftkan\u00e4le und Metallprodukte\",\"potentialAction\":[{\"@type\":\"SearchAction\",\"target\":{\"@type\":\"EntryPoint\",\"urlTemplate\":\"https:\\\/\\\/technometalhellas.gr\\\/?s={search_term_string}\"},\"query-input\":{\"@type\":\"PropertyValueSpecification\",\"valueRequired\":true,\"valueName\":\"search_term_string\"}}],\"inLanguage\":\"de\"}]}<\/script>","yoast_head_json":{"title":"METALLK\u00c4STEN F\u00dcR MESSING-MANIFOLDER - Technometal Hellas","robots":{"index":"index","follow":"follow","max-snippet":"max-snippet:-1","max-image-preview":"max-image-preview:large","max-video-preview":"max-video-preview:-1"},"canonical":"https:\/\/technometalhellas.gr\/de\/produkte\/wasserverteilungsschraenke\/wasserverteilung-schraenke\/","og_locale":"de_DE","og_type":"article","og_title":"METALLK\u00c4STEN F\u00dcR MESSING-MANIFOLDER - Technometal Hellas","og_description":"[vc_row][vc_column][vc_empty_space][vc_custom_heading text=&#8220;WASSERENTNAHME-TAFELN&#8220; font_container=&#8220;tag:h2|font_size:30|text_align:left|color:%23333333&#8243; google_fonts=&#8220;font_family:Open%20Sans%3A300%2C300italic%2Cregular%2Citalic%2C600%2C600italic%2C700%2C700italic%2C800%2C800italic|font_style:700%20bold%20regular%3A700%3Anormal&#8220;][vc_empty_space height=&#8220;12px&#8220;][vc_separator][vc_column_text]Sie werden aus verzinktem Stahl EN10142 mit einer St\u00e4rke von 0,70 mm und 0,80 mm hergestellt und komplett mit den Tr\u00e4gern des Verteilers (2,00 mm stark) sowie der T\u00fcr (wei\u00df RAL 9010) angeboten.Die Qualit\u00e4tskontrolle erfolgt \u00fcber &hellip;","og_url":"https:\/\/technometalhellas.gr\/de\/produkte\/wasserverteilungsschraenke\/wasserverteilung-schraenke\/","og_site_name":"Technometal Hellas","article_modified_time":"2025-11-17T18:14:09+00:00","twitter_card":"summary_large_image","twitter_misc":{"Gesch\u00e4tzte Lesezeit":"1\u00a0Minute"},"schema":{"@context":"https:\/\/schema.org","@graph":[{"@type":"WebPage","@id":"https:\/\/technometalhellas.gr\/de\/produkte\/wasserverteilungsschraenke\/wasserverteilung-schraenke\/","url":"https:\/\/technometalhellas.gr\/de\/produkte\/wasserverteilungsschraenke\/wasserverteilung-schraenke\/","name":"METALLK\u00c4STEN F\u00dcR MESSING-MANIFOLDER - Technometal Hellas","isPartOf":{"@id":"https:\/\/technometalhellas.gr\/#website"},"datePublished":"2019-01-07T11:47:41+00:00","dateModified":"2025-11-17T18:14:09+00:00","breadcrumb":{"@id":"https:\/\/technometalhellas.gr\/de\/produkte\/wasserverteilungsschraenke\/wasserverteilung-schraenke\/#breadcrumb"},"inLanguage":"de","potentialAction":[{"@type":"ReadAction","target":["https:\/\/technometalhellas.gr\/de\/produkte\/wasserverteilungsschraenke\/wasserverteilung-schraenke\/"]}]},{"@type":"BreadcrumbList","@id":"https:\/\/technometalhellas.gr\/de\/produkte\/wasserverteilungsschraenke\/wasserverteilung-schraenke\/#breadcrumb","itemListElement":[{"@type":"ListItem","position":1,"name":"\u0391\u03c1\u03c7\u03b9\u03ba\u03ae","item":"https:\/\/technometalhellas.gr\/de\/"},{"@type":"ListItem","position":2,"name":"PRODUKTE","item":"https:\/\/technometalhellas.gr\/de\/produkte\/"},{"@type":"ListItem","position":3,"name":"WASSERVERTEILUNGSSCHR\u00c4NKE","item":"https:\/\/technometalhellas.gr\/de\/produkte\/wasserverteilungsschraenke\/"},{"@type":"ListItem","position":4,"name":"METALLK\u00c4STEN F\u00dcR MESSING-MANIFOLDER"}]},{"@type":"WebSite","@id":"https:\/\/technometalhellas.gr\/#website","url":"https:\/\/technometalhellas.gr\/","name":"Technometal Hellas","description":"Schornsteine, Luftkan\u00e4le und Metallprodukte","potentialAction":[{"@type":"SearchAction","target":{"@type":"EntryPoint","urlTemplate":"https:\/\/technometalhellas.gr\/?s={search_term_string}"},"query-input":{"@type":"PropertyValueSpecification","valueRequired":true,"valueName":"search_term_string"}}],"inLanguage":"de"}]}},"_links":{"self":[{"href":"https:\/\/technometalhellas.gr\/de\/wp-json\/wp\/v2\/pages\/3276","targetHints":{"allow":["GET"]}}],"collection":[{"href":"https:\/\/technometalhellas.gr\/de\/wp-json\/wp\/v2\/pages"}],"about":[{"href":"https:\/\/technometalhellas.gr\/de\/wp-json\/wp\/v2\/types\/page"}],"author":[{"embeddable":true,"href":"https:\/\/technometalhellas.gr\/de\/wp-json\/wp\/v2\/users\/1"}],"replies":[{"embeddable":true,"href":"https:\/\/technometalhellas.gr\/de\/wp-json\/wp\/v2\/comments?post=3276"}],"version-history":[{"count":7,"href":"https:\/\/technometalhellas.gr\/de\/wp-json\/wp\/v2\/pages\/3276\/revisions"}],"predecessor-version":[{"id":7551,"href":"https:\/\/technometalhellas.gr\/de\/wp-json\/wp\/v2\/pages\/3276\/revisions\/7551"}],"up":[{"embeddable":true,"href":"https:\/\/technometalhellas.gr\/de\/wp-json\/wp\/v2\/pages\/3287"}],"wp:attachment":[{"href":"https:\/\/technometalhellas.gr\/de\/wp-json\/wp\/v2\/media?parent=3276"}],"curies":[{"name":"wp","href":"https:\/\/api.w.org\/{rel}","templated":true}]}}