{"id":3262,"date":"2019-01-10T23:20:16","date_gmt":"2019-01-10T21:20:16","guid":{"rendered":"http:\/\/technometalhellas.gr\/technospiral-gal\/"},"modified":"2025-11-15T19:41:26","modified_gmt":"2025-11-15T17:41:26","slug":"technospiral-gal","status":"publish","type":"page","link":"https:\/\/technometalhellas.gr\/de\/produkte\/luftkanal-systeme\/technospiral-gal\/","title":{"rendered":"TECHNOSPIRAL GAL"},"content":{"rendered":"<div class=\"wpb-content-wrapper\"><p>[vc_row][vc_column][vc_empty_space][vc_custom_heading text=&#8220;TECHNOSPIRAL GAL&#8220; font_container=&#8220;tag:h2|font_size:30|text_align:left|color:%23333333&#8243; google_fonts=&#8220;font_family:Open%20Sans%3A300%2C300italic%2Cregular%2Citalic%2C600%2C600italic%2C700%2C700italic%2C800%2C800italic|font_style:700%20bold%20regular%3A700%3Anormal&#8220;][vc_empty_space height=&#8220;12px&#8220;][vc_separator][vc_column_text]<\/p>\n<p data-start=\"412\" data-end=\"467\">Einwandige Spiralrohre<\/p>\n<ul data-start=\"469\" data-end=\"745\" data-is-last-node=\"\" data-is-only-node=\"\">\n<li data-start=\"469\" data-end=\"513\">\n<p data-start=\"471\" data-end=\"513\">Hergestellt aus EN10142 verzinktem Stahl<\/p>\n<\/li>\n<li data-start=\"514\" data-end=\"538\">\n<p data-start=\"516\" data-end=\"538\">Stahlst\u00e4rke: 0,50 mm<\/p>\n<\/li>\n<li data-start=\"539\" data-end=\"579\">\n<p data-start=\"541\" data-end=\"579\">Verf\u00fcgbare Durchmesser: \u00d880 bis \u00d8450<\/p>\n<\/li>\n<li data-start=\"580\" data-end=\"618\">\n<p data-start=\"582\" data-end=\"618\">Gro\u00dfe Auswahl an Zubeh\u00f6r verf\u00fcgbar<\/p>\n<\/li>\n<li data-start=\"619\" data-end=\"657\">\n<p data-start=\"621\" data-end=\"657\">Verf\u00fcgbare L\u00e4ngen: 3 m \u2013 2 m \u2013 1 m<\/p>\n<\/li>\n<li data-start=\"658\" data-end=\"699\">\n<p data-start=\"660\" data-end=\"699\">Geeignet f\u00fcr Klimaanlagen und L\u00fcftung<\/p>\n<\/li>\n<li data-start=\"700\" data-end=\"745\" data-is-last-node=\"\">\n<p data-start=\"702\" data-end=\"745\" data-is-last-node=\"\">Betriebstemperaturbereich: -30\u00b0C bis +400\u00b0C<\/p>\n<\/li>\n<\/ul>\n<p>[\/vc_column_text][\/vc_column][\/vc_row][vc_row][vc_column][vc_custom_heading text=&#8220;TECHNOSPIRAL GAL&#8220; font_container=&#8220;tag:h2|font_size:30|text_align:left|color:%23333333&#8243; google_fonts=&#8220;font_family:Open%20Sans%3A300%2C300italic%2Cregular%2Citalic%2C600%2C600italic%2C700%2C700italic%2C800%2C800italic|font_style:700%20bold%20regular%3A700%3Anormal&#8220;][vc_separator][vc_media_grid grid_id=&#8220;vc_gid:1763228352154-9e266b22-f364-4&#8243; include=&#8220;3263,3781,3779,3610,3808,3806,3777&#8243;][\/vc_column][\/vc_row][vc_row disable_element=&#8220;yes&#8220;][vc_column][vc_column_text]<\/p>\n<article class=\"text-token-text-primary w-full focus:outline-none [--shadow-height:45px] has-data-writing-block:pointer-events-none has-data-writing-block:-mt-(--shadow-height) has-data-writing-block:pt-(--shadow-height) [&amp;:has([data-writing-block])&gt;*]:pointer-events-auto [content-visibility:auto] supports-[content-visibility:auto]:[contain-intrinsic-size:auto_100lvh] scroll-mt-[calc(var(--header-height)+min(200px,max(70px,20svh)))]\" dir=\"auto\" tabindex=\"-1\" data-turn-id=\"request-WEB:c44a5a3a-ed88-4d14-a0df-b7a2dc1a80c7-19\" data-testid=\"conversation-turn-22\" data-scroll-anchor=\"true\" data-turn=\"assistant\">\n<div class=\"text-base my-auto mx-auto pb-10 [--thread-content-margin:--spacing(4)] thread-sm:[--thread-content-margin:--spacing(6)] thread-lg:[--thread-content-margin:--spacing(16)] px-(--thread-content-margin)\">\n<div class=\"[--thread-content-max-width:40rem] thread-lg:[--thread-content-max-width:48rem] mx-auto max-w-(--thread-content-max-width) flex-1 group\/turn-messages focus-visible:outline-hidden relative flex w-full min-w-0 flex-col agent-turn\" tabindex=\"-1\">\n<div class=\"flex max-w-full flex-col grow\">\n<div class=\"min-h-8 text-message relative flex w-full flex-col items-end gap-2 text-start break-words whitespace-normal [.text-message+&amp;]:mt-1\" dir=\"auto\" data-message-author-role=\"assistant\" data-message-id=\"28248fa3-49bb-457c-a84b-9c3f356cc0c6\" data-message-model-slug=\"gpt-5-mini\">\n<div class=\"flex w-full flex-col gap-1 empty:hidden first:pt-[1px]\">\n<div class=\"markdown prose dark:prose-invert w-full break-words light markdown-new-styling\">\n<h3 data-start=\"557\" data-end=\"646\"><strong data-start=\"584\" data-end=\"644\">Runde einwandige selbstverschwei\u00dfte Rohre (ma\u00dfgefertigt)<\/strong><\/h3>\n<p data-start=\"650\" data-end=\"734\">Hergestellt aus AISI 316 L verzinktem Stahl (EN 10142) mit einer Dicke von 0,50 mm<\/p>\n<p data-start=\"737\" data-end=\"812\">Bieten eine umfassendere L\u00f6sung f\u00fcr L\u00fcftungs-, Klima- und Luftheizsysteme<\/p>\n<p data-start=\"815\" data-end=\"953\">Geliefert mit einer gro\u00dfen Auswahl an Zubeh\u00f6r und k\u00f6nnen mit einer 200\u00b0C Silikondichtung f\u00fcr vollst\u00e4ndige Abdichtung ausgestattet werden<\/p>\n<p data-start=\"956\" data-end=\"1046\">Kontinuierliche Qualit\u00e4tskontrolle \u00fcber die QMS\/QMS CERT ISO 9001:2015 Managementsysteme<\/p>\n<p data-start=\"1049\" data-end=\"1081\" data-is-last-node=\"\">Durchmesser von 80 mm bis 600 mm<\/p>\n<\/div>\n<\/div>\n<\/div>\n<\/div>\n<\/div>\n<\/div>\n<\/article>\n<p>[\/vc_column_text][\/vc_column][\/vc_row]<\/p>\n<\/div>","protected":false},"excerpt":{"rendered":"<p>[vc_row][vc_column][vc_empty_space][vc_custom_heading text=&#8220;TECHNOSPIRAL GAL&#8220; font_container=&#8220;tag:h2|font_size:30|text_align:left|color:%23333333&#8243; google_fonts=&#8220;font_family:Open%20Sans%3A300%2C300italic%2Cregular%2Citalic%2C600%2C600italic%2C700%2C700italic%2C800%2C800italic|font_style:700%20bold%20regular%3A700%3Anormal&#8220;][vc_empty_space height=&#8220;12px&#8220;][vc_separator][vc_column_text] Einwandige Spiralrohre Hergestellt aus EN10142 verzinktem Stahl Stahlst\u00e4rke: 0,50 mm Verf\u00fcgbare Durchmesser: \u00d880 bis \u00d8450 Gro\u00dfe Auswahl an Zubeh\u00f6r verf\u00fcgbar Verf\u00fcgbare L\u00e4ngen: 3 m \u2013 2 m \u2013 1 m Geeignet f\u00fcr Klimaanlagen und &hellip;<\/p>\n","protected":false},"author":1,"featured_media":0,"parent":3360,"menu_order":0,"comment_status":"closed","ping_status":"closed","template":"","meta":{"footnotes":""},"class_list":["post-3262","page","type-page","status-publish","hentry"],"yoast_head":"<title>TECHNOSPIRAL GAL - Technometal Hellas<\/title>\n<meta name=\"robots\" content=\"index, follow, max-snippet:-1, max-image-preview:large, max-video-preview:-1\" \/>\n<link rel=\"canonical\" href=\"https:\/\/technometalhellas.gr\/de\/produkte\/luftkanal-systeme\/technospiral-gal\/\" \/>\n<meta property=\"og:locale\" content=\"de_DE\" \/>\n<meta property=\"og:type\" content=\"article\" \/>\n<meta property=\"og:title\" content=\"TECHNOSPIRAL GAL - Technometal Hellas\" \/>\n<meta property=\"og:description\" content=\"[vc_row][vc_column][vc_empty_space][vc_custom_heading text=&#8220;TECHNOSPIRAL GAL&#8220; font_container=&#8220;tag:h2|font_size:30|text_align:left|color:%23333333&#8243; google_fonts=&#8220;font_family:Open%20Sans%3A300%2C300italic%2Cregular%2Citalic%2C600%2C600italic%2C700%2C700italic%2C800%2C800italic|font_style:700%20bold%20regular%3A700%3Anormal&#8220;][vc_empty_space height=&#8220;12px&#8220;][vc_separator][vc_column_text] Einwandige Spiralrohre Hergestellt aus EN10142 verzinktem Stahl Stahlst\u00e4rke: 0,50 mm Verf\u00fcgbare Durchmesser: \u00d880 bis \u00d8450 Gro\u00dfe Auswahl an Zubeh\u00f6r verf\u00fcgbar Verf\u00fcgbare L\u00e4ngen: 3 m \u2013 2 m \u2013 1 m Geeignet f\u00fcr Klimaanlagen und &hellip;\" \/>\n<meta property=\"og:url\" content=\"https:\/\/technometalhellas.gr\/de\/produkte\/luftkanal-systeme\/technospiral-gal\/\" \/>\n<meta property=\"og:site_name\" content=\"Technometal Hellas\" \/>\n<meta property=\"article:modified_time\" content=\"2025-11-15T17:41:26+00:00\" \/>\n<meta name=\"twitter:card\" content=\"summary_large_image\" \/>\n<meta name=\"twitter:label1\" content=\"Gesch\u00e4tzte Lesezeit\" \/>\n\t<meta name=\"twitter:data1\" content=\"1\u00a0Minute\" \/>\n<script type=\"application\/ld+json\" class=\"yoast-schema-graph\">{\"@context\":\"https:\\\/\\\/schema.org\",\"@graph\":[{\"@type\":\"WebPage\",\"@id\":\"https:\\\/\\\/technometalhellas.gr\\\/de\\\/produkte\\\/luftkanal-systeme\\\/technospiral-gal\\\/\",\"url\":\"https:\\\/\\\/technometalhellas.gr\\\/de\\\/produkte\\\/luftkanal-systeme\\\/technospiral-gal\\\/\",\"name\":\"TECHNOSPIRAL GAL - Technometal Hellas\",\"isPartOf\":{\"@id\":\"https:\\\/\\\/technometalhellas.gr\\\/#website\"},\"datePublished\":\"2019-01-10T21:20:16+00:00\",\"dateModified\":\"2025-11-15T17:41:26+00:00\",\"breadcrumb\":{\"@id\":\"https:\\\/\\\/technometalhellas.gr\\\/de\\\/produkte\\\/luftkanal-systeme\\\/technospiral-gal\\\/#breadcrumb\"},\"inLanguage\":\"de\",\"potentialAction\":[{\"@type\":\"ReadAction\",\"target\":[\"https:\\\/\\\/technometalhellas.gr\\\/de\\\/produkte\\\/luftkanal-systeme\\\/technospiral-gal\\\/\"]}]},{\"@type\":\"BreadcrumbList\",\"@id\":\"https:\\\/\\\/technometalhellas.gr\\\/de\\\/produkte\\\/luftkanal-systeme\\\/technospiral-gal\\\/#breadcrumb\",\"itemListElement\":[{\"@type\":\"ListItem\",\"position\":1,\"name\":\"\u0391\u03c1\u03c7\u03b9\u03ba\u03ae\",\"item\":\"https:\\\/\\\/technometalhellas.gr\\\/de\\\/\"},{\"@type\":\"ListItem\",\"position\":2,\"name\":\"PRODUKTE\",\"item\":\"https:\\\/\\\/technometalhellas.gr\\\/de\\\/produkte\\\/\"},{\"@type\":\"ListItem\",\"position\":3,\"name\":\"LUFTKANAL SYSTEME\",\"item\":\"https:\\\/\\\/technometalhellas.gr\\\/de\\\/produkte\\\/luftkanal-systeme\\\/\"},{\"@type\":\"ListItem\",\"position\":4,\"name\":\"TECHNOSPIRAL GAL\"}]},{\"@type\":\"WebSite\",\"@id\":\"https:\\\/\\\/technometalhellas.gr\\\/#website\",\"url\":\"https:\\\/\\\/technometalhellas.gr\\\/\",\"name\":\"Technometal Hellas\",\"description\":\"Schornsteine, Luftkan\u00e4le und Metallprodukte\",\"potentialAction\":[{\"@type\":\"SearchAction\",\"target\":{\"@type\":\"EntryPoint\",\"urlTemplate\":\"https:\\\/\\\/technometalhellas.gr\\\/?s={search_term_string}\"},\"query-input\":{\"@type\":\"PropertyValueSpecification\",\"valueRequired\":true,\"valueName\":\"search_term_string\"}}],\"inLanguage\":\"de\"}]}<\/script>","yoast_head_json":{"title":"TECHNOSPIRAL GAL - Technometal Hellas","robots":{"index":"index","follow":"follow","max-snippet":"max-snippet:-1","max-image-preview":"max-image-preview:large","max-video-preview":"max-video-preview:-1"},"canonical":"https:\/\/technometalhellas.gr\/de\/produkte\/luftkanal-systeme\/technospiral-gal\/","og_locale":"de_DE","og_type":"article","og_title":"TECHNOSPIRAL GAL - Technometal Hellas","og_description":"[vc_row][vc_column][vc_empty_space][vc_custom_heading text=&#8220;TECHNOSPIRAL GAL&#8220; font_container=&#8220;tag:h2|font_size:30|text_align:left|color:%23333333&#8243; google_fonts=&#8220;font_family:Open%20Sans%3A300%2C300italic%2Cregular%2Citalic%2C600%2C600italic%2C700%2C700italic%2C800%2C800italic|font_style:700%20bold%20regular%3A700%3Anormal&#8220;][vc_empty_space height=&#8220;12px&#8220;][vc_separator][vc_column_text] Einwandige Spiralrohre Hergestellt aus EN10142 verzinktem Stahl Stahlst\u00e4rke: 0,50 mm Verf\u00fcgbare Durchmesser: \u00d880 bis \u00d8450 Gro\u00dfe Auswahl an Zubeh\u00f6r verf\u00fcgbar Verf\u00fcgbare L\u00e4ngen: 3 m \u2013 2 m \u2013 1 m Geeignet f\u00fcr Klimaanlagen und &hellip;","og_url":"https:\/\/technometalhellas.gr\/de\/produkte\/luftkanal-systeme\/technospiral-gal\/","og_site_name":"Technometal Hellas","article_modified_time":"2025-11-15T17:41:26+00:00","twitter_card":"summary_large_image","twitter_misc":{"Gesch\u00e4tzte Lesezeit":"1\u00a0Minute"},"schema":{"@context":"https:\/\/schema.org","@graph":[{"@type":"WebPage","@id":"https:\/\/technometalhellas.gr\/de\/produkte\/luftkanal-systeme\/technospiral-gal\/","url":"https:\/\/technometalhellas.gr\/de\/produkte\/luftkanal-systeme\/technospiral-gal\/","name":"TECHNOSPIRAL GAL - Technometal Hellas","isPartOf":{"@id":"https:\/\/technometalhellas.gr\/#website"},"datePublished":"2019-01-10T21:20:16+00:00","dateModified":"2025-11-15T17:41:26+00:00","breadcrumb":{"@id":"https:\/\/technometalhellas.gr\/de\/produkte\/luftkanal-systeme\/technospiral-gal\/#breadcrumb"},"inLanguage":"de","potentialAction":[{"@type":"ReadAction","target":["https:\/\/technometalhellas.gr\/de\/produkte\/luftkanal-systeme\/technospiral-gal\/"]}]},{"@type":"BreadcrumbList","@id":"https:\/\/technometalhellas.gr\/de\/produkte\/luftkanal-systeme\/technospiral-gal\/#breadcrumb","itemListElement":[{"@type":"ListItem","position":1,"name":"\u0391\u03c1\u03c7\u03b9\u03ba\u03ae","item":"https:\/\/technometalhellas.gr\/de\/"},{"@type":"ListItem","position":2,"name":"PRODUKTE","item":"https:\/\/technometalhellas.gr\/de\/produkte\/"},{"@type":"ListItem","position":3,"name":"LUFTKANAL SYSTEME","item":"https:\/\/technometalhellas.gr\/de\/produkte\/luftkanal-systeme\/"},{"@type":"ListItem","position":4,"name":"TECHNOSPIRAL GAL"}]},{"@type":"WebSite","@id":"https:\/\/technometalhellas.gr\/#website","url":"https:\/\/technometalhellas.gr\/","name":"Technometal Hellas","description":"Schornsteine, Luftkan\u00e4le und Metallprodukte","potentialAction":[{"@type":"SearchAction","target":{"@type":"EntryPoint","urlTemplate":"https:\/\/technometalhellas.gr\/?s={search_term_string}"},"query-input":{"@type":"PropertyValueSpecification","valueRequired":true,"valueName":"search_term_string"}}],"inLanguage":"de"}]}},"_links":{"self":[{"href":"https:\/\/technometalhellas.gr\/de\/wp-json\/wp\/v2\/pages\/3262","targetHints":{"allow":["GET"]}}],"collection":[{"href":"https:\/\/technometalhellas.gr\/de\/wp-json\/wp\/v2\/pages"}],"about":[{"href":"https:\/\/technometalhellas.gr\/de\/wp-json\/wp\/v2\/types\/page"}],"author":[{"embeddable":true,"href":"https:\/\/technometalhellas.gr\/de\/wp-json\/wp\/v2\/users\/1"}],"replies":[{"embeddable":true,"href":"https:\/\/technometalhellas.gr\/de\/wp-json\/wp\/v2\/comments?post=3262"}],"version-history":[{"count":8,"href":"https:\/\/technometalhellas.gr\/de\/wp-json\/wp\/v2\/pages\/3262\/revisions"}],"predecessor-version":[{"id":6905,"href":"https:\/\/technometalhellas.gr\/de\/wp-json\/wp\/v2\/pages\/3262\/revisions\/6905"}],"up":[{"embeddable":true,"href":"https:\/\/technometalhellas.gr\/de\/wp-json\/wp\/v2\/pages\/3360"}],"wp:attachment":[{"href":"https:\/\/technometalhellas.gr\/de\/wp-json\/wp\/v2\/media?parent=3262"}],"curies":[{"name":"wp","href":"https:\/\/api.w.org\/{rel}","templated":true}]}}