{"id":3259,"date":"2019-01-10T23:24:45","date_gmt":"2019-01-10T21:24:45","guid":{"rendered":"http:\/\/technometalhellas.gr\/systimata-eykampton\/technoflex-inox-twin\/"},"modified":"2025-11-17T18:57:59","modified_gmt":"2025-11-17T16:57:59","slug":"technoflex-inox-twin","status":"publish","type":"page","link":"https:\/\/technometalhellas.gr\/de\/produkte\/flexible-systeme\/technoflex-inox-twin\/","title":{"rendered":"TECHNOFLEX INOX TWIN"},"content":{"rendered":"<div class=\"wpb-content-wrapper\"><p>[vc_row][vc_column][vc_empty_space][vc_custom_heading text=&#8220;TECHNOFLEX INOX TWIN&#8220; font_container=&#8220;tag:h2|font_size:30|text_align:left|color:%23333333&#8243; google_fonts=&#8220;font_family:Open%20Sans%3A300%2C300italic%2Cregular%2Citalic%2C600%2C600italic%2C700%2C700italic%2C800%2C800italic|font_style:700%20bold%20regular%3A700%3Anormal&#8220;][vc_empty_space height=&#8220;12px&#8220;][vc_separator][vc_column_text]<\/p>\n<p data-start=\"608\" data-end=\"706\"><strong data-start=\"635\" data-end=\"704\">Halbflexible Doppelwandige Edelstahlrohre mit glatter Innenfl\u00e4che<\/strong><\/p>\n<ul data-start=\"708\" data-end=\"1147\">\n<li data-start=\"708\" data-end=\"763\">\n<p data-start=\"710\" data-end=\"763\">Hergestellt aus antimagnetischem Edelstahl AISI 304<\/p>\n<\/li>\n<li data-start=\"764\" data-end=\"788\">\n<p data-start=\"766\" data-end=\"788\">Stahlst\u00e4rke: 0,09 mm<\/p>\n<\/li>\n<li data-start=\"789\" data-end=\"839\">\n<p data-start=\"791\" data-end=\"839\">In verschiedenen Sonderl\u00e4ngen (? m) erh\u00e4ltlich<\/p>\n<\/li>\n<li data-start=\"840\" data-end=\"913\">\n<p data-start=\"842\" data-end=\"913\">Verf\u00fcgbare Durchmesser: \u00d880 \u2013 \u00d8100 \u2013 \u00d8125 \u2013 \u00d8130 \u2013 \u00d8150 \u2013 \u00d8180 \u2013 \u00d8200<\/p>\n<\/li>\n<li data-start=\"914\" data-end=\"1016\">\n<p data-start=\"916\" data-end=\"1016\">Muffen (Reduzierst\u00fcck &amp; Gerade) Weiblich zu Weiblich \u2013 M\u00e4nnlich zu M\u00e4nnlich &amp; M\u00e4nnlich zu Weiblich<\/p>\n<\/li>\n<li data-start=\"1017\" data-end=\"1067\">\n<p data-start=\"1019\" data-end=\"1067\">Anschlussst\u00fccke kompatibel mit allen Leitungen<\/p>\n<\/li>\n<li data-start=\"1068\" data-end=\"1099\">\n<p data-start=\"1070\" data-end=\"1099\">Geeignet f\u00fcr Abgasableitung<\/p>\n<\/li>\n<li data-start=\"1100\" data-end=\"1147\">\n<p data-start=\"1102\" data-end=\"1147\">Betriebstemperaturbereich: -30\u00b0C bis +400\u00b0C<\/p>\n<\/li>\n<\/ul>\n<p>[\/vc_column_text][\/vc_column][\/vc_row][vc_row][vc_column][vc_custom_heading text=&#8220;TECHNOFLEX INOX TWIN Kollektion&#8220; font_container=&#8220;tag:h2|font_size:30|text_align:left|color:%23333333&#8243; google_fonts=&#8220;font_family:Open%20Sans%3A300%2C300italic%2Cregular%2Citalic%2C600%2C600italic%2C700%2C700italic%2C800%2C800italic|font_style:700%20bold%20regular%3A700%3Anormal&#8220;][vc_separator][vc_media_grid grid_id=&#8220;vc_gid:1763397700984-927d7ec0-2bd1-4&#8243; include=&#8220;3044,3047,6961,6964,6967,6970,7521,7524&#8243;][\/vc_column][\/vc_row][vc_row disable_element=&#8220;yes&#8220;][vc_column][vc_column_text]<\/p>\n<h2 data-start=\"684\" data-end=\"787\"><strong data-start=\"711\" data-end=\"785\">Runde Doppelwandige Rohre mit autogener Schwei\u00dfung (Sonderanfertigung)<\/strong><\/h2>\n<p data-start=\"791\" data-end=\"847\">Hergestellt aus verzinktem Stahl AISI 316 L (EN 10142)<\/p>\n<p data-start=\"850\" data-end=\"928\">Bieten eine umfassende L\u00f6sung f\u00fcr L\u00fcftungs-, Klima- und Heizungssysteme usw.<\/p>\n<p data-start=\"931\" data-end=\"1068\">Isolierung besteht aus einer Mineralwollmatte mit 30 mm Aluminiumfolienabdeckung und Aluminiumklebeband zur Vermeidung von W\u00e4rmebr\u00fccken<\/p>\n<p data-start=\"1071\" data-end=\"1210\">Werden mit einer Vielzahl von Zubeh\u00f6r geliefert und k\u00f6nnen mit einer 200\u00b0C Silikonflansch f\u00fcr vollst\u00e4ndige Abdichtung ausgestattet werden<\/p>\n<p data-start=\"1213\" data-end=\"1304\">Kontinuierliche Qualit\u00e4tskontrolle durch die Managementsysteme QMS\/QMS CERT ISO 9001:2015<\/p>\n<p data-start=\"1307\" data-end=\"1341\">Durchmesser von 80 mm bis 600 mm<\/p>\n<p>[\/vc_column_text][\/vc_column][\/vc_row]<\/p>\n<\/div>","protected":false},"excerpt":{"rendered":"<p>[vc_row][vc_column][vc_empty_space][vc_custom_heading text=&#8220;TECHNOFLEX INOX TWIN&#8220; font_container=&#8220;tag:h2|font_size:30|text_align:left|color:%23333333&#8243; google_fonts=&#8220;font_family:Open%20Sans%3A300%2C300italic%2Cregular%2Citalic%2C600%2C600italic%2C700%2C700italic%2C800%2C800italic|font_style:700%20bold%20regular%3A700%3Anormal&#8220;][vc_empty_space height=&#8220;12px&#8220;][vc_separator][vc_column_text] Halbflexible Doppelwandige Edelstahlrohre mit glatter Innenfl\u00e4che Hergestellt aus antimagnetischem Edelstahl AISI 304 Stahlst\u00e4rke: 0,09 mm In verschiedenen Sonderl\u00e4ngen (? m) erh\u00e4ltlich Verf\u00fcgbare Durchmesser: \u00d880 \u2013 \u00d8100 \u2013 \u00d8125 \u2013 \u00d8130 \u2013 \u00d8150 \u2013 &hellip;<\/p>\n","protected":false},"author":1,"featured_media":0,"parent":3244,"menu_order":0,"comment_status":"closed","ping_status":"closed","template":"","meta":{"footnotes":""},"class_list":["post-3259","page","type-page","status-publish","hentry"],"yoast_head":"<title>TECHNOFLEX INOX TWIN - Technometal Hellas<\/title>\n<meta name=\"robots\" content=\"index, follow, max-snippet:-1, max-image-preview:large, max-video-preview:-1\" \/>\n<link rel=\"canonical\" href=\"https:\/\/technometalhellas.gr\/de\/produkte\/flexible-systeme\/technoflex-inox-twin\/\" \/>\n<meta property=\"og:locale\" content=\"de_DE\" \/>\n<meta property=\"og:type\" content=\"article\" \/>\n<meta property=\"og:title\" content=\"TECHNOFLEX INOX TWIN - Technometal Hellas\" \/>\n<meta property=\"og:description\" content=\"[vc_row][vc_column][vc_empty_space][vc_custom_heading text=&#8220;TECHNOFLEX INOX TWIN&#8220; font_container=&#8220;tag:h2|font_size:30|text_align:left|color:%23333333&#8243; google_fonts=&#8220;font_family:Open%20Sans%3A300%2C300italic%2Cregular%2Citalic%2C600%2C600italic%2C700%2C700italic%2C800%2C800italic|font_style:700%20bold%20regular%3A700%3Anormal&#8220;][vc_empty_space height=&#8220;12px&#8220;][vc_separator][vc_column_text] Halbflexible Doppelwandige Edelstahlrohre mit glatter Innenfl\u00e4che Hergestellt aus antimagnetischem Edelstahl AISI 304 Stahlst\u00e4rke: 0,09 mm In verschiedenen Sonderl\u00e4ngen (? m) erh\u00e4ltlich Verf\u00fcgbare Durchmesser: \u00d880 \u2013 \u00d8100 \u2013 \u00d8125 \u2013 \u00d8130 \u2013 \u00d8150 \u2013 &hellip;\" \/>\n<meta property=\"og:url\" content=\"https:\/\/technometalhellas.gr\/de\/produkte\/flexible-systeme\/technoflex-inox-twin\/\" \/>\n<meta property=\"og:site_name\" content=\"Technometal Hellas\" \/>\n<meta property=\"article:modified_time\" content=\"2025-11-17T16:57:59+00:00\" \/>\n<meta name=\"twitter:card\" content=\"summary_large_image\" \/>\n<meta name=\"twitter:label1\" content=\"Gesch\u00e4tzte Lesezeit\" \/>\n\t<meta name=\"twitter:data1\" content=\"1\u00a0Minute\" \/>\n<script type=\"application\/ld+json\" class=\"yoast-schema-graph\">{\"@context\":\"https:\\\/\\\/schema.org\",\"@graph\":[{\"@type\":\"WebPage\",\"@id\":\"https:\\\/\\\/technometalhellas.gr\\\/de\\\/produkte\\\/flexible-systeme\\\/technoflex-inox-twin\\\/\",\"url\":\"https:\\\/\\\/technometalhellas.gr\\\/de\\\/produkte\\\/flexible-systeme\\\/technoflex-inox-twin\\\/\",\"name\":\"TECHNOFLEX INOX TWIN - Technometal Hellas\",\"isPartOf\":{\"@id\":\"https:\\\/\\\/technometalhellas.gr\\\/#website\"},\"datePublished\":\"2019-01-10T21:24:45+00:00\",\"dateModified\":\"2025-11-17T16:57:59+00:00\",\"breadcrumb\":{\"@id\":\"https:\\\/\\\/technometalhellas.gr\\\/de\\\/produkte\\\/flexible-systeme\\\/technoflex-inox-twin\\\/#breadcrumb\"},\"inLanguage\":\"de\",\"potentialAction\":[{\"@type\":\"ReadAction\",\"target\":[\"https:\\\/\\\/technometalhellas.gr\\\/de\\\/produkte\\\/flexible-systeme\\\/technoflex-inox-twin\\\/\"]}]},{\"@type\":\"BreadcrumbList\",\"@id\":\"https:\\\/\\\/technometalhellas.gr\\\/de\\\/produkte\\\/flexible-systeme\\\/technoflex-inox-twin\\\/#breadcrumb\",\"itemListElement\":[{\"@type\":\"ListItem\",\"position\":1,\"name\":\"\u0391\u03c1\u03c7\u03b9\u03ba\u03ae\",\"item\":\"https:\\\/\\\/technometalhellas.gr\\\/de\\\/\"},{\"@type\":\"ListItem\",\"position\":2,\"name\":\"PRODUKTE\",\"item\":\"https:\\\/\\\/technometalhellas.gr\\\/de\\\/produkte\\\/\"},{\"@type\":\"ListItem\",\"position\":3,\"name\":\"FLEXIBLE LUFTKAN\u00c4LE\",\"item\":\"https:\\\/\\\/technometalhellas.gr\\\/de\\\/produkte\\\/flexible-systeme\\\/\"},{\"@type\":\"ListItem\",\"position\":4,\"name\":\"TECHNOFLEX INOX TWIN\"}]},{\"@type\":\"WebSite\",\"@id\":\"https:\\\/\\\/technometalhellas.gr\\\/#website\",\"url\":\"https:\\\/\\\/technometalhellas.gr\\\/\",\"name\":\"Technometal Hellas\",\"description\":\"Schornsteine, Luftkan\u00e4le und Metallprodukte\",\"potentialAction\":[{\"@type\":\"SearchAction\",\"target\":{\"@type\":\"EntryPoint\",\"urlTemplate\":\"https:\\\/\\\/technometalhellas.gr\\\/?s={search_term_string}\"},\"query-input\":{\"@type\":\"PropertyValueSpecification\",\"valueRequired\":true,\"valueName\":\"search_term_string\"}}],\"inLanguage\":\"de\"}]}<\/script>","yoast_head_json":{"title":"TECHNOFLEX INOX TWIN - Technometal Hellas","robots":{"index":"index","follow":"follow","max-snippet":"max-snippet:-1","max-image-preview":"max-image-preview:large","max-video-preview":"max-video-preview:-1"},"canonical":"https:\/\/technometalhellas.gr\/de\/produkte\/flexible-systeme\/technoflex-inox-twin\/","og_locale":"de_DE","og_type":"article","og_title":"TECHNOFLEX INOX TWIN - Technometal Hellas","og_description":"[vc_row][vc_column][vc_empty_space][vc_custom_heading text=&#8220;TECHNOFLEX INOX TWIN&#8220; font_container=&#8220;tag:h2|font_size:30|text_align:left|color:%23333333&#8243; google_fonts=&#8220;font_family:Open%20Sans%3A300%2C300italic%2Cregular%2Citalic%2C600%2C600italic%2C700%2C700italic%2C800%2C800italic|font_style:700%20bold%20regular%3A700%3Anormal&#8220;][vc_empty_space height=&#8220;12px&#8220;][vc_separator][vc_column_text] Halbflexible Doppelwandige Edelstahlrohre mit glatter Innenfl\u00e4che Hergestellt aus antimagnetischem Edelstahl AISI 304 Stahlst\u00e4rke: 0,09 mm In verschiedenen Sonderl\u00e4ngen (? m) erh\u00e4ltlich Verf\u00fcgbare Durchmesser: \u00d880 \u2013 \u00d8100 \u2013 \u00d8125 \u2013 \u00d8130 \u2013 \u00d8150 \u2013 &hellip;","og_url":"https:\/\/technometalhellas.gr\/de\/produkte\/flexible-systeme\/technoflex-inox-twin\/","og_site_name":"Technometal Hellas","article_modified_time":"2025-11-17T16:57:59+00:00","twitter_card":"summary_large_image","twitter_misc":{"Gesch\u00e4tzte Lesezeit":"1\u00a0Minute"},"schema":{"@context":"https:\/\/schema.org","@graph":[{"@type":"WebPage","@id":"https:\/\/technometalhellas.gr\/de\/produkte\/flexible-systeme\/technoflex-inox-twin\/","url":"https:\/\/technometalhellas.gr\/de\/produkte\/flexible-systeme\/technoflex-inox-twin\/","name":"TECHNOFLEX INOX TWIN - Technometal Hellas","isPartOf":{"@id":"https:\/\/technometalhellas.gr\/#website"},"datePublished":"2019-01-10T21:24:45+00:00","dateModified":"2025-11-17T16:57:59+00:00","breadcrumb":{"@id":"https:\/\/technometalhellas.gr\/de\/produkte\/flexible-systeme\/technoflex-inox-twin\/#breadcrumb"},"inLanguage":"de","potentialAction":[{"@type":"ReadAction","target":["https:\/\/technometalhellas.gr\/de\/produkte\/flexible-systeme\/technoflex-inox-twin\/"]}]},{"@type":"BreadcrumbList","@id":"https:\/\/technometalhellas.gr\/de\/produkte\/flexible-systeme\/technoflex-inox-twin\/#breadcrumb","itemListElement":[{"@type":"ListItem","position":1,"name":"\u0391\u03c1\u03c7\u03b9\u03ba\u03ae","item":"https:\/\/technometalhellas.gr\/de\/"},{"@type":"ListItem","position":2,"name":"PRODUKTE","item":"https:\/\/technometalhellas.gr\/de\/produkte\/"},{"@type":"ListItem","position":3,"name":"FLEXIBLE LUFTKAN\u00c4LE","item":"https:\/\/technometalhellas.gr\/de\/produkte\/flexible-systeme\/"},{"@type":"ListItem","position":4,"name":"TECHNOFLEX INOX TWIN"}]},{"@type":"WebSite","@id":"https:\/\/technometalhellas.gr\/#website","url":"https:\/\/technometalhellas.gr\/","name":"Technometal Hellas","description":"Schornsteine, Luftkan\u00e4le und Metallprodukte","potentialAction":[{"@type":"SearchAction","target":{"@type":"EntryPoint","urlTemplate":"https:\/\/technometalhellas.gr\/?s={search_term_string}"},"query-input":{"@type":"PropertyValueSpecification","valueRequired":true,"valueName":"search_term_string"}}],"inLanguage":"de"}]}},"_links":{"self":[{"href":"https:\/\/technometalhellas.gr\/de\/wp-json\/wp\/v2\/pages\/3259","targetHints":{"allow":["GET"]}}],"collection":[{"href":"https:\/\/technometalhellas.gr\/de\/wp-json\/wp\/v2\/pages"}],"about":[{"href":"https:\/\/technometalhellas.gr\/de\/wp-json\/wp\/v2\/types\/page"}],"author":[{"embeddable":true,"href":"https:\/\/technometalhellas.gr\/de\/wp-json\/wp\/v2\/users\/1"}],"replies":[{"embeddable":true,"href":"https:\/\/technometalhellas.gr\/de\/wp-json\/wp\/v2\/comments?post=3259"}],"version-history":[{"count":6,"href":"https:\/\/technometalhellas.gr\/de\/wp-json\/wp\/v2\/pages\/3259\/revisions"}],"predecessor-version":[{"id":6978,"href":"https:\/\/technometalhellas.gr\/de\/wp-json\/wp\/v2\/pages\/3259\/revisions\/6978"}],"up":[{"embeddable":true,"href":"https:\/\/technometalhellas.gr\/de\/wp-json\/wp\/v2\/pages\/3244"}],"wp:attachment":[{"href":"https:\/\/technometalhellas.gr\/de\/wp-json\/wp\/v2\/media?parent=3259"}],"curies":[{"name":"wp","href":"https:\/\/api.w.org\/{rel}","templated":true}]}}