{"id":3256,"date":"2019-01-10T23:27:31","date_gmt":"2019-01-10T21:27:31","guid":{"rendered":"http:\/\/technometalhellas.gr\/apolikseis\/"},"modified":"2025-11-17T18:06:03","modified_gmt":"2025-11-17T16:06:03","slug":"schornsteinkoepfe","status":"publish","type":"page","link":"https:\/\/technometalhellas.gr\/de\/produkte\/schornstein-systeme\/schornsteinkoepfe\/","title":{"rendered":"SCHORNSTEINM\u00dcNDUNGEN"},"content":{"rendered":"<div class=\"wpb-content-wrapper\"><p>[vc_row][vc_column][vc_empty_space][vc_custom_heading text=&#8220;SCHORNSTEINM\u00dcNDUNGEN (ABDECKUNGEN)&#8220; font_container=&#8220;tag:h2|font_size:30|text_align:left|color:%23333333&#8243; google_fonts=&#8220;font_family:Open%20Sans%3A300%2C300italic%2Cregular%2Citalic%2C600%2C600italic%2C700%2C700italic%2C800%2C800italic|font_style:700%20bold%20regular%3A700%3Anormal&#8220;][vc_empty_space height=&#8220;12px&#8220;][vc_separator][vc_column_text]<\/p>\n<p data-start=\"598\" data-end=\"810\">Hergestellt aus nichtmagnetischem Edelstahl AISI 304 oder AISI 316.<br data-start=\"665\" data-end=\"668\" \/>Stahlst\u00e4rken: 0,40 mm oder 0,50 mm<br data-start=\"702\" data-end=\"705\" \/>Auch erh\u00e4ltlich in verzinktem Stahl EN 10142, St\u00e4rke 0,50 mm<br data-start=\"765\" data-end=\"768\" \/>Verf\u00fcgbare Durchmesser: von \u00d880 bis \u00d8450<\/p>\n<p data-start=\"812\" data-end=\"920\">Kompatibel mit Adaptern f\u00fcr isolierte Schornsteine.<br data-start=\"863\" data-end=\"866\" \/>Auch mit quadratischer Basis auf Anfrage erh\u00e4ltlich.<\/p>\n<p data-start=\"922\" data-end=\"1192\" data-is-last-node=\"\" data-is-only-node=\"\">Die umfassendste Sammlung von Schornsteinausl\u00e4ssen, abh\u00e4ngig von der Nutzung des Schornsteins und dem architektonischen Stil.<br data-start=\"1047\" data-end=\"1050\" \/>Viele verschiedene Ausf\u00fchrungen, von einfachen bis zu aufwendigen windresistenten Konstruktionen, die alle Zugprobleme des Schornsteins l\u00f6sen.<\/p>\n<p>[\/vc_column_text][\/vc_column][\/vc_row][vc_row][vc_column][vc_custom_heading text=&#8220;SAMMLUNG VON SCHORNSTEINM\u00dcNDUNGEN (ABDECKUNGEN)&#8220; font_container=&#8220;tag:h2|font_size:30|text_align:left|color:%23333333&#8243; google_fonts=&#8220;font_family:Open%20Sans%3A300%2C300italic%2Cregular%2Citalic%2C600%2C600italic%2C700%2C700italic%2C800%2C800italic|font_style:700%20bold%20regular%3A700%3Anormal&#8220;][vc_separator][vc_media_grid grid_id=&#8220;vc_gid:1763394660858-1cac3bde-1b42-6&#8243; include=&#8220;7425,7428,7431,7434,7437,7440,7443,7446,7449,7452,7455,7458,7461,7464&#8243;][\/vc_column][\/vc_row]<\/p>\n<\/div>","protected":false},"excerpt":{"rendered":"<p>[vc_row][vc_column][vc_empty_space][vc_custom_heading text=&#8220;SCHORNSTEINM\u00dcNDUNGEN (ABDECKUNGEN)&#8220; font_container=&#8220;tag:h2|font_size:30|text_align:left|color:%23333333&#8243; google_fonts=&#8220;font_family:Open%20Sans%3A300%2C300italic%2Cregular%2Citalic%2C600%2C600italic%2C700%2C700italic%2C800%2C800italic|font_style:700%20bold%20regular%3A700%3Anormal&#8220;][vc_empty_space height=&#8220;12px&#8220;][vc_separator][vc_column_text] Hergestellt aus nichtmagnetischem Edelstahl AISI 304 oder AISI 316.Stahlst\u00e4rken: 0,40 mm oder 0,50 mmAuch erh\u00e4ltlich in verzinktem Stahl EN 10142, St\u00e4rke 0,50 mmVerf\u00fcgbare Durchmesser: von \u00d880 bis \u00d8450 Kompatibel mit Adaptern f\u00fcr isolierte Schornsteine.Auch &hellip;<\/p>\n","protected":false},"author":1,"featured_media":0,"parent":3370,"menu_order":0,"comment_status":"closed","ping_status":"closed","template":"","meta":{"footnotes":""},"class_list":["post-3256","page","type-page","status-publish","hentry"],"yoast_head":"<title>SCHORNSTEINM\u00dcNDUNGEN - Technometal Hellas<\/title>\n<meta name=\"robots\" content=\"index, follow, max-snippet:-1, max-image-preview:large, max-video-preview:-1\" \/>\n<link rel=\"canonical\" href=\"https:\/\/technometalhellas.gr\/de\/produkte\/schornstein-systeme\/schornsteinkoepfe\/\" \/>\n<meta property=\"og:locale\" content=\"de_DE\" \/>\n<meta property=\"og:type\" content=\"article\" \/>\n<meta property=\"og:title\" content=\"SCHORNSTEINM\u00dcNDUNGEN - Technometal Hellas\" \/>\n<meta property=\"og:description\" content=\"[vc_row][vc_column][vc_empty_space][vc_custom_heading text=&#8220;SCHORNSTEINM\u00dcNDUNGEN (ABDECKUNGEN)&#8220; font_container=&#8220;tag:h2|font_size:30|text_align:left|color:%23333333&#8243; google_fonts=&#8220;font_family:Open%20Sans%3A300%2C300italic%2Cregular%2Citalic%2C600%2C600italic%2C700%2C700italic%2C800%2C800italic|font_style:700%20bold%20regular%3A700%3Anormal&#8220;][vc_empty_space height=&#8220;12px&#8220;][vc_separator][vc_column_text] Hergestellt aus nichtmagnetischem Edelstahl AISI 304 oder AISI 316.Stahlst\u00e4rken: 0,40 mm oder 0,50 mmAuch erh\u00e4ltlich in verzinktem Stahl EN 10142, St\u00e4rke 0,50 mmVerf\u00fcgbare Durchmesser: von \u00d880 bis \u00d8450 Kompatibel mit Adaptern f\u00fcr isolierte Schornsteine.Auch &hellip;\" \/>\n<meta property=\"og:url\" content=\"https:\/\/technometalhellas.gr\/de\/produkte\/schornstein-systeme\/schornsteinkoepfe\/\" \/>\n<meta property=\"og:site_name\" content=\"Technometal Hellas\" \/>\n<meta property=\"article:modified_time\" content=\"2025-11-17T16:06:03+00:00\" \/>\n<meta name=\"twitter:card\" content=\"summary_large_image\" \/>\n<meta name=\"twitter:label1\" content=\"Gesch\u00e4tzte Lesezeit\" \/>\n\t<meta name=\"twitter:data1\" content=\"1\u00a0Minute\" \/>\n<script type=\"application\/ld+json\" class=\"yoast-schema-graph\">{\"@context\":\"https:\\\/\\\/schema.org\",\"@graph\":[{\"@type\":\"WebPage\",\"@id\":\"https:\\\/\\\/technometalhellas.gr\\\/de\\\/produkte\\\/schornstein-systeme\\\/schornsteinkoepfe\\\/\",\"url\":\"https:\\\/\\\/technometalhellas.gr\\\/de\\\/produkte\\\/schornstein-systeme\\\/schornsteinkoepfe\\\/\",\"name\":\"SCHORNSTEINM\u00dcNDUNGEN - Technometal Hellas\",\"isPartOf\":{\"@id\":\"https:\\\/\\\/technometalhellas.gr\\\/#website\"},\"datePublished\":\"2019-01-10T21:27:31+00:00\",\"dateModified\":\"2025-11-17T16:06:03+00:00\",\"breadcrumb\":{\"@id\":\"https:\\\/\\\/technometalhellas.gr\\\/de\\\/produkte\\\/schornstein-systeme\\\/schornsteinkoepfe\\\/#breadcrumb\"},\"inLanguage\":\"de\",\"potentialAction\":[{\"@type\":\"ReadAction\",\"target\":[\"https:\\\/\\\/technometalhellas.gr\\\/de\\\/produkte\\\/schornstein-systeme\\\/schornsteinkoepfe\\\/\"]}]},{\"@type\":\"BreadcrumbList\",\"@id\":\"https:\\\/\\\/technometalhellas.gr\\\/de\\\/produkte\\\/schornstein-systeme\\\/schornsteinkoepfe\\\/#breadcrumb\",\"itemListElement\":[{\"@type\":\"ListItem\",\"position\":1,\"name\":\"\u0391\u03c1\u03c7\u03b9\u03ba\u03ae\",\"item\":\"https:\\\/\\\/technometalhellas.gr\\\/de\\\/\"},{\"@type\":\"ListItem\",\"position\":2,\"name\":\"PRODUKTE\",\"item\":\"https:\\\/\\\/technometalhellas.gr\\\/de\\\/produkte\\\/\"},{\"@type\":\"ListItem\",\"position\":3,\"name\":\"SCHORNSTEINSYSTEME\",\"item\":\"https:\\\/\\\/technometalhellas.gr\\\/de\\\/produkte\\\/schornstein-systeme\\\/\"},{\"@type\":\"ListItem\",\"position\":4,\"name\":\"SCHORNSTEINM\u00dcNDUNGEN\"}]},{\"@type\":\"WebSite\",\"@id\":\"https:\\\/\\\/technometalhellas.gr\\\/#website\",\"url\":\"https:\\\/\\\/technometalhellas.gr\\\/\",\"name\":\"Technometal Hellas\",\"description\":\"Schornsteine, Luftkan\u00e4le und Metallprodukte\",\"potentialAction\":[{\"@type\":\"SearchAction\",\"target\":{\"@type\":\"EntryPoint\",\"urlTemplate\":\"https:\\\/\\\/technometalhellas.gr\\\/?s={search_term_string}\"},\"query-input\":{\"@type\":\"PropertyValueSpecification\",\"valueRequired\":true,\"valueName\":\"search_term_string\"}}],\"inLanguage\":\"de\"}]}<\/script>","yoast_head_json":{"title":"SCHORNSTEINM\u00dcNDUNGEN - Technometal Hellas","robots":{"index":"index","follow":"follow","max-snippet":"max-snippet:-1","max-image-preview":"max-image-preview:large","max-video-preview":"max-video-preview:-1"},"canonical":"https:\/\/technometalhellas.gr\/de\/produkte\/schornstein-systeme\/schornsteinkoepfe\/","og_locale":"de_DE","og_type":"article","og_title":"SCHORNSTEINM\u00dcNDUNGEN - Technometal Hellas","og_description":"[vc_row][vc_column][vc_empty_space][vc_custom_heading text=&#8220;SCHORNSTEINM\u00dcNDUNGEN (ABDECKUNGEN)&#8220; font_container=&#8220;tag:h2|font_size:30|text_align:left|color:%23333333&#8243; google_fonts=&#8220;font_family:Open%20Sans%3A300%2C300italic%2Cregular%2Citalic%2C600%2C600italic%2C700%2C700italic%2C800%2C800italic|font_style:700%20bold%20regular%3A700%3Anormal&#8220;][vc_empty_space height=&#8220;12px&#8220;][vc_separator][vc_column_text] Hergestellt aus nichtmagnetischem Edelstahl AISI 304 oder AISI 316.Stahlst\u00e4rken: 0,40 mm oder 0,50 mmAuch erh\u00e4ltlich in verzinktem Stahl EN 10142, St\u00e4rke 0,50 mmVerf\u00fcgbare Durchmesser: von \u00d880 bis \u00d8450 Kompatibel mit Adaptern f\u00fcr isolierte Schornsteine.Auch &hellip;","og_url":"https:\/\/technometalhellas.gr\/de\/produkte\/schornstein-systeme\/schornsteinkoepfe\/","og_site_name":"Technometal Hellas","article_modified_time":"2025-11-17T16:06:03+00:00","twitter_card":"summary_large_image","twitter_misc":{"Gesch\u00e4tzte Lesezeit":"1\u00a0Minute"},"schema":{"@context":"https:\/\/schema.org","@graph":[{"@type":"WebPage","@id":"https:\/\/technometalhellas.gr\/de\/produkte\/schornstein-systeme\/schornsteinkoepfe\/","url":"https:\/\/technometalhellas.gr\/de\/produkte\/schornstein-systeme\/schornsteinkoepfe\/","name":"SCHORNSTEINM\u00dcNDUNGEN - Technometal Hellas","isPartOf":{"@id":"https:\/\/technometalhellas.gr\/#website"},"datePublished":"2019-01-10T21:27:31+00:00","dateModified":"2025-11-17T16:06:03+00:00","breadcrumb":{"@id":"https:\/\/technometalhellas.gr\/de\/produkte\/schornstein-systeme\/schornsteinkoepfe\/#breadcrumb"},"inLanguage":"de","potentialAction":[{"@type":"ReadAction","target":["https:\/\/technometalhellas.gr\/de\/produkte\/schornstein-systeme\/schornsteinkoepfe\/"]}]},{"@type":"BreadcrumbList","@id":"https:\/\/technometalhellas.gr\/de\/produkte\/schornstein-systeme\/schornsteinkoepfe\/#breadcrumb","itemListElement":[{"@type":"ListItem","position":1,"name":"\u0391\u03c1\u03c7\u03b9\u03ba\u03ae","item":"https:\/\/technometalhellas.gr\/de\/"},{"@type":"ListItem","position":2,"name":"PRODUKTE","item":"https:\/\/technometalhellas.gr\/de\/produkte\/"},{"@type":"ListItem","position":3,"name":"SCHORNSTEINSYSTEME","item":"https:\/\/technometalhellas.gr\/de\/produkte\/schornstein-systeme\/"},{"@type":"ListItem","position":4,"name":"SCHORNSTEINM\u00dcNDUNGEN"}]},{"@type":"WebSite","@id":"https:\/\/technometalhellas.gr\/#website","url":"https:\/\/technometalhellas.gr\/","name":"Technometal Hellas","description":"Schornsteine, Luftkan\u00e4le und Metallprodukte","potentialAction":[{"@type":"SearchAction","target":{"@type":"EntryPoint","urlTemplate":"https:\/\/technometalhellas.gr\/?s={search_term_string}"},"query-input":{"@type":"PropertyValueSpecification","valueRequired":true,"valueName":"search_term_string"}}],"inLanguage":"de"}]}},"_links":{"self":[{"href":"https:\/\/technometalhellas.gr\/de\/wp-json\/wp\/v2\/pages\/3256","targetHints":{"allow":["GET"]}}],"collection":[{"href":"https:\/\/technometalhellas.gr\/de\/wp-json\/wp\/v2\/pages"}],"about":[{"href":"https:\/\/technometalhellas.gr\/de\/wp-json\/wp\/v2\/types\/page"}],"author":[{"embeddable":true,"href":"https:\/\/technometalhellas.gr\/de\/wp-json\/wp\/v2\/users\/1"}],"replies":[{"embeddable":true,"href":"https:\/\/technometalhellas.gr\/de\/wp-json\/wp\/v2\/comments?post=3256"}],"version-history":[{"count":6,"href":"https:\/\/technometalhellas.gr\/de\/wp-json\/wp\/v2\/pages\/3256\/revisions"}],"predecessor-version":[{"id":6616,"href":"https:\/\/technometalhellas.gr\/de\/wp-json\/wp\/v2\/pages\/3256\/revisions\/6616"}],"up":[{"embeddable":true,"href":"https:\/\/technometalhellas.gr\/de\/wp-json\/wp\/v2\/pages\/3370"}],"wp:attachment":[{"href":"https:\/\/technometalhellas.gr\/de\/wp-json\/wp\/v2\/media?parent=3256"}],"curies":[{"name":"wp","href":"https:\/\/api.w.org\/{rel}","templated":true}]}}