{"id":3244,"date":"2019-03-02T13:56:06","date_gmt":"2019-03-02T11:56:06","guid":{"rendered":"http:\/\/technometalhellas.gr\/systimata-eykampton\/"},"modified":"2025-12-02T11:43:52","modified_gmt":"2025-12-02T09:43:52","slug":"flexible-systeme","status":"publish","type":"page","link":"https:\/\/technometalhellas.gr\/de\/produkte\/flexible-systeme\/","title":{"rendered":"FLEXIBLE LUFTKAN\u00c4LE"},"content":{"rendered":"<div class=\"wpb-content-wrapper\"><p>[vc_row css=&#8220;.vc_custom_1453476243999{margin-bottom: 15px !important;}&#8220;][vc_column][vc_empty_space][vc_column_text]<\/p>\n<h1 style=\"text-align: center;\">FLEXIBLE LUFTKAN\u00c4LE<\/h1>\n<p>[\/vc_column_text][\/vc_column][\/vc_row][vc_row][vc_column]<div class=\"gallery-fs\"><figure><img decoding=\"async\" src=\"https:\/\/technometalhellas.gr\/wp-content\/uploads\/2019\/03\/systimata_eykampton.jpg\" alt=\"systimata_eykampton\"><figcaption><\/figcaption><\/figure><div class=\"gallery-fs-nav\"><button class=\"gallery-fs-fullscreen\"><i class=\"fa fa-arrows-alt\"><\/i><\/button><\/div><div class=\"gallery-fs-thumbnails gallery-fs-thumbnails-col-5 owl-carousel\"><a href='https:\/\/technometalhellas.gr\/wp-content\/uploads\/2019\/03\/systimata_eykampton.jpg' data-caption='' title='' class=\"selected\"><img loading=\"lazy\" decoding=\"async\" width=\"280\" height=\"210\" src=\"https:\/\/technometalhellas.gr\/wp-content\/uploads\/2019\/03\/systimata_eykampton-280x210.jpg\" class=\"attachment-anps-gallery-thumb size-anps-gallery-thumb\" alt=\"systimata_eykampton\" \/><\/a><a href='https:\/\/technometalhellas.gr\/wp-content\/uploads\/2018\/12\/flexible.jpg' data-caption='' title=''><img loading=\"lazy\" decoding=\"async\" width=\"280\" height=\"210\" src=\"https:\/\/technometalhellas.gr\/wp-content\/uploads\/2018\/12\/flexible-280x210.jpg\" class=\"attachment-anps-gallery-thumb size-anps-gallery-thumb\" alt=\"\" \/><\/a><a href='https:\/\/technometalhellas.gr\/wp-content\/uploads\/2025\/11\/technometalhellas-1-16.jpg' data-caption='' title=''><img loading=\"lazy\" decoding=\"async\" width=\"280\" height=\"210\" src=\"https:\/\/technometalhellas.gr\/wp-content\/uploads\/2025\/11\/technometalhellas-1-16-280x210.jpg\" class=\"attachment-anps-gallery-thumb size-anps-gallery-thumb\" alt=\"\" \/><\/a><a href='https:\/\/technometalhellas.gr\/wp-content\/uploads\/2025\/11\/technometalhellas-2-14.jpg' data-caption='' title=''><img loading=\"lazy\" decoding=\"async\" width=\"280\" height=\"210\" src=\"https:\/\/technometalhellas.gr\/wp-content\/uploads\/2025\/11\/technometalhellas-2-14-280x210.jpg\" class=\"attachment-anps-gallery-thumb size-anps-gallery-thumb\" alt=\"\" \/><\/a><a href='https:\/\/technometalhellas.gr\/wp-content\/uploads\/2025\/11\/technometalhellas-3-14.jpg' data-caption='' title=''><img loading=\"lazy\" decoding=\"async\" width=\"280\" height=\"210\" src=\"https:\/\/technometalhellas.gr\/wp-content\/uploads\/2025\/11\/technometalhellas-3-14-280x210.jpg\" class=\"attachment-anps-gallery-thumb size-anps-gallery-thumb\" alt=\"\" \/><\/a><a href='https:\/\/technometalhellas.gr\/wp-content\/uploads\/2025\/11\/technometalhellas-4-13.jpg' data-caption='' title=''><img loading=\"lazy\" decoding=\"async\" width=\"280\" height=\"210\" src=\"https:\/\/technometalhellas.gr\/wp-content\/uploads\/2025\/11\/technometalhellas-4-13-280x210.jpg\" class=\"attachment-anps-gallery-thumb size-anps-gallery-thumb\" alt=\"\" \/><\/a><a href='https:\/\/technometalhellas.gr\/wp-content\/uploads\/2025\/11\/technometalhellas-5-11.jpg' data-caption='' title=''><img loading=\"lazy\" decoding=\"async\" width=\"280\" height=\"210\" src=\"https:\/\/technometalhellas.gr\/wp-content\/uploads\/2025\/11\/technometalhellas-5-11-280x210.jpg\" class=\"attachment-anps-gallery-thumb size-anps-gallery-thumb\" alt=\"\" \/><\/a><a href='https:\/\/technometalhellas.gr\/wp-content\/uploads\/2025\/11\/technometalhellas-6-9.jpg' data-caption='' title=''><img loading=\"lazy\" decoding=\"async\" width=\"280\" height=\"210\" src=\"https:\/\/technometalhellas.gr\/wp-content\/uploads\/2025\/11\/technometalhellas-6-9-280x210.jpg\" class=\"attachment-anps-gallery-thumb size-anps-gallery-thumb\" alt=\"\" \/><\/a><\/div><\/div>[vc_empty_space][\/vc_column][\/vc_row][vc_row][vc_column width=&#8220;1\/3&#8243;][vc_single_image image=&#8220;2919&#8243; img_size=&#8220;medium&#8220; alignment=&#8220;center&#8220; onclick=&#8220;custom_link&#8220;][vc_cta h2=&#8220;TechnoFlex Inox&#8220; txt_align=&#8220;center&#8220; shape=&#8220;square&#8220; style=&#8220;outline&#8220; color=&#8220;juicy-pink&#8220; add_button=&#8220;bottom&#8220; btn_title=&#8220;MEHR SEHEN&#8220; btn_style=&#8220;outline&#8220; btn_color=&#8220;primary&#8220; btn_align=&#8220;center&#8220; btn_link=&#8220;url:http%3A%2F%2Ftechnometalhellas.gr%2Fde%2Fprodukte%2Fflexible-systeme%2Ftechnoflex-inox%2F|title:TechnoFlex%20Inox|&#8220;]<\/p>\n<article class=\"text-token-text-primary w-full focus:outline-none [--shadow-height:45px] has-data-writing-block:pointer-events-none has-data-writing-block:-mt-(--shadow-height) has-data-writing-block:pt-(--shadow-height) [&amp;:has([data-writing-block])&gt;*]:pointer-events-auto [content-visibility:auto] supports-[content-visibility:auto]:[contain-intrinsic-size:auto_100lvh] scroll-mt-[calc(var(--header-height)+min(200px,max(70px,20svh)))]\" dir=\"auto\" tabindex=\"-1\" data-turn-id=\"request-WEB:b245be7d-fc23-4621-a0cb-13db840b0f3f-24\" data-testid=\"conversation-turn-34\" data-scroll-anchor=\"true\" data-turn=\"assistant\">\n<div class=\"text-base my-auto mx-auto pb-10 [--thread-content-margin:--spacing(4)] thread-sm:[--thread-content-margin:--spacing(6)] thread-lg:[--thread-content-margin:--spacing(16)] px-(--thread-content-margin)\">\n<div class=\"[--thread-content-max-width:40rem] thread-lg:[--thread-content-max-width:48rem] mx-auto max-w-(--thread-content-max-width) flex-1 group\/turn-messages focus-visible:outline-hidden relative flex w-full min-w-0 flex-col agent-turn\" tabindex=\"-1\">\n<div class=\"flex max-w-full flex-col grow\">\n<div class=\"min-h-8 text-message relative flex w-full flex-col items-end gap-2 text-start break-words whitespace-normal [.text-message+&amp;]:mt-1\" dir=\"auto\" data-message-author-role=\"assistant\" data-message-id=\"163e7694-8525-4212-8a6c-2fc0949c0740\" data-message-model-slug=\"gpt-5-mini\">\n<div class=\"flex w-full flex-col gap-1 empty:hidden first:pt-[1px]\">\n<div class=\"markdown prose dark:prose-invert w-full break-words light markdown-new-styling\">\n<p data-start=\"385\" data-end=\"696\" data-is-last-node=\"\" data-is-only-node=\"\"><strong data-start=\"412\" data-end=\"431\">TechnoFlex Inox<\/strong> sind flexible einwandige Luftkan\u00e4le von hoher Zuverl\u00e4ssigkeit, hergestellt aus antimagnetischem Edelstahl AISI 304 mit einer St\u00e4rke von 0,09 mm. Sie eignen sich f\u00fcr den Einsatz in L\u00fcftungs-, Klima- und Heizungssystemen. Betriebstemperaturbereich: -30\u00b0C bis +400\u00b0C.<\/p>\n<\/div>\n<\/div>\n<\/div>\n<\/div>\n<\/div>\n<\/div>\n<\/article>\n<p>[\/vc_cta][\/vc_column][vc_column width=&#8220;1\/3&#8243;][vc_single_image image=&#8220;2916&#8243; img_size=&#8220;medium&#8220; alignment=&#8220;center&#8220; onclick=&#8220;custom_link&#8220;][vc_cta h2=&#8220;TechnoFlex Inox Twin&#8220; txt_align=&#8220;center&#8220; shape=&#8220;square&#8220; style=&#8220;outline&#8220; color=&#8220;juicy-pink&#8220; add_button=&#8220;bottom&#8220; btn_title=&#8220;MEHR SEHEN&#8220; btn_style=&#8220;outline&#8220; btn_color=&#8220;primary&#8220; btn_align=&#8220;center&#8220; btn_link=&#8220;url:http%3A%2F%2Ftechnometalhellas.gr%2Fde%2Fprodukte%2Fflexible-systeme%2Ftechnoflex-inox-twin%2F|title:TechnoFlex%20Inox%20Twin|&#8220;]<\/p>\n<article class=\"text-token-text-primary w-full focus:outline-none [--shadow-height:45px] has-data-writing-block:pointer-events-none has-data-writing-block:-mt-(--shadow-height) has-data-writing-block:pt-(--shadow-height) [&amp;:has([data-writing-block])&gt;*]:pointer-events-auto [content-visibility:auto] supports-[content-visibility:auto]:[contain-intrinsic-size:auto_100lvh] scroll-mt-[calc(var(--header-height)+min(200px,max(70px,20svh)))]\" dir=\"auto\" tabindex=\"-1\" data-turn-id=\"request-WEB:b245be7d-fc23-4621-a0cb-13db840b0f3f-25\" data-testid=\"conversation-turn-36\" data-scroll-anchor=\"true\" data-turn=\"assistant\">\n<div class=\"text-base my-auto mx-auto pb-10 [--thread-content-margin:--spacing(4)] thread-sm:[--thread-content-margin:--spacing(6)] thread-lg:[--thread-content-margin:--spacing(16)] px-(--thread-content-margin)\">\n<div class=\"[--thread-content-max-width:40rem] thread-lg:[--thread-content-max-width:48rem] mx-auto max-w-(--thread-content-max-width) flex-1 group\/turn-messages focus-visible:outline-hidden relative flex w-full min-w-0 flex-col agent-turn\" tabindex=\"-1\">\n<div class=\"flex max-w-full flex-col grow\">\n<div class=\"min-h-8 text-message relative flex w-full flex-col items-end gap-2 text-start break-words whitespace-normal [.text-message+&amp;]:mt-1\" dir=\"auto\" data-message-author-role=\"assistant\" data-message-id=\"6962008c-a506-4e2f-a0cc-38301543901e\" data-message-model-slug=\"gpt-5-mini\">\n<div class=\"flex w-full flex-col gap-1 empty:hidden first:pt-[1px]\">\n<div class=\"markdown prose dark:prose-invert w-full break-words light markdown-new-styling\">\n<p data-start=\"425\" data-end=\"766\" data-is-last-node=\"\" data-is-only-node=\"\"><strong data-start=\"452\" data-end=\"476\">TechnoFlex Inox Twin<\/strong> sind halbflexible, doppelwandige Kan\u00e4le mit glatter Innenfl\u00e4che von hoher Zuverl\u00e4ssigkeit, geeignet f\u00fcr Kamine, \u00d6fen, Heizkessel (\u00d6l oder Pellet) sowie L\u00fcftungs-, Klima- und Heizungssysteme. Die glatte Innenfl\u00e4che sorgt f\u00fcr schnelle Abgasableitung und reduziert Ablagerungen an den W\u00e4nden.<\/p>\n<\/div>\n<\/div>\n<\/div>\n<\/div>\n<\/div>\n<\/div>\n<\/article>\n<p>[\/vc_cta][\/vc_column][vc_column width=&#8220;1\/3&#8243;][vc_single_image image=&#8220;2924&#8243; img_size=&#8220;medium&#8220; alignment=&#8220;center&#8220; onclick=&#8220;custom_link&#8220;][vc_cta h2=&#8220;TechnoFlex Alu&#8220; txt_align=&#8220;center&#8220; shape=&#8220;square&#8220; style=&#8220;outline&#8220; color=&#8220;juicy-pink&#8220; add_button=&#8220;bottom&#8220; btn_title=&#8220;MEHR SEHEN&#8220; btn_style=&#8220;outline&#8220; btn_color=&#8220;primary&#8220; btn_align=&#8220;center&#8220; btn_link=&#8220;url:http%3A%2F%2Ftechnometalhellas.gr%2Fde%2Fprodukte%2Fflexible-systeme%2Ftechnoflex-alu%2F|title:TechnoFlex%20Alu|&#8220;]<\/p>\n<article class=\"text-token-text-primary w-full focus:outline-none [--shadow-height:45px] has-data-writing-block:pointer-events-none has-data-writing-block:-mt-(--shadow-height) has-data-writing-block:pt-(--shadow-height) [&amp;:has([data-writing-block])&gt;*]:pointer-events-auto [content-visibility:auto] supports-[content-visibility:auto]:[contain-intrinsic-size:auto_100lvh] scroll-mt-[calc(var(--header-height)+min(200px,max(70px,20svh)))]\" dir=\"auto\" tabindex=\"-1\" data-turn-id=\"request-WEB:b245be7d-fc23-4621-a0cb-13db840b0f3f-26\" data-testid=\"conversation-turn-38\" data-scroll-anchor=\"true\" data-turn=\"assistant\">\n<div class=\"text-base my-auto mx-auto pb-10 [--thread-content-margin:--spacing(4)] thread-sm:[--thread-content-margin:--spacing(6)] thread-lg:[--thread-content-margin:--spacing(16)] px-(--thread-content-margin)\">\n<div class=\"[--thread-content-max-width:40rem] thread-lg:[--thread-content-max-width:48rem] mx-auto max-w-(--thread-content-max-width) flex-1 group\/turn-messages focus-visible:outline-hidden relative flex w-full min-w-0 flex-col agent-turn\" tabindex=\"-1\">\n<div class=\"flex max-w-full flex-col grow\">\n<div class=\"min-h-8 text-message relative flex w-full flex-col items-end gap-2 text-start break-words whitespace-normal [.text-message+&amp;]:mt-1\" dir=\"auto\" data-message-author-role=\"assistant\" data-message-id=\"d0fb4e50-9288-43a1-85ea-8e9a1a8b1265\" data-message-model-slug=\"gpt-5-mini\">\n<div class=\"flex w-full flex-col gap-1 empty:hidden first:pt-[1px]\">\n<div class=\"markdown prose dark:prose-invert w-full break-words light markdown-new-styling\">\n<p data-start=\"426\" data-end=\"791\" data-is-last-node=\"\" data-is-only-node=\"\"><strong data-start=\"453\" data-end=\"471\">TechnoFlex Alu<\/strong> sind flexible einwandige Aluminium-Leitungen. Sie haben eine L\u00e4nge von 3 Metern (3 m) und k\u00f6nnen auf 1 Meter (1 m) komprimiert werden. Hergestellt aus Aluminium 8150 H21 mit einer St\u00e4rke von 0,09 mm, eignen sie sich f\u00fcr den Einsatz in L\u00fcftungs-, Klima- und Heizungssystemen. Betriebstemperaturbereich: -30\u00b0C bis +250\u00b0C.<\/p>\n<\/div>\n<\/div>\n<\/div>\n<\/div>\n<\/div>\n<\/div>\n<\/article>\n<p>[\/vc_cta][\/vc_column][\/vc_row]<\/p>\n<\/div>","protected":false},"excerpt":{"rendered":"<p>[vc_row css=&#8220;.vc_custom_1453476243999{margin-bottom: 15px !important;}&#8220;][vc_column][vc_empty_space][vc_column_text] FLEXIBLE LUFTKAN\u00c4LE [\/vc_column_text][\/vc_column][\/vc_row][vc_row][vc_column][vc_empty_space][\/vc_column][\/vc_row][vc_row][vc_column width=&#8220;1\/3&#8243;][vc_single_image image=&#8220;2919&#8243; img_size=&#8220;medium&#8220; alignment=&#8220;center&#8220; onclick=&#8220;custom_link&#8220;][vc_cta h2=&#8220;TechnoFlex Inox&#8220; txt_align=&#8220;center&#8220; shape=&#8220;square&#8220; style=&#8220;outline&#8220; color=&#8220;juicy-pink&#8220; add_button=&#8220;bottom&#8220; btn_title=&#8220;MEHR SEHEN&#8220; btn_style=&#8220;outline&#8220; btn_color=&#8220;primary&#8220; btn_align=&#8220;center&#8220; btn_link=&#8220;url:http%3A%2F%2Ftechnometalhellas.gr%2Fde%2Fprodukte%2Fflexible-systeme%2Ftechnoflex-inox%2F|title:TechnoFlex%20Inox|&#8220;] TechnoFlex Inox sind flexible einwandige Luftkan\u00e4le von hoher Zuverl\u00e4ssigkeit, hergestellt aus antimagnetischem Edelstahl AISI 304 &hellip;<\/p>\n","protected":false},"author":1,"featured_media":0,"parent":3382,"menu_order":0,"comment_status":"closed","ping_status":"closed","template":"","meta":{"footnotes":""},"class_list":["post-3244","page","type-page","status-publish","hentry"],"yoast_head":"<title>FLEXIBLE LUFTKAN\u00c4LE - Technometal Hellas<\/title>\n<meta name=\"robots\" content=\"index, follow, max-snippet:-1, max-image-preview:large, max-video-preview:-1\" \/>\n<link rel=\"canonical\" href=\"https:\/\/technometalhellas.gr\/de\/produkte\/flexible-systeme\/\" \/>\n<meta property=\"og:locale\" content=\"de_DE\" \/>\n<meta property=\"og:type\" content=\"article\" \/>\n<meta property=\"og:title\" content=\"FLEXIBLE LUFTKAN\u00c4LE - Technometal Hellas\" \/>\n<meta property=\"og:description\" content=\"[vc_row css=&#8220;.vc_custom_1453476243999{margin-bottom: 15px !important;}&#8220;][vc_column][vc_empty_space][vc_column_text] FLEXIBLE LUFTKAN\u00c4LE [\/vc_column_text][\/vc_column][\/vc_row][vc_row][vc_column][vc_empty_space][\/vc_column][\/vc_row][vc_row][vc_column width=&#8220;1\/3&#8243;][vc_single_image image=&#8220;2919&#8243; img_size=&#8220;medium&#8220; alignment=&#8220;center&#8220; onclick=&#8220;custom_link&#8220;][vc_cta h2=&#8220;TechnoFlex Inox&#8220; txt_align=&#8220;center&#8220; shape=&#8220;square&#8220; style=&#8220;outline&#8220; color=&#8220;juicy-pink&#8220; add_button=&#8220;bottom&#8220; btn_title=&#8220;MEHR SEHEN&#8220; btn_style=&#8220;outline&#8220; btn_color=&#8220;primary&#8220; btn_align=&#8220;center&#8220; btn_link=&#8220;url:http%3A%2F%2Ftechnometalhellas.gr%2Fde%2Fprodukte%2Fflexible-systeme%2Ftechnoflex-inox%2F|title:TechnoFlex%20Inox|&#8220;] TechnoFlex Inox sind flexible einwandige Luftkan\u00e4le von hoher Zuverl\u00e4ssigkeit, hergestellt aus antimagnetischem Edelstahl AISI 304 &hellip;\" \/>\n<meta property=\"og:url\" content=\"https:\/\/technometalhellas.gr\/de\/produkte\/flexible-systeme\/\" \/>\n<meta property=\"og:site_name\" content=\"Technometal Hellas\" \/>\n<meta property=\"article:modified_time\" content=\"2025-12-02T09:43:52+00:00\" \/>\n<meta name=\"twitter:card\" content=\"summary_large_image\" \/>\n<meta name=\"twitter:label1\" content=\"Gesch\u00e4tzte Lesezeit\" \/>\n\t<meta name=\"twitter:data1\" content=\"2\u00a0Minuten\" \/>\n<script type=\"application\/ld+json\" class=\"yoast-schema-graph\">{\"@context\":\"https:\\\/\\\/schema.org\",\"@graph\":[{\"@type\":\"WebPage\",\"@id\":\"https:\\\/\\\/technometalhellas.gr\\\/de\\\/produkte\\\/flexible-systeme\\\/\",\"url\":\"https:\\\/\\\/technometalhellas.gr\\\/de\\\/produkte\\\/flexible-systeme\\\/\",\"name\":\"FLEXIBLE LUFTKAN\u00c4LE - Technometal Hellas\",\"isPartOf\":{\"@id\":\"https:\\\/\\\/technometalhellas.gr\\\/#website\"},\"datePublished\":\"2019-03-02T11:56:06+00:00\",\"dateModified\":\"2025-12-02T09:43:52+00:00\",\"breadcrumb\":{\"@id\":\"https:\\\/\\\/technometalhellas.gr\\\/de\\\/produkte\\\/flexible-systeme\\\/#breadcrumb\"},\"inLanguage\":\"de\",\"potentialAction\":[{\"@type\":\"ReadAction\",\"target\":[\"https:\\\/\\\/technometalhellas.gr\\\/de\\\/produkte\\\/flexible-systeme\\\/\"]}]},{\"@type\":\"BreadcrumbList\",\"@id\":\"https:\\\/\\\/technometalhellas.gr\\\/de\\\/produkte\\\/flexible-systeme\\\/#breadcrumb\",\"itemListElement\":[{\"@type\":\"ListItem\",\"position\":1,\"name\":\"\u0391\u03c1\u03c7\u03b9\u03ba\u03ae\",\"item\":\"https:\\\/\\\/technometalhellas.gr\\\/de\\\/\"},{\"@type\":\"ListItem\",\"position\":2,\"name\":\"PRODUKTE\",\"item\":\"https:\\\/\\\/technometalhellas.gr\\\/de\\\/produkte\\\/\"},{\"@type\":\"ListItem\",\"position\":3,\"name\":\"FLEXIBLE LUFTKAN\u00c4LE\"}]},{\"@type\":\"WebSite\",\"@id\":\"https:\\\/\\\/technometalhellas.gr\\\/#website\",\"url\":\"https:\\\/\\\/technometalhellas.gr\\\/\",\"name\":\"Technometal Hellas\",\"description\":\"Schornsteine, Luftkan\u00e4le und Metallprodukte\",\"potentialAction\":[{\"@type\":\"SearchAction\",\"target\":{\"@type\":\"EntryPoint\",\"urlTemplate\":\"https:\\\/\\\/technometalhellas.gr\\\/?s={search_term_string}\"},\"query-input\":{\"@type\":\"PropertyValueSpecification\",\"valueRequired\":true,\"valueName\":\"search_term_string\"}}],\"inLanguage\":\"de\"}]}<\/script>","yoast_head_json":{"title":"FLEXIBLE LUFTKAN\u00c4LE - Technometal Hellas","robots":{"index":"index","follow":"follow","max-snippet":"max-snippet:-1","max-image-preview":"max-image-preview:large","max-video-preview":"max-video-preview:-1"},"canonical":"https:\/\/technometalhellas.gr\/de\/produkte\/flexible-systeme\/","og_locale":"de_DE","og_type":"article","og_title":"FLEXIBLE LUFTKAN\u00c4LE - Technometal Hellas","og_description":"[vc_row css=&#8220;.vc_custom_1453476243999{margin-bottom: 15px !important;}&#8220;][vc_column][vc_empty_space][vc_column_text] FLEXIBLE LUFTKAN\u00c4LE [\/vc_column_text][\/vc_column][\/vc_row][vc_row][vc_column][vc_empty_space][\/vc_column][\/vc_row][vc_row][vc_column width=&#8220;1\/3&#8243;][vc_single_image image=&#8220;2919&#8243; img_size=&#8220;medium&#8220; alignment=&#8220;center&#8220; onclick=&#8220;custom_link&#8220;][vc_cta h2=&#8220;TechnoFlex Inox&#8220; txt_align=&#8220;center&#8220; shape=&#8220;square&#8220; style=&#8220;outline&#8220; color=&#8220;juicy-pink&#8220; add_button=&#8220;bottom&#8220; btn_title=&#8220;MEHR SEHEN&#8220; btn_style=&#8220;outline&#8220; btn_color=&#8220;primary&#8220; btn_align=&#8220;center&#8220; btn_link=&#8220;url:http%3A%2F%2Ftechnometalhellas.gr%2Fde%2Fprodukte%2Fflexible-systeme%2Ftechnoflex-inox%2F|title:TechnoFlex%20Inox|&#8220;] TechnoFlex Inox sind flexible einwandige Luftkan\u00e4le von hoher Zuverl\u00e4ssigkeit, hergestellt aus antimagnetischem Edelstahl AISI 304 &hellip;","og_url":"https:\/\/technometalhellas.gr\/de\/produkte\/flexible-systeme\/","og_site_name":"Technometal Hellas","article_modified_time":"2025-12-02T09:43:52+00:00","twitter_card":"summary_large_image","twitter_misc":{"Gesch\u00e4tzte Lesezeit":"2\u00a0Minuten"},"schema":{"@context":"https:\/\/schema.org","@graph":[{"@type":"WebPage","@id":"https:\/\/technometalhellas.gr\/de\/produkte\/flexible-systeme\/","url":"https:\/\/technometalhellas.gr\/de\/produkte\/flexible-systeme\/","name":"FLEXIBLE LUFTKAN\u00c4LE - Technometal Hellas","isPartOf":{"@id":"https:\/\/technometalhellas.gr\/#website"},"datePublished":"2019-03-02T11:56:06+00:00","dateModified":"2025-12-02T09:43:52+00:00","breadcrumb":{"@id":"https:\/\/technometalhellas.gr\/de\/produkte\/flexible-systeme\/#breadcrumb"},"inLanguage":"de","potentialAction":[{"@type":"ReadAction","target":["https:\/\/technometalhellas.gr\/de\/produkte\/flexible-systeme\/"]}]},{"@type":"BreadcrumbList","@id":"https:\/\/technometalhellas.gr\/de\/produkte\/flexible-systeme\/#breadcrumb","itemListElement":[{"@type":"ListItem","position":1,"name":"\u0391\u03c1\u03c7\u03b9\u03ba\u03ae","item":"https:\/\/technometalhellas.gr\/de\/"},{"@type":"ListItem","position":2,"name":"PRODUKTE","item":"https:\/\/technometalhellas.gr\/de\/produkte\/"},{"@type":"ListItem","position":3,"name":"FLEXIBLE LUFTKAN\u00c4LE"}]},{"@type":"WebSite","@id":"https:\/\/technometalhellas.gr\/#website","url":"https:\/\/technometalhellas.gr\/","name":"Technometal Hellas","description":"Schornsteine, Luftkan\u00e4le und Metallprodukte","potentialAction":[{"@type":"SearchAction","target":{"@type":"EntryPoint","urlTemplate":"https:\/\/technometalhellas.gr\/?s={search_term_string}"},"query-input":{"@type":"PropertyValueSpecification","valueRequired":true,"valueName":"search_term_string"}}],"inLanguage":"de"}]}},"_links":{"self":[{"href":"https:\/\/technometalhellas.gr\/de\/wp-json\/wp\/v2\/pages\/3244","targetHints":{"allow":["GET"]}}],"collection":[{"href":"https:\/\/technometalhellas.gr\/de\/wp-json\/wp\/v2\/pages"}],"about":[{"href":"https:\/\/technometalhellas.gr\/de\/wp-json\/wp\/v2\/types\/page"}],"author":[{"embeddable":true,"href":"https:\/\/technometalhellas.gr\/de\/wp-json\/wp\/v2\/users\/1"}],"replies":[{"embeddable":true,"href":"https:\/\/technometalhellas.gr\/de\/wp-json\/wp\/v2\/comments?post=3244"}],"version-history":[{"count":18,"href":"https:\/\/technometalhellas.gr\/de\/wp-json\/wp\/v2\/pages\/3244\/revisions"}],"predecessor-version":[{"id":7509,"href":"https:\/\/technometalhellas.gr\/de\/wp-json\/wp\/v2\/pages\/3244\/revisions\/7509"}],"up":[{"embeddable":true,"href":"https:\/\/technometalhellas.gr\/de\/wp-json\/wp\/v2\/pages\/3382"}],"wp:attachment":[{"href":"https:\/\/technometalhellas.gr\/de\/wp-json\/wp\/v2\/media?parent=3244"}],"curies":[{"name":"wp","href":"https:\/\/api.w.org\/{rel}","templated":true}]}}