{"id":3235,"date":"2019-03-04T14:44:51","date_gmt":"2019-03-04T12:44:51","guid":{"rendered":"http:\/\/technometalhellas.gr\/gas-flue-systems\/"},"modified":"2025-11-17T17:10:25","modified_gmt":"2025-11-17T15:10:25","slug":"gas-flue-systems","status":"publish","type":"page","link":"https:\/\/technometalhellas.gr\/de\/produkte\/schornstein-systeme\/gas-flue-systems\/","title":{"rendered":"TECHNOPELLET"},"content":{"rendered":"<div class=\"wpb-content-wrapper\"><p>[vc_row][vc_column][vc_empty_space][vc_custom_heading text=&#8220;TECHNOPELLET \u2013 EINWANDIG&#8220; font_container=&#8220;tag:h2|font_size:30|text_align:left|color:%23333333&#8243; google_fonts=&#8220;font_family:Open%20Sans%3A300%2C300italic%2Cregular%2Citalic%2C600%2C600italic%2C700%2C700italic%2C800%2C800italic|font_style:700%20bold%20regular%3A700%3Anormal&#8220;][vc_empty_space height=&#8220;12px&#8220;][vc_separator][vc_column_text]<\/p>\n<p data-start=\"1543\" data-end=\"1692\">Hergestellt aus nichtmagnetischem Edelstahl AISI 304 oder AISI 316.<br data-start=\"1610\" data-end=\"1613\" \/>Stahlst\u00e4rken: 0,40 mm oder 0,50 mm<br data-start=\"1647\" data-end=\"1650\" \/>Verf\u00fcgbare Durchmesser: von \u00d880 bis \u00d8100<\/p>\n<p data-start=\"1694\" data-end=\"2110\"><strong data-start=\"1694\" data-end=\"1724\">Kontinuierliche Kontrolle:<\/strong><br data-start=\"1724\" data-end=\"1727\" \/>Die Schornsteine und Komponenten der TechnoPellet-Serie wurden gem\u00e4\u00df der EU-Richtlinie f\u00fcr Bauprodukte 89\/106\/EWG gepr\u00fcft und erf\u00fcllen alle Anforderungen der CE-Kennzeichnung gem\u00e4\u00df EN 1856-1 und EN 1856-2.<br data-start=\"1932\" data-end=\"1935\" \/>Die Zertifizierung erfolgte durch die anerkannte Stelle DEDAL \u2013 Attestation and Certification Ltd.<br data-start=\"2033\" data-end=\"2036\" \/>Die Qualit\u00e4tskontrolle erfolgt durch das ISO 9001:2015-Managementsystem.<\/p>\n<p data-start=\"2112\" data-end=\"2369\"><strong data-start=\"2112\" data-end=\"2125\">Merkmale:<\/strong><br data-start=\"2125\" data-end=\"2128\" \/>Autogenes Schwei\u00dfen von Rohren und Komponenten<br data-start=\"2174\" data-end=\"2177\" \/>M\u00e4nnlich\u2013weibliche Verbindungsausf\u00fchrung<br data-start=\"2217\" data-end=\"2220\" \/>Einfache Montage von Rohren und Komponenten<br data-start=\"2263\" data-end=\"2266\" \/>Dichtigkeit durch 200\u00b0C Silikonflansch<br data-start=\"2304\" data-end=\"2307\" \/>Konstruktive Flexibilit\u00e4t mit einer Vielzahl von Komponenten<\/p>\n<p data-start=\"2371\" data-end=\"2844\"><strong data-start=\"2371\" data-end=\"2420\">Die TechnoPellet-Komponentensammlung umfasst:<\/strong><br data-start=\"2420\" data-end=\"2423\" \/>Gerade Elemente: 0,25 m \u2013 0,50 m \u2013 1,00 m<br data-start=\"2464\" data-end=\"2467\" \/>Teleskop-Geradelemente: 1\u20132 m, 0,50\u20131 m, 0,25\u20130,40 m<br data-start=\"2519\" data-end=\"2522\" \/>B\u00f6gen\/Winkel: 15\u00b0, 30\u00b0, 45\u00b0, 60\u00b0, 90\u00b0<br data-start=\"2559\" data-end=\"2562\" \/>T-St\u00fccke 90\u00b0 und 135\u00b0 Halb-T<br data-start=\"2590\" data-end=\"2593\" \/>90\u00b0 Pellet-T-St\u00fcck \u00d880 mit Deckel (rechts oder links)<br data-start=\"2646\" data-end=\"2649\" \/>Reinigungsdeckel<br data-start=\"2665\" data-end=\"2668\" \/>Zus\u00e4tzlicher Edelstahlanschluss f\u00fcr ger\u00e4uschlosen Deckel<br data-start=\"2724\" data-end=\"2727\" \/>Klemmschellen<br data-start=\"2740\" data-end=\"2743\" \/>Silikonflansche 200\u00b0C<br data-start=\"2764\" data-end=\"2767\" \/>Achsenversatz<br data-start=\"2780\" data-end=\"2783\" \/>Verschiedene Reduzierungen<br data-start=\"2809\" data-end=\"2812\" \/>Wandrosetten<br data-start=\"2824\" data-end=\"2827\" \/>Wandhalterungen<\/p>\n<p data-start=\"2846\" data-end=\"3107\" data-is-last-node=\"\" data-is-only-node=\"\">Die TechnoPellet-Serie ist zertifiziert und umfasst Rohre und Komponenten, die f\u00fcr Pelletanlagen ausgelegt sind.<br data-start=\"2958\" data-end=\"2961\" \/>Sie h\u00e4lt kontinuierliche Temperaturen bis 400\u00b0C und kurzzeitig bis 600\u00b0C aus. Die Serie ist sowohl f\u00fcr Innen- als auch Au\u00dfeninstallation geeignet.<\/p>\n<p>[\/vc_column_text][\/vc_column][\/vc_row][vc_row][vc_column][vc_separator][vc_gallery type=&#8220;image_grid&#8220; images=&#8220;7269,7272,7275,7278,7281,7284,7287,7290,7296,7299,7305,7308,7311,7314,7317,7320,7323,7326,7329&#8243;][\/vc_column][\/vc_row]<\/p>\n<\/div>","protected":false},"excerpt":{"rendered":"<p>[vc_row][vc_column][vc_empty_space][vc_custom_heading text=&#8220;TECHNOPELLET \u2013 EINWANDIG&#8220; font_container=&#8220;tag:h2|font_size:30|text_align:left|color:%23333333&#8243; google_fonts=&#8220;font_family:Open%20Sans%3A300%2C300italic%2Cregular%2Citalic%2C600%2C600italic%2C700%2C700italic%2C800%2C800italic|font_style:700%20bold%20regular%3A700%3Anormal&#8220;][vc_empty_space height=&#8220;12px&#8220;][vc_separator][vc_column_text] Hergestellt aus nichtmagnetischem Edelstahl AISI 304 oder AISI 316.Stahlst\u00e4rken: 0,40 mm oder 0,50 mmVerf\u00fcgbare Durchmesser: von \u00d880 bis \u00d8100 Kontinuierliche Kontrolle:Die Schornsteine und Komponenten der TechnoPellet-Serie wurden gem\u00e4\u00df der EU-Richtlinie f\u00fcr Bauprodukte 89\/106\/EWG &hellip;<\/p>\n","protected":false},"author":1,"featured_media":0,"parent":3370,"menu_order":0,"comment_status":"closed","ping_status":"closed","template":"","meta":{"footnotes":""},"class_list":["post-3235","page","type-page","status-publish","hentry"],"yoast_head":"<title>TECHNOPELLET - Technometal Hellas<\/title>\n<meta name=\"robots\" content=\"index, follow, max-snippet:-1, max-image-preview:large, max-video-preview:-1\" \/>\n<link rel=\"canonical\" href=\"https:\/\/technometalhellas.gr\/de\/produkte\/schornstein-systeme\/gas-flue-systems\/\" \/>\n<meta property=\"og:locale\" content=\"de_DE\" \/>\n<meta property=\"og:type\" content=\"article\" \/>\n<meta property=\"og:title\" content=\"TECHNOPELLET - Technometal Hellas\" \/>\n<meta property=\"og:description\" content=\"[vc_row][vc_column][vc_empty_space][vc_custom_heading text=&#8220;TECHNOPELLET \u2013 EINWANDIG&#8220; font_container=&#8220;tag:h2|font_size:30|text_align:left|color:%23333333&#8243; google_fonts=&#8220;font_family:Open%20Sans%3A300%2C300italic%2Cregular%2Citalic%2C600%2C600italic%2C700%2C700italic%2C800%2C800italic|font_style:700%20bold%20regular%3A700%3Anormal&#8220;][vc_empty_space height=&#8220;12px&#8220;][vc_separator][vc_column_text] Hergestellt aus nichtmagnetischem Edelstahl AISI 304 oder AISI 316.Stahlst\u00e4rken: 0,40 mm oder 0,50 mmVerf\u00fcgbare Durchmesser: von \u00d880 bis \u00d8100 Kontinuierliche Kontrolle:Die Schornsteine und Komponenten der TechnoPellet-Serie wurden gem\u00e4\u00df der EU-Richtlinie f\u00fcr Bauprodukte 89\/106\/EWG &hellip;\" \/>\n<meta property=\"og:url\" content=\"https:\/\/technometalhellas.gr\/de\/produkte\/schornstein-systeme\/gas-flue-systems\/\" \/>\n<meta property=\"og:site_name\" content=\"Technometal Hellas\" \/>\n<meta property=\"article:modified_time\" content=\"2025-11-17T15:10:25+00:00\" \/>\n<meta name=\"twitter:card\" content=\"summary_large_image\" \/>\n<meta name=\"twitter:label1\" content=\"Gesch\u00e4tzte Lesezeit\" \/>\n\t<meta name=\"twitter:data1\" content=\"1\u00a0Minute\" \/>\n<script type=\"application\/ld+json\" class=\"yoast-schema-graph\">{\"@context\":\"https:\\\/\\\/schema.org\",\"@graph\":[{\"@type\":\"WebPage\",\"@id\":\"https:\\\/\\\/technometalhellas.gr\\\/de\\\/produkte\\\/schornstein-systeme\\\/gas-flue-systems\\\/\",\"url\":\"https:\\\/\\\/technometalhellas.gr\\\/de\\\/produkte\\\/schornstein-systeme\\\/gas-flue-systems\\\/\",\"name\":\"TECHNOPELLET - Technometal Hellas\",\"isPartOf\":{\"@id\":\"https:\\\/\\\/technometalhellas.gr\\\/#website\"},\"datePublished\":\"2019-03-04T12:44:51+00:00\",\"dateModified\":\"2025-11-17T15:10:25+00:00\",\"breadcrumb\":{\"@id\":\"https:\\\/\\\/technometalhellas.gr\\\/de\\\/produkte\\\/schornstein-systeme\\\/gas-flue-systems\\\/#breadcrumb\"},\"inLanguage\":\"de\",\"potentialAction\":[{\"@type\":\"ReadAction\",\"target\":[\"https:\\\/\\\/technometalhellas.gr\\\/de\\\/produkte\\\/schornstein-systeme\\\/gas-flue-systems\\\/\"]}]},{\"@type\":\"BreadcrumbList\",\"@id\":\"https:\\\/\\\/technometalhellas.gr\\\/de\\\/produkte\\\/schornstein-systeme\\\/gas-flue-systems\\\/#breadcrumb\",\"itemListElement\":[{\"@type\":\"ListItem\",\"position\":1,\"name\":\"\u0391\u03c1\u03c7\u03b9\u03ba\u03ae\",\"item\":\"https:\\\/\\\/technometalhellas.gr\\\/de\\\/\"},{\"@type\":\"ListItem\",\"position\":2,\"name\":\"PRODUKTE\",\"item\":\"https:\\\/\\\/technometalhellas.gr\\\/de\\\/produkte\\\/\"},{\"@type\":\"ListItem\",\"position\":3,\"name\":\"SCHORNSTEINSYSTEME\",\"item\":\"https:\\\/\\\/technometalhellas.gr\\\/de\\\/produkte\\\/schornstein-systeme\\\/\"},{\"@type\":\"ListItem\",\"position\":4,\"name\":\"TECHNOPELLET\"}]},{\"@type\":\"WebSite\",\"@id\":\"https:\\\/\\\/technometalhellas.gr\\\/#website\",\"url\":\"https:\\\/\\\/technometalhellas.gr\\\/\",\"name\":\"Technometal Hellas\",\"description\":\"Schornsteine, Luftkan\u00e4le und Metallprodukte\",\"potentialAction\":[{\"@type\":\"SearchAction\",\"target\":{\"@type\":\"EntryPoint\",\"urlTemplate\":\"https:\\\/\\\/technometalhellas.gr\\\/?s={search_term_string}\"},\"query-input\":{\"@type\":\"PropertyValueSpecification\",\"valueRequired\":true,\"valueName\":\"search_term_string\"}}],\"inLanguage\":\"de\"}]}<\/script>","yoast_head_json":{"title":"TECHNOPELLET - Technometal Hellas","robots":{"index":"index","follow":"follow","max-snippet":"max-snippet:-1","max-image-preview":"max-image-preview:large","max-video-preview":"max-video-preview:-1"},"canonical":"https:\/\/technometalhellas.gr\/de\/produkte\/schornstein-systeme\/gas-flue-systems\/","og_locale":"de_DE","og_type":"article","og_title":"TECHNOPELLET - Technometal Hellas","og_description":"[vc_row][vc_column][vc_empty_space][vc_custom_heading text=&#8220;TECHNOPELLET \u2013 EINWANDIG&#8220; font_container=&#8220;tag:h2|font_size:30|text_align:left|color:%23333333&#8243; google_fonts=&#8220;font_family:Open%20Sans%3A300%2C300italic%2Cregular%2Citalic%2C600%2C600italic%2C700%2C700italic%2C800%2C800italic|font_style:700%20bold%20regular%3A700%3Anormal&#8220;][vc_empty_space height=&#8220;12px&#8220;][vc_separator][vc_column_text] Hergestellt aus nichtmagnetischem Edelstahl AISI 304 oder AISI 316.Stahlst\u00e4rken: 0,40 mm oder 0,50 mmVerf\u00fcgbare Durchmesser: von \u00d880 bis \u00d8100 Kontinuierliche Kontrolle:Die Schornsteine und Komponenten der TechnoPellet-Serie wurden gem\u00e4\u00df der EU-Richtlinie f\u00fcr Bauprodukte 89\/106\/EWG &hellip;","og_url":"https:\/\/technometalhellas.gr\/de\/produkte\/schornstein-systeme\/gas-flue-systems\/","og_site_name":"Technometal Hellas","article_modified_time":"2025-11-17T15:10:25+00:00","twitter_card":"summary_large_image","twitter_misc":{"Gesch\u00e4tzte Lesezeit":"1\u00a0Minute"},"schema":{"@context":"https:\/\/schema.org","@graph":[{"@type":"WebPage","@id":"https:\/\/technometalhellas.gr\/de\/produkte\/schornstein-systeme\/gas-flue-systems\/","url":"https:\/\/technometalhellas.gr\/de\/produkte\/schornstein-systeme\/gas-flue-systems\/","name":"TECHNOPELLET - Technometal Hellas","isPartOf":{"@id":"https:\/\/technometalhellas.gr\/#website"},"datePublished":"2019-03-04T12:44:51+00:00","dateModified":"2025-11-17T15:10:25+00:00","breadcrumb":{"@id":"https:\/\/technometalhellas.gr\/de\/produkte\/schornstein-systeme\/gas-flue-systems\/#breadcrumb"},"inLanguage":"de","potentialAction":[{"@type":"ReadAction","target":["https:\/\/technometalhellas.gr\/de\/produkte\/schornstein-systeme\/gas-flue-systems\/"]}]},{"@type":"BreadcrumbList","@id":"https:\/\/technometalhellas.gr\/de\/produkte\/schornstein-systeme\/gas-flue-systems\/#breadcrumb","itemListElement":[{"@type":"ListItem","position":1,"name":"\u0391\u03c1\u03c7\u03b9\u03ba\u03ae","item":"https:\/\/technometalhellas.gr\/de\/"},{"@type":"ListItem","position":2,"name":"PRODUKTE","item":"https:\/\/technometalhellas.gr\/de\/produkte\/"},{"@type":"ListItem","position":3,"name":"SCHORNSTEINSYSTEME","item":"https:\/\/technometalhellas.gr\/de\/produkte\/schornstein-systeme\/"},{"@type":"ListItem","position":4,"name":"TECHNOPELLET"}]},{"@type":"WebSite","@id":"https:\/\/technometalhellas.gr\/#website","url":"https:\/\/technometalhellas.gr\/","name":"Technometal Hellas","description":"Schornsteine, Luftkan\u00e4le und Metallprodukte","potentialAction":[{"@type":"SearchAction","target":{"@type":"EntryPoint","urlTemplate":"https:\/\/technometalhellas.gr\/?s={search_term_string}"},"query-input":{"@type":"PropertyValueSpecification","valueRequired":true,"valueName":"search_term_string"}}],"inLanguage":"de"}]}},"_links":{"self":[{"href":"https:\/\/technometalhellas.gr\/de\/wp-json\/wp\/v2\/pages\/3235","targetHints":{"allow":["GET"]}}],"collection":[{"href":"https:\/\/technometalhellas.gr\/de\/wp-json\/wp\/v2\/pages"}],"about":[{"href":"https:\/\/technometalhellas.gr\/de\/wp-json\/wp\/v2\/types\/page"}],"author":[{"embeddable":true,"href":"https:\/\/technometalhellas.gr\/de\/wp-json\/wp\/v2\/users\/1"}],"replies":[{"embeddable":true,"href":"https:\/\/technometalhellas.gr\/de\/wp-json\/wp\/v2\/comments?post=3235"}],"version-history":[{"count":8,"href":"https:\/\/technometalhellas.gr\/de\/wp-json\/wp\/v2\/pages\/3235\/revisions"}],"predecessor-version":[{"id":6497,"href":"https:\/\/technometalhellas.gr\/de\/wp-json\/wp\/v2\/pages\/3235\/revisions\/6497"}],"up":[{"embeddable":true,"href":"https:\/\/technometalhellas.gr\/de\/wp-json\/wp\/v2\/pages\/3370"}],"wp:attachment":[{"href":"https:\/\/technometalhellas.gr\/de\/wp-json\/wp\/v2\/media?parent=3235"}],"curies":[{"name":"wp","href":"https:\/\/api.w.org\/{rel}","templated":true}]}}