{"id":3233,"date":"2019-03-04T14:54:58","date_gmt":"2019-03-04T12:54:58","guid":{"rendered":"http:\/\/technometalhellas.gr\/technoflex-inox\/"},"modified":"2025-11-17T18:40:35","modified_gmt":"2025-11-17T16:40:35","slug":"technoflex-inox","status":"publish","type":"page","link":"https:\/\/technometalhellas.gr\/de\/produkte\/flexible-systeme\/technoflex-inox\/","title":{"rendered":"TECHNOFLEX INOX"},"content":{"rendered":"<div class=\"wpb-content-wrapper\"><p>[vc_row][vc_column][vc_empty_space][vc_custom_heading text=&#8220;TECHNOFLEX INOX&#8220; font_container=&#8220;tag:h2|font_size:30|text_align:left|color:%23333333&#8243; google_fonts=&#8220;font_family:Open%20Sans%3A300%2C300italic%2Cregular%2Citalic%2C600%2C600italic%2C700%2C700italic%2C800%2C800italic|font_style:700%20bold%20regular%3A700%3Anormal&#8220;][vc_empty_space height=&#8220;12px&#8220;][vc_separator][vc_column_text]<\/p>\n<p data-start=\"522\" data-end=\"589\"><strong data-start=\"549\" data-end=\"587\">Flexible Einwandige Edelstahlrohre<\/strong><\/p>\n<ul data-start=\"591\" data-end=\"988\">\n<li data-start=\"591\" data-end=\"646\">\n<p data-start=\"593\" data-end=\"646\">Hergestellt aus antimagnetischem Edelstahl AISI 304<\/p>\n<\/li>\n<li data-start=\"647\" data-end=\"671\">\n<p data-start=\"649\" data-end=\"671\">Stahlst\u00e4rke: 0,09 mm<\/p>\n<\/li>\n<li data-start=\"672\" data-end=\"712\">\n<p data-start=\"674\" data-end=\"712\">Verf\u00fcgbare Durchmesser: \u00d880 bis \u00d8300<\/p>\n<\/li>\n<li data-start=\"713\" data-end=\"745\">\n<p data-start=\"715\" data-end=\"745\">Verf\u00fcgbare L\u00e4ngen: 2 m \u2013 3 m<\/p>\n<\/li>\n<li data-start=\"746\" data-end=\"848\">\n<p data-start=\"748\" data-end=\"848\">Muffen (Reduzierst\u00fcck &amp; Gerade) Weiblich zu Weiblich \u2013 M\u00e4nnlich zu M\u00e4nnlich &amp; M\u00e4nnlich zu Weiblich<\/p>\n<\/li>\n<li data-start=\"849\" data-end=\"875\">\n<p data-start=\"851\" data-end=\"875\">Geeignet f\u00fcr Bel\u00fcftung<\/p>\n<\/li>\n<li data-start=\"876\" data-end=\"923\">\n<p data-start=\"878\" data-end=\"923\">Betriebstemperaturbereich: -30\u00b0C bis +400\u00b0C<\/p>\n<\/li>\n<li data-start=\"924\" data-end=\"988\">\n<p data-start=\"926\" data-end=\"988\">Doppelwandige, isolierte Ausf\u00fchrungen auf Anfrage erh\u00e4ltlich<\/p>\n<\/li>\n<\/ul>\n<p>[\/vc_column_text][\/vc_column][\/vc_row][vc_row][vc_column][vc_custom_heading text=&#8220;TECHNOFLEX INOX Kollektion&#8220; font_container=&#8220;tag:h2|font_size:30|text_align:left|color:%23333333&#8243; google_fonts=&#8220;font_family:Open%20Sans%3A300%2C300italic%2Cregular%2Citalic%2C600%2C600italic%2C700%2C700italic%2C800%2C800italic|font_style:700%20bold%20regular%3A700%3Anormal&#8220;][vc_separator][vc_media_grid grid_id=&#8220;vc_gid:1763397564801-aeae07f7-fe91-0&#8243; include=&#8220;3299,3923,3921,7512,7515&#8243;][\/vc_column][\/vc_row][vc_row disable_element=&#8220;yes&#8220;][vc_column][vc_column_text]<\/p>\n<p data-start=\"583\" data-end=\"639\"><strong data-start=\"610\" data-end=\"637\">Flexible INOX-Leitungen<\/strong><\/p>\n<p data-start=\"643\" data-end=\"749\">Hergestellt aus antimagnetischem Edelstahl (EN1.4301) AISI 304 BA mit einer St\u00e4rke von 0,09 mm &amp; 0,10 mm<\/p>\n<p data-start=\"752\" data-end=\"810\">Empfohlen f\u00fcr L\u00fcftungs-, Klima- und Heizungssysteme usw.<\/p>\n<p data-start=\"813\" data-end=\"898\">Bietet eine flexible L\u00f6sung f\u00fcr jeden Fachmann ohne den Einsatz vieler Zubeh\u00f6rteile<\/p>\n<p data-start=\"901\" data-end=\"1001\">Durchmesser von 80 mm bis 300 mm und L\u00e4ngen von 2 m &amp; 3 m; auf Wunsch sind Sonderl\u00e4ngen erh\u00e4ltlich<\/p>\n<p data-start=\"901\" data-end=\"1001\">Kontinuierliche Qualit\u00e4tskontrolle durch die Managementsysteme QMS\/QMS CERT ISO 9001:2015<\/p>\n<p>[\/vc_column_text][vc_column_text]<\/p>\n<h2 data-start=\"777\" data-end=\"838\"><strong data-start=\"804\" data-end=\"836\">Flexible Aluminium-Leitungen<\/strong><\/h2>\n<p data-start=\"842\" data-end=\"913\">Hergestellt aus FOIL FLEX TUBES 8150 H21 mit einer St\u00e4rke von 0,09 mm<\/p>\n<p data-start=\"916\" data-end=\"974\">Empfohlen f\u00fcr L\u00fcftungs-, Klima- und Heizungssysteme usw.<\/p>\n<p data-start=\"977\" data-end=\"1096\">Praktische L\u00f6sung f\u00fcr leichte Konstruktionen aufgrund des minimalen Gewichts und verstellbarer L\u00e4ngen von 1 m bis 3 m<\/p>\n<p data-start=\"1099\" data-end=\"1190\">Kontinuierliche Qualit\u00e4tskontrolle durch die Managementsysteme QMS\/QMS CERT ISO 9001:2015<\/p>\n<p data-start=\"1193\" data-end=\"1227\">Durchmesser von 80 mm bis 300 mm<\/p>\n<p><strong data-start=\"1229\" data-end=\"1275\">Die Flexible-Leitungen-Kollektion Enth\u00e4lt:<\/strong><\/p>\n<p data-start=\"1280\" data-end=\"1304\">Materialst\u00e4rke 0,09 mm<\/p>\n<p data-start=\"1307\" data-end=\"1373\">Flexible Edelstahlrohre werden in 2 m und 3 m L\u00e4ngen hergestellt<\/p>\n<p data-start=\"1376\" data-end=\"1477\">Flexible Aluminiumblechrohre werden in 3 m L\u00e4ngen hergestellt und k\u00f6nnen auf 1 m komprimiert werden<\/p>\n<p data-start=\"1480\" data-end=\"1496\">Reduzierst\u00fccke<\/p>\n<p>[\/vc_column_text][\/vc_column][\/vc_row]<\/p>\n<\/div>","protected":false},"excerpt":{"rendered":"<p>[vc_row][vc_column][vc_empty_space][vc_custom_heading text=&#8220;TECHNOFLEX INOX&#8220; font_container=&#8220;tag:h2|font_size:30|text_align:left|color:%23333333&#8243; google_fonts=&#8220;font_family:Open%20Sans%3A300%2C300italic%2Cregular%2Citalic%2C600%2C600italic%2C700%2C700italic%2C800%2C800italic|font_style:700%20bold%20regular%3A700%3Anormal&#8220;][vc_empty_space height=&#8220;12px&#8220;][vc_separator][vc_column_text] Flexible Einwandige Edelstahlrohre Hergestellt aus antimagnetischem Edelstahl AISI 304 Stahlst\u00e4rke: 0,09 mm Verf\u00fcgbare Durchmesser: \u00d880 bis \u00d8300 Verf\u00fcgbare L\u00e4ngen: 2 m \u2013 3 m Muffen (Reduzierst\u00fcck &amp; Gerade) Weiblich zu Weiblich \u2013 M\u00e4nnlich zu &hellip;<\/p>\n","protected":false},"author":1,"featured_media":0,"parent":3244,"menu_order":0,"comment_status":"closed","ping_status":"closed","template":"","meta":{"footnotes":""},"class_list":["post-3233","page","type-page","status-publish","hentry"],"yoast_head":"<title>TECHNOFLEX INOX - Technometal Hellas<\/title>\n<meta name=\"robots\" content=\"index, follow, max-snippet:-1, max-image-preview:large, max-video-preview:-1\" \/>\n<link rel=\"canonical\" href=\"https:\/\/technometalhellas.gr\/de\/produkte\/flexible-systeme\/technoflex-inox\/\" \/>\n<meta property=\"og:locale\" content=\"de_DE\" \/>\n<meta property=\"og:type\" content=\"article\" \/>\n<meta property=\"og:title\" content=\"TECHNOFLEX INOX - Technometal Hellas\" \/>\n<meta property=\"og:description\" content=\"[vc_row][vc_column][vc_empty_space][vc_custom_heading text=&#8220;TECHNOFLEX INOX&#8220; font_container=&#8220;tag:h2|font_size:30|text_align:left|color:%23333333&#8243; google_fonts=&#8220;font_family:Open%20Sans%3A300%2C300italic%2Cregular%2Citalic%2C600%2C600italic%2C700%2C700italic%2C800%2C800italic|font_style:700%20bold%20regular%3A700%3Anormal&#8220;][vc_empty_space height=&#8220;12px&#8220;][vc_separator][vc_column_text] Flexible Einwandige Edelstahlrohre Hergestellt aus antimagnetischem Edelstahl AISI 304 Stahlst\u00e4rke: 0,09 mm Verf\u00fcgbare Durchmesser: \u00d880 bis \u00d8300 Verf\u00fcgbare L\u00e4ngen: 2 m \u2013 3 m Muffen (Reduzierst\u00fcck &amp; Gerade) Weiblich zu Weiblich \u2013 M\u00e4nnlich zu &hellip;\" \/>\n<meta property=\"og:url\" content=\"https:\/\/technometalhellas.gr\/de\/produkte\/flexible-systeme\/technoflex-inox\/\" \/>\n<meta property=\"og:site_name\" content=\"Technometal Hellas\" \/>\n<meta property=\"article:modified_time\" content=\"2025-11-17T16:40:35+00:00\" \/>\n<meta name=\"twitter:card\" content=\"summary_large_image\" \/>\n<meta name=\"twitter:label1\" content=\"Gesch\u00e4tzte Lesezeit\" \/>\n\t<meta name=\"twitter:data1\" content=\"2\u00a0Minuten\" \/>\n<script type=\"application\/ld+json\" class=\"yoast-schema-graph\">{\"@context\":\"https:\\\/\\\/schema.org\",\"@graph\":[{\"@type\":\"WebPage\",\"@id\":\"https:\\\/\\\/technometalhellas.gr\\\/de\\\/produkte\\\/flexible-systeme\\\/technoflex-inox\\\/\",\"url\":\"https:\\\/\\\/technometalhellas.gr\\\/de\\\/produkte\\\/flexible-systeme\\\/technoflex-inox\\\/\",\"name\":\"TECHNOFLEX INOX - Technometal Hellas\",\"isPartOf\":{\"@id\":\"https:\\\/\\\/technometalhellas.gr\\\/#website\"},\"datePublished\":\"2019-03-04T12:54:58+00:00\",\"dateModified\":\"2025-11-17T16:40:35+00:00\",\"breadcrumb\":{\"@id\":\"https:\\\/\\\/technometalhellas.gr\\\/de\\\/produkte\\\/flexible-systeme\\\/technoflex-inox\\\/#breadcrumb\"},\"inLanguage\":\"de\",\"potentialAction\":[{\"@type\":\"ReadAction\",\"target\":[\"https:\\\/\\\/technometalhellas.gr\\\/de\\\/produkte\\\/flexible-systeme\\\/technoflex-inox\\\/\"]}]},{\"@type\":\"BreadcrumbList\",\"@id\":\"https:\\\/\\\/technometalhellas.gr\\\/de\\\/produkte\\\/flexible-systeme\\\/technoflex-inox\\\/#breadcrumb\",\"itemListElement\":[{\"@type\":\"ListItem\",\"position\":1,\"name\":\"\u0391\u03c1\u03c7\u03b9\u03ba\u03ae\",\"item\":\"https:\\\/\\\/technometalhellas.gr\\\/de\\\/\"},{\"@type\":\"ListItem\",\"position\":2,\"name\":\"PRODUKTE\",\"item\":\"https:\\\/\\\/technometalhellas.gr\\\/de\\\/produkte\\\/\"},{\"@type\":\"ListItem\",\"position\":3,\"name\":\"FLEXIBLE LUFTKAN\u00c4LE\",\"item\":\"https:\\\/\\\/technometalhellas.gr\\\/de\\\/produkte\\\/flexible-systeme\\\/\"},{\"@type\":\"ListItem\",\"position\":4,\"name\":\"TECHNOFLEX INOX\"}]},{\"@type\":\"WebSite\",\"@id\":\"https:\\\/\\\/technometalhellas.gr\\\/#website\",\"url\":\"https:\\\/\\\/technometalhellas.gr\\\/\",\"name\":\"Technometal Hellas\",\"description\":\"Schornsteine, Luftkan\u00e4le und Metallprodukte\",\"potentialAction\":[{\"@type\":\"SearchAction\",\"target\":{\"@type\":\"EntryPoint\",\"urlTemplate\":\"https:\\\/\\\/technometalhellas.gr\\\/?s={search_term_string}\"},\"query-input\":{\"@type\":\"PropertyValueSpecification\",\"valueRequired\":true,\"valueName\":\"search_term_string\"}}],\"inLanguage\":\"de\"}]}<\/script>","yoast_head_json":{"title":"TECHNOFLEX INOX - Technometal Hellas","robots":{"index":"index","follow":"follow","max-snippet":"max-snippet:-1","max-image-preview":"max-image-preview:large","max-video-preview":"max-video-preview:-1"},"canonical":"https:\/\/technometalhellas.gr\/de\/produkte\/flexible-systeme\/technoflex-inox\/","og_locale":"de_DE","og_type":"article","og_title":"TECHNOFLEX INOX - Technometal Hellas","og_description":"[vc_row][vc_column][vc_empty_space][vc_custom_heading text=&#8220;TECHNOFLEX INOX&#8220; font_container=&#8220;tag:h2|font_size:30|text_align:left|color:%23333333&#8243; google_fonts=&#8220;font_family:Open%20Sans%3A300%2C300italic%2Cregular%2Citalic%2C600%2C600italic%2C700%2C700italic%2C800%2C800italic|font_style:700%20bold%20regular%3A700%3Anormal&#8220;][vc_empty_space height=&#8220;12px&#8220;][vc_separator][vc_column_text] Flexible Einwandige Edelstahlrohre Hergestellt aus antimagnetischem Edelstahl AISI 304 Stahlst\u00e4rke: 0,09 mm Verf\u00fcgbare Durchmesser: \u00d880 bis \u00d8300 Verf\u00fcgbare L\u00e4ngen: 2 m \u2013 3 m Muffen (Reduzierst\u00fcck &amp; Gerade) Weiblich zu Weiblich \u2013 M\u00e4nnlich zu &hellip;","og_url":"https:\/\/technometalhellas.gr\/de\/produkte\/flexible-systeme\/technoflex-inox\/","og_site_name":"Technometal Hellas","article_modified_time":"2025-11-17T16:40:35+00:00","twitter_card":"summary_large_image","twitter_misc":{"Gesch\u00e4tzte Lesezeit":"2\u00a0Minuten"},"schema":{"@context":"https:\/\/schema.org","@graph":[{"@type":"WebPage","@id":"https:\/\/technometalhellas.gr\/de\/produkte\/flexible-systeme\/technoflex-inox\/","url":"https:\/\/technometalhellas.gr\/de\/produkte\/flexible-systeme\/technoflex-inox\/","name":"TECHNOFLEX INOX - Technometal Hellas","isPartOf":{"@id":"https:\/\/technometalhellas.gr\/#website"},"datePublished":"2019-03-04T12:54:58+00:00","dateModified":"2025-11-17T16:40:35+00:00","breadcrumb":{"@id":"https:\/\/technometalhellas.gr\/de\/produkte\/flexible-systeme\/technoflex-inox\/#breadcrumb"},"inLanguage":"de","potentialAction":[{"@type":"ReadAction","target":["https:\/\/technometalhellas.gr\/de\/produkte\/flexible-systeme\/technoflex-inox\/"]}]},{"@type":"BreadcrumbList","@id":"https:\/\/technometalhellas.gr\/de\/produkte\/flexible-systeme\/technoflex-inox\/#breadcrumb","itemListElement":[{"@type":"ListItem","position":1,"name":"\u0391\u03c1\u03c7\u03b9\u03ba\u03ae","item":"https:\/\/technometalhellas.gr\/de\/"},{"@type":"ListItem","position":2,"name":"PRODUKTE","item":"https:\/\/technometalhellas.gr\/de\/produkte\/"},{"@type":"ListItem","position":3,"name":"FLEXIBLE LUFTKAN\u00c4LE","item":"https:\/\/technometalhellas.gr\/de\/produkte\/flexible-systeme\/"},{"@type":"ListItem","position":4,"name":"TECHNOFLEX INOX"}]},{"@type":"WebSite","@id":"https:\/\/technometalhellas.gr\/#website","url":"https:\/\/technometalhellas.gr\/","name":"Technometal Hellas","description":"Schornsteine, Luftkan\u00e4le und Metallprodukte","potentialAction":[{"@type":"SearchAction","target":{"@type":"EntryPoint","urlTemplate":"https:\/\/technometalhellas.gr\/?s={search_term_string}"},"query-input":{"@type":"PropertyValueSpecification","valueRequired":true,"valueName":"search_term_string"}}],"inLanguage":"de"}]}},"_links":{"self":[{"href":"https:\/\/technometalhellas.gr\/de\/wp-json\/wp\/v2\/pages\/3233","targetHints":{"allow":["GET"]}}],"collection":[{"href":"https:\/\/technometalhellas.gr\/de\/wp-json\/wp\/v2\/pages"}],"about":[{"href":"https:\/\/technometalhellas.gr\/de\/wp-json\/wp\/v2\/types\/page"}],"author":[{"embeddable":true,"href":"https:\/\/technometalhellas.gr\/de\/wp-json\/wp\/v2\/users\/1"}],"replies":[{"embeddable":true,"href":"https:\/\/technometalhellas.gr\/de\/wp-json\/wp\/v2\/comments?post=3233"}],"version-history":[{"count":5,"href":"https:\/\/technometalhellas.gr\/de\/wp-json\/wp\/v2\/pages\/3233\/revisions"}],"predecessor-version":[{"id":6952,"href":"https:\/\/technometalhellas.gr\/de\/wp-json\/wp\/v2\/pages\/3233\/revisions\/6952"}],"up":[{"embeddable":true,"href":"https:\/\/technometalhellas.gr\/de\/wp-json\/wp\/v2\/pages\/3244"}],"wp:attachment":[{"href":"https:\/\/technometalhellas.gr\/de\/wp-json\/wp\/v2\/media?parent=3233"}],"curies":[{"name":"wp","href":"https:\/\/api.w.org\/{rel}","templated":true}]}}