{"id":3231,"date":"2019-03-04T14:56:32","date_gmt":"2019-03-04T12:56:32","guid":{"rendered":"http:\/\/technometalhellas.gr\/technoflex-alu\/"},"modified":"2025-11-17T19:02:41","modified_gmt":"2025-11-17T17:02:41","slug":"technoflex-alu","status":"publish","type":"page","link":"https:\/\/technometalhellas.gr\/de\/produkte\/flexible-systeme\/technoflex-alu\/","title":{"rendered":"TECHNOFLEX ALU"},"content":{"rendered":"<div class=\"wpb-content-wrapper\"><p>[vc_row][vc_column][vc_empty_space][vc_custom_heading text=&#8220;TECHNOFLEX ALU&#8220; font_container=&#8220;tag:h2|font_size:30|text_align:left|color:%23333333&#8243; google_fonts=&#8220;font_family:Open%20Sans%3A300%2C300italic%2Cregular%2Citalic%2C600%2C600italic%2C700%2C700italic%2C800%2C800italic|font_style:700%20bold%20regular%3A700%3Anormal&#8220;][vc_empty_space height=&#8220;12px&#8220;][vc_separator][vc_column_text]<\/p>\n<p data-start=\"412\" data-end=\"484\"><strong data-start=\"439\" data-end=\"482\">Flexible Einwandige Aluminium-Leitungen<\/strong><\/p>\n<ul data-start=\"486\" data-end=\"745\">\n<li data-start=\"486\" data-end=\"524\">\n<p data-start=\"488\" data-end=\"524\">Hergestellt aus Aluminium 8150 H21<\/p>\n<\/li>\n<li data-start=\"525\" data-end=\"553\">\n<p data-start=\"527\" data-end=\"553\">Aluminiumst\u00e4rke: 0,09 mm<\/p>\n<\/li>\n<li data-start=\"554\" data-end=\"594\">\n<p data-start=\"556\" data-end=\"594\">Verf\u00fcgbare Durchmesser: \u00d880 bis \u00d8300<\/p>\n<\/li>\n<li data-start=\"595\" data-end=\"642\">\n<p data-start=\"597\" data-end=\"642\">Verf\u00fcgbare L\u00e4ngen: 3 m, komprimiert auf 1 m<\/p>\n<\/li>\n<li data-start=\"643\" data-end=\"697\">\n<p data-start=\"645\" data-end=\"697\">Geeignet f\u00fcr L\u00fcftungs-, Klima- und Heizungssysteme<\/p>\n<\/li>\n<li data-start=\"698\" data-end=\"745\">\n<p data-start=\"700\" data-end=\"745\">Betriebstemperaturbereich: -30\u00b0C bis +250\u00b0C<\/p>\n<\/li>\n<\/ul>\n<p>[\/vc_column_text][\/vc_column][\/vc_row][vc_row][vc_column][vc_custom_heading text=&#8220;TECHNOFLEX ALU Kollektion&#8220; font_container=&#8220;tag:h2|font_size:30|text_align:left|color:%23333333&#8243; google_fonts=&#8220;font_family:Open%20Sans%3A300%2C300italic%2Cregular%2Citalic%2C600%2C600italic%2C700%2C700italic%2C800%2C800italic|font_style:700%20bold%20regular%3A700%3Anormal&#8220;][vc_separator][vc_media_grid grid_id=&#8220;vc_gid:1763398766327-4e7a4566-ec73-7&#8243; include=&#8220;3927,6981,7527,7530&#8243;][\/vc_column][\/vc_row][vc_row disable_element=&#8220;yes&#8220;][vc_column][vc_column_text]<\/p>\n<h3 data-start=\"580\" data-end=\"680\"><strong data-start=\"607\" data-end=\"678\">Runde Einwandige Rohre mit autogener Schwei\u00dfung (Sonderanfertigung)<\/strong><\/h3>\n<p data-start=\"684\" data-end=\"759\">Hergestellt aus verzinktem Stahl AISI 316 L (EN 10142) mit 0,50 mm St\u00e4rke<\/p>\n<p data-start=\"762\" data-end=\"840\">Bieten eine umfassende L\u00f6sung f\u00fcr L\u00fcftungs-, Klima- und Heizungssysteme usw.<\/p>\n<p data-start=\"843\" data-end=\"982\">Werden mit einer Vielzahl von Zubeh\u00f6r geliefert und k\u00f6nnen mit einer 200\u00b0C Silikonflansch f\u00fcr vollst\u00e4ndige Abdichtung ausgestattet werden<\/p>\n<p data-start=\"985\" data-end=\"1076\">Kontinuierliche Qualit\u00e4tskontrolle durch die Managementsysteme QMS\/QMS CERT ISO 9001:2015<\/p>\n<p data-start=\"1079\" data-end=\"1113\">Durchmesser von 80 mm bis 600 mm<\/p>\n<p>[\/vc_column_text][\/vc_column][\/vc_row]<\/p>\n<\/div>","protected":false},"excerpt":{"rendered":"<p>[vc_row][vc_column][vc_empty_space][vc_custom_heading text=&#8220;TECHNOFLEX ALU&#8220; font_container=&#8220;tag:h2|font_size:30|text_align:left|color:%23333333&#8243; google_fonts=&#8220;font_family:Open%20Sans%3A300%2C300italic%2Cregular%2Citalic%2C600%2C600italic%2C700%2C700italic%2C800%2C800italic|font_style:700%20bold%20regular%3A700%3Anormal&#8220;][vc_empty_space height=&#8220;12px&#8220;][vc_separator][vc_column_text] Flexible Einwandige Aluminium-Leitungen Hergestellt aus Aluminium 8150 H21 Aluminiumst\u00e4rke: 0,09 mm Verf\u00fcgbare Durchmesser: \u00d880 bis \u00d8300 Verf\u00fcgbare L\u00e4ngen: 3 m, komprimiert auf 1 m Geeignet f\u00fcr L\u00fcftungs-, Klima- und Heizungssysteme Betriebstemperaturbereich: -30\u00b0C bis +250\u00b0C &hellip;<\/p>\n","protected":false},"author":1,"featured_media":0,"parent":3244,"menu_order":0,"comment_status":"closed","ping_status":"closed","template":"","meta":{"footnotes":""},"class_list":["post-3231","page","type-page","status-publish","hentry"],"yoast_head":"<title>TECHNOFLEX ALU - Technometal Hellas<\/title>\n<meta name=\"robots\" content=\"index, follow, max-snippet:-1, max-image-preview:large, max-video-preview:-1\" \/>\n<link rel=\"canonical\" href=\"https:\/\/technometalhellas.gr\/de\/produkte\/flexible-systeme\/technoflex-alu\/\" \/>\n<meta property=\"og:locale\" content=\"de_DE\" \/>\n<meta property=\"og:type\" content=\"article\" \/>\n<meta property=\"og:title\" content=\"TECHNOFLEX ALU - Technometal Hellas\" \/>\n<meta property=\"og:description\" content=\"[vc_row][vc_column][vc_empty_space][vc_custom_heading text=&#8220;TECHNOFLEX ALU&#8220; font_container=&#8220;tag:h2|font_size:30|text_align:left|color:%23333333&#8243; google_fonts=&#8220;font_family:Open%20Sans%3A300%2C300italic%2Cregular%2Citalic%2C600%2C600italic%2C700%2C700italic%2C800%2C800italic|font_style:700%20bold%20regular%3A700%3Anormal&#8220;][vc_empty_space height=&#8220;12px&#8220;][vc_separator][vc_column_text] Flexible Einwandige Aluminium-Leitungen Hergestellt aus Aluminium 8150 H21 Aluminiumst\u00e4rke: 0,09 mm Verf\u00fcgbare Durchmesser: \u00d880 bis \u00d8300 Verf\u00fcgbare L\u00e4ngen: 3 m, komprimiert auf 1 m Geeignet f\u00fcr L\u00fcftungs-, Klima- und Heizungssysteme Betriebstemperaturbereich: -30\u00b0C bis +250\u00b0C &hellip;\" \/>\n<meta property=\"og:url\" content=\"https:\/\/technometalhellas.gr\/de\/produkte\/flexible-systeme\/technoflex-alu\/\" \/>\n<meta property=\"og:site_name\" content=\"Technometal Hellas\" \/>\n<meta property=\"article:modified_time\" content=\"2025-11-17T17:02:41+00:00\" \/>\n<meta name=\"twitter:card\" content=\"summary_large_image\" \/>\n<meta name=\"twitter:label1\" content=\"Gesch\u00e4tzte Lesezeit\" \/>\n\t<meta name=\"twitter:data1\" content=\"1\u00a0Minute\" \/>\n<script type=\"application\/ld+json\" class=\"yoast-schema-graph\">{\"@context\":\"https:\\\/\\\/schema.org\",\"@graph\":[{\"@type\":\"WebPage\",\"@id\":\"https:\\\/\\\/technometalhellas.gr\\\/de\\\/produkte\\\/flexible-systeme\\\/technoflex-alu\\\/\",\"url\":\"https:\\\/\\\/technometalhellas.gr\\\/de\\\/produkte\\\/flexible-systeme\\\/technoflex-alu\\\/\",\"name\":\"TECHNOFLEX ALU - Technometal Hellas\",\"isPartOf\":{\"@id\":\"https:\\\/\\\/technometalhellas.gr\\\/#website\"},\"datePublished\":\"2019-03-04T12:56:32+00:00\",\"dateModified\":\"2025-11-17T17:02:41+00:00\",\"breadcrumb\":{\"@id\":\"https:\\\/\\\/technometalhellas.gr\\\/de\\\/produkte\\\/flexible-systeme\\\/technoflex-alu\\\/#breadcrumb\"},\"inLanguage\":\"de\",\"potentialAction\":[{\"@type\":\"ReadAction\",\"target\":[\"https:\\\/\\\/technometalhellas.gr\\\/de\\\/produkte\\\/flexible-systeme\\\/technoflex-alu\\\/\"]}]},{\"@type\":\"BreadcrumbList\",\"@id\":\"https:\\\/\\\/technometalhellas.gr\\\/de\\\/produkte\\\/flexible-systeme\\\/technoflex-alu\\\/#breadcrumb\",\"itemListElement\":[{\"@type\":\"ListItem\",\"position\":1,\"name\":\"\u0391\u03c1\u03c7\u03b9\u03ba\u03ae\",\"item\":\"https:\\\/\\\/technometalhellas.gr\\\/de\\\/\"},{\"@type\":\"ListItem\",\"position\":2,\"name\":\"PRODUKTE\",\"item\":\"https:\\\/\\\/technometalhellas.gr\\\/de\\\/produkte\\\/\"},{\"@type\":\"ListItem\",\"position\":3,\"name\":\"FLEXIBLE LUFTKAN\u00c4LE\",\"item\":\"https:\\\/\\\/technometalhellas.gr\\\/de\\\/produkte\\\/flexible-systeme\\\/\"},{\"@type\":\"ListItem\",\"position\":4,\"name\":\"TECHNOFLEX ALU\"}]},{\"@type\":\"WebSite\",\"@id\":\"https:\\\/\\\/technometalhellas.gr\\\/#website\",\"url\":\"https:\\\/\\\/technometalhellas.gr\\\/\",\"name\":\"Technometal Hellas\",\"description\":\"Schornsteine, Luftkan\u00e4le und Metallprodukte\",\"potentialAction\":[{\"@type\":\"SearchAction\",\"target\":{\"@type\":\"EntryPoint\",\"urlTemplate\":\"https:\\\/\\\/technometalhellas.gr\\\/?s={search_term_string}\"},\"query-input\":{\"@type\":\"PropertyValueSpecification\",\"valueRequired\":true,\"valueName\":\"search_term_string\"}}],\"inLanguage\":\"de\"}]}<\/script>","yoast_head_json":{"title":"TECHNOFLEX ALU - Technometal Hellas","robots":{"index":"index","follow":"follow","max-snippet":"max-snippet:-1","max-image-preview":"max-image-preview:large","max-video-preview":"max-video-preview:-1"},"canonical":"https:\/\/technometalhellas.gr\/de\/produkte\/flexible-systeme\/technoflex-alu\/","og_locale":"de_DE","og_type":"article","og_title":"TECHNOFLEX ALU - Technometal Hellas","og_description":"[vc_row][vc_column][vc_empty_space][vc_custom_heading text=&#8220;TECHNOFLEX ALU&#8220; font_container=&#8220;tag:h2|font_size:30|text_align:left|color:%23333333&#8243; google_fonts=&#8220;font_family:Open%20Sans%3A300%2C300italic%2Cregular%2Citalic%2C600%2C600italic%2C700%2C700italic%2C800%2C800italic|font_style:700%20bold%20regular%3A700%3Anormal&#8220;][vc_empty_space height=&#8220;12px&#8220;][vc_separator][vc_column_text] Flexible Einwandige Aluminium-Leitungen Hergestellt aus Aluminium 8150 H21 Aluminiumst\u00e4rke: 0,09 mm Verf\u00fcgbare Durchmesser: \u00d880 bis \u00d8300 Verf\u00fcgbare L\u00e4ngen: 3 m, komprimiert auf 1 m Geeignet f\u00fcr L\u00fcftungs-, Klima- und Heizungssysteme Betriebstemperaturbereich: -30\u00b0C bis +250\u00b0C &hellip;","og_url":"https:\/\/technometalhellas.gr\/de\/produkte\/flexible-systeme\/technoflex-alu\/","og_site_name":"Technometal Hellas","article_modified_time":"2025-11-17T17:02:41+00:00","twitter_card":"summary_large_image","twitter_misc":{"Gesch\u00e4tzte Lesezeit":"1\u00a0Minute"},"schema":{"@context":"https:\/\/schema.org","@graph":[{"@type":"WebPage","@id":"https:\/\/technometalhellas.gr\/de\/produkte\/flexible-systeme\/technoflex-alu\/","url":"https:\/\/technometalhellas.gr\/de\/produkte\/flexible-systeme\/technoflex-alu\/","name":"TECHNOFLEX ALU - Technometal Hellas","isPartOf":{"@id":"https:\/\/technometalhellas.gr\/#website"},"datePublished":"2019-03-04T12:56:32+00:00","dateModified":"2025-11-17T17:02:41+00:00","breadcrumb":{"@id":"https:\/\/technometalhellas.gr\/de\/produkte\/flexible-systeme\/technoflex-alu\/#breadcrumb"},"inLanguage":"de","potentialAction":[{"@type":"ReadAction","target":["https:\/\/technometalhellas.gr\/de\/produkte\/flexible-systeme\/technoflex-alu\/"]}]},{"@type":"BreadcrumbList","@id":"https:\/\/technometalhellas.gr\/de\/produkte\/flexible-systeme\/technoflex-alu\/#breadcrumb","itemListElement":[{"@type":"ListItem","position":1,"name":"\u0391\u03c1\u03c7\u03b9\u03ba\u03ae","item":"https:\/\/technometalhellas.gr\/de\/"},{"@type":"ListItem","position":2,"name":"PRODUKTE","item":"https:\/\/technometalhellas.gr\/de\/produkte\/"},{"@type":"ListItem","position":3,"name":"FLEXIBLE LUFTKAN\u00c4LE","item":"https:\/\/technometalhellas.gr\/de\/produkte\/flexible-systeme\/"},{"@type":"ListItem","position":4,"name":"TECHNOFLEX ALU"}]},{"@type":"WebSite","@id":"https:\/\/technometalhellas.gr\/#website","url":"https:\/\/technometalhellas.gr\/","name":"Technometal Hellas","description":"Schornsteine, Luftkan\u00e4le und Metallprodukte","potentialAction":[{"@type":"SearchAction","target":{"@type":"EntryPoint","urlTemplate":"https:\/\/technometalhellas.gr\/?s={search_term_string}"},"query-input":{"@type":"PropertyValueSpecification","valueRequired":true,"valueName":"search_term_string"}}],"inLanguage":"de"}]}},"_links":{"self":[{"href":"https:\/\/technometalhellas.gr\/de\/wp-json\/wp\/v2\/pages\/3231","targetHints":{"allow":["GET"]}}],"collection":[{"href":"https:\/\/technometalhellas.gr\/de\/wp-json\/wp\/v2\/pages"}],"about":[{"href":"https:\/\/technometalhellas.gr\/de\/wp-json\/wp\/v2\/types\/page"}],"author":[{"embeddable":true,"href":"https:\/\/technometalhellas.gr\/de\/wp-json\/wp\/v2\/users\/1"}],"replies":[{"embeddable":true,"href":"https:\/\/technometalhellas.gr\/de\/wp-json\/wp\/v2\/comments?post=3231"}],"version-history":[{"count":6,"href":"https:\/\/technometalhellas.gr\/de\/wp-json\/wp\/v2\/pages\/3231\/revisions"}],"predecessor-version":[{"id":6995,"href":"https:\/\/technometalhellas.gr\/de\/wp-json\/wp\/v2\/pages\/3231\/revisions\/6995"}],"up":[{"embeddable":true,"href":"https:\/\/technometalhellas.gr\/de\/wp-json\/wp\/v2\/pages\/3244"}],"wp:attachment":[{"href":"https:\/\/technometalhellas.gr\/de\/wp-json\/wp\/v2\/media?parent=3231"}],"curies":[{"name":"wp","href":"https:\/\/api.w.org\/{rel}","templated":true}]}}