{"id":3222,"date":"2019-03-05T10:52:28","date_gmt":"2019-03-05T08:52:28","guid":{"rendered":"http:\/\/technometalhellas.gr\/technostreit-twin\/"},"modified":"2025-11-15T19:24:31","modified_gmt":"2025-11-15T17:24:31","slug":"technostreit-twin","status":"publish","type":"page","link":"https:\/\/technometalhellas.gr\/de\/produkte\/luftkanal-systeme\/technostreit-twin\/","title":{"rendered":"TECHNOSTREIT TWIN"},"content":{"rendered":"<div class=\"wpb-content-wrapper\"><p>[vc_row][vc_column][vc_empty_space][vc_custom_heading text=&#8220;TECHNOSTREIT TWIN&#8220; font_container=&#8220;tag:h2|font_size:30|text_align:left|color:%23333333&#8243; google_fonts=&#8220;font_family:Open%20Sans%3A300%2C300italic%2Cregular%2Citalic%2C600%2C600italic%2C700%2C700italic%2C800%2C800italic|font_style:700%20bold%20regular%3A700%3Anormal&#8220;][vc_empty_space height=&#8220;12px&#8220;][vc_separator][vc_column_text]<\/p>\n<p data-start=\"453\" data-end=\"513\"><strong data-start=\"467\" data-end=\"511\">Doppelwandige selbstverschwei\u00dfende Rohre<\/strong><\/p>\n<ul>\n<li data-start=\"515\" data-end=\"899\">Hergestellt au\u00dfen aus verzinktem Stahl EN10142 und innen aus nicht-magnetischem Edelstahl AISI 304.<\/li>\n<li data-start=\"515\" data-end=\"899\">St\u00e4rke des Stahls: Innen 0,40 mm, Au\u00dfen 0,50 mm<\/li>\n<li data-start=\"515\" data-end=\"899\">Isolierung: Steinwolle<\/li>\n<li data-start=\"515\" data-end=\"899\">Verf\u00fcgbare Durchmesser: \u00d880 \u2013 \u00d8450<\/li>\n<li data-start=\"515\" data-end=\"899\">Verf\u00fcgbare L\u00e4ngen: 0,25 m \u2013 0,50 m \u2013 1 m<\/li>\n<li data-start=\"515\" data-end=\"899\">Mit einer Vielzahl kompatibler Bauteile<\/li>\n<li data-start=\"515\" data-end=\"899\">Geeignet f\u00fcr L\u00fcftungs- und Klimaanlagen<\/li>\n<li data-start=\"515\" data-end=\"899\">Betriebstemperaturbereich: -30\u00b0C bis +400\u00b0C<\/li>\n<\/ul>\n<p>[\/vc_column_text][\/vc_column][\/vc_row][vc_row][vc_column][vc_custom_heading text=&#8220;TECHNOSTREIT TWIN KOLLEKTION&#8220; font_container=&#8220;tag:h2|font_size:30|text_align:left|color:%23333333&#8243; google_fonts=&#8220;font_family:Open%20Sans%3A300%2C300italic%2Cregular%2Citalic%2C600%2C600italic%2C700%2C700italic%2C800%2C800italic|font_style:700%20bold%20regular%3A700%3Anormal&#8220;][vc_separator][vc_media_grid grid_id=&#8220;vc_gid:1763227048547-0d04eeba-b2ed-1&#8243; include=&#8220;3093,3096,3099,3102,3105,6872&#8243;][\/vc_column][\/vc_row][vc_row disable_element=&#8220;yes&#8220;][vc_column][vc_column_text]<\/p>\n<h2 data-start=\"704\" data-end=\"1118\"><strong data-start=\"718\" data-end=\"741\">Aluminium-Flexrohre<\/strong><\/h2>\n<p data-start=\"704\" data-end=\"1118\"><br data-start=\"741\" data-end=\"744\" \/>Hergestellt aus FOIL FLEX TUBES 8150 H21 mit einer Dicke von 0,09 mm. Empfohlen f\u00fcr L\u00fcftungs-, Klima- und Warmluftsysteme. Eine praktische L\u00f6sung f\u00fcr leichte Konstruktionen, da sie ein minimales Gewicht haben und die L\u00e4nge von 1 m bis 3 m variabel ist. Kontinuierliche Qualit\u00e4tskontrolle durch ISO 9001:2015-Managementsysteme von QMS\/QMS CERT. Durchmesser: 80 mm \u2013 300 mm.<\/p>\n<p data-start=\"1120\" data-end=\"1160\">Die Flexible-Rohre-Kollektion umfasst:<\/p>\n<ul data-start=\"1161\" data-end=\"1388\" data-is-last-node=\"\" data-is-only-node=\"\">\n<li data-start=\"1161\" data-end=\"1188\">\n<p data-start=\"1163\" data-end=\"1188\">Materialst\u00e4rke: 0,90 mm<\/p>\n<\/li>\n<li data-start=\"1189\" data-end=\"1266\">\n<p data-start=\"1191\" data-end=\"1266\">Flexible Rohre aus Edelstahl werden in L\u00e4ngen von 2 m und 3 m hergestellt<\/p>\n<\/li>\n<li data-start=\"1267\" data-end=\"1368\">\n<p data-start=\"1269\" data-end=\"1368\">Flexible Rohre aus Aluminiumblech werden in 3 m hergestellt und k\u00f6nnen auf 1 m komprimiert werden<\/p>\n<\/li>\n<li data-start=\"1369\" data-end=\"1388\" data-is-last-node=\"\">\n<p data-start=\"1371\" data-end=\"1388\" data-is-last-node=\"\">Reduzierverbinder<\/p>\n<\/li>\n<\/ul>\n<p>[\/vc_column_text][\/vc_column][\/vc_row]<\/p>\n<\/div>","protected":false},"excerpt":{"rendered":"<p>[vc_row][vc_column][vc_empty_space][vc_custom_heading text=&#8220;TECHNOSTREIT TWIN&#8220; font_container=&#8220;tag:h2|font_size:30|text_align:left|color:%23333333&#8243; google_fonts=&#8220;font_family:Open%20Sans%3A300%2C300italic%2Cregular%2Citalic%2C600%2C600italic%2C700%2C700italic%2C800%2C800italic|font_style:700%20bold%20regular%3A700%3Anormal&#8220;][vc_empty_space height=&#8220;12px&#8220;][vc_separator][vc_column_text] Doppelwandige selbstverschwei\u00dfende Rohre Hergestellt au\u00dfen aus verzinktem Stahl EN10142 und innen aus nicht-magnetischem Edelstahl AISI 304. St\u00e4rke des Stahls: Innen 0,40 mm, Au\u00dfen 0,50 mm Isolierung: Steinwolle Verf\u00fcgbare Durchmesser: \u00d880 \u2013 \u00d8450 Verf\u00fcgbare L\u00e4ngen: &hellip;<\/p>\n","protected":false},"author":1,"featured_media":0,"parent":3360,"menu_order":0,"comment_status":"closed","ping_status":"closed","template":"","meta":{"footnotes":""},"class_list":["post-3222","page","type-page","status-publish","hentry"],"yoast_head":"<title>TECHNOSTREIT TWIN - Technometal Hellas<\/title>\n<meta name=\"robots\" content=\"index, follow, max-snippet:-1, max-image-preview:large, max-video-preview:-1\" \/>\n<link rel=\"canonical\" href=\"https:\/\/technometalhellas.gr\/de\/produkte\/luftkanal-systeme\/technostreit-twin\/\" \/>\n<meta property=\"og:locale\" content=\"de_DE\" \/>\n<meta property=\"og:type\" content=\"article\" \/>\n<meta property=\"og:title\" content=\"TECHNOSTREIT TWIN - Technometal Hellas\" \/>\n<meta property=\"og:description\" content=\"[vc_row][vc_column][vc_empty_space][vc_custom_heading text=&#8220;TECHNOSTREIT TWIN&#8220; font_container=&#8220;tag:h2|font_size:30|text_align:left|color:%23333333&#8243; google_fonts=&#8220;font_family:Open%20Sans%3A300%2C300italic%2Cregular%2Citalic%2C600%2C600italic%2C700%2C700italic%2C800%2C800italic|font_style:700%20bold%20regular%3A700%3Anormal&#8220;][vc_empty_space height=&#8220;12px&#8220;][vc_separator][vc_column_text] Doppelwandige selbstverschwei\u00dfende Rohre Hergestellt au\u00dfen aus verzinktem Stahl EN10142 und innen aus nicht-magnetischem Edelstahl AISI 304. St\u00e4rke des Stahls: Innen 0,40 mm, Au\u00dfen 0,50 mm Isolierung: Steinwolle Verf\u00fcgbare Durchmesser: \u00d880 \u2013 \u00d8450 Verf\u00fcgbare L\u00e4ngen: &hellip;\" \/>\n<meta property=\"og:url\" content=\"https:\/\/technometalhellas.gr\/de\/produkte\/luftkanal-systeme\/technostreit-twin\/\" \/>\n<meta property=\"og:site_name\" content=\"Technometal Hellas\" \/>\n<meta property=\"article:modified_time\" content=\"2025-11-15T17:24:31+00:00\" \/>\n<meta name=\"twitter:card\" content=\"summary_large_image\" \/>\n<meta name=\"twitter:label1\" content=\"Gesch\u00e4tzte Lesezeit\" \/>\n\t<meta name=\"twitter:data1\" content=\"1\u00a0Minute\" \/>\n<script type=\"application\/ld+json\" class=\"yoast-schema-graph\">{\"@context\":\"https:\\\/\\\/schema.org\",\"@graph\":[{\"@type\":\"WebPage\",\"@id\":\"https:\\\/\\\/technometalhellas.gr\\\/de\\\/produkte\\\/luftkanal-systeme\\\/technostreit-twin\\\/\",\"url\":\"https:\\\/\\\/technometalhellas.gr\\\/de\\\/produkte\\\/luftkanal-systeme\\\/technostreit-twin\\\/\",\"name\":\"TECHNOSTREIT TWIN - Technometal Hellas\",\"isPartOf\":{\"@id\":\"https:\\\/\\\/technometalhellas.gr\\\/#website\"},\"datePublished\":\"2019-03-05T08:52:28+00:00\",\"dateModified\":\"2025-11-15T17:24:31+00:00\",\"breadcrumb\":{\"@id\":\"https:\\\/\\\/technometalhellas.gr\\\/de\\\/produkte\\\/luftkanal-systeme\\\/technostreit-twin\\\/#breadcrumb\"},\"inLanguage\":\"de\",\"potentialAction\":[{\"@type\":\"ReadAction\",\"target\":[\"https:\\\/\\\/technometalhellas.gr\\\/de\\\/produkte\\\/luftkanal-systeme\\\/technostreit-twin\\\/\"]}]},{\"@type\":\"BreadcrumbList\",\"@id\":\"https:\\\/\\\/technometalhellas.gr\\\/de\\\/produkte\\\/luftkanal-systeme\\\/technostreit-twin\\\/#breadcrumb\",\"itemListElement\":[{\"@type\":\"ListItem\",\"position\":1,\"name\":\"\u0391\u03c1\u03c7\u03b9\u03ba\u03ae\",\"item\":\"https:\\\/\\\/technometalhellas.gr\\\/de\\\/\"},{\"@type\":\"ListItem\",\"position\":2,\"name\":\"PRODUKTE\",\"item\":\"https:\\\/\\\/technometalhellas.gr\\\/de\\\/produkte\\\/\"},{\"@type\":\"ListItem\",\"position\":3,\"name\":\"LUFTKANAL SYSTEME\",\"item\":\"https:\\\/\\\/technometalhellas.gr\\\/de\\\/produkte\\\/luftkanal-systeme\\\/\"},{\"@type\":\"ListItem\",\"position\":4,\"name\":\"TECHNOSTREIT TWIN\"}]},{\"@type\":\"WebSite\",\"@id\":\"https:\\\/\\\/technometalhellas.gr\\\/#website\",\"url\":\"https:\\\/\\\/technometalhellas.gr\\\/\",\"name\":\"Technometal Hellas\",\"description\":\"Schornsteine, Luftkan\u00e4le und Metallprodukte\",\"potentialAction\":[{\"@type\":\"SearchAction\",\"target\":{\"@type\":\"EntryPoint\",\"urlTemplate\":\"https:\\\/\\\/technometalhellas.gr\\\/?s={search_term_string}\"},\"query-input\":{\"@type\":\"PropertyValueSpecification\",\"valueRequired\":true,\"valueName\":\"search_term_string\"}}],\"inLanguage\":\"de\"}]}<\/script>","yoast_head_json":{"title":"TECHNOSTREIT TWIN - Technometal Hellas","robots":{"index":"index","follow":"follow","max-snippet":"max-snippet:-1","max-image-preview":"max-image-preview:large","max-video-preview":"max-video-preview:-1"},"canonical":"https:\/\/technometalhellas.gr\/de\/produkte\/luftkanal-systeme\/technostreit-twin\/","og_locale":"de_DE","og_type":"article","og_title":"TECHNOSTREIT TWIN - Technometal Hellas","og_description":"[vc_row][vc_column][vc_empty_space][vc_custom_heading text=&#8220;TECHNOSTREIT TWIN&#8220; font_container=&#8220;tag:h2|font_size:30|text_align:left|color:%23333333&#8243; google_fonts=&#8220;font_family:Open%20Sans%3A300%2C300italic%2Cregular%2Citalic%2C600%2C600italic%2C700%2C700italic%2C800%2C800italic|font_style:700%20bold%20regular%3A700%3Anormal&#8220;][vc_empty_space height=&#8220;12px&#8220;][vc_separator][vc_column_text] Doppelwandige selbstverschwei\u00dfende Rohre Hergestellt au\u00dfen aus verzinktem Stahl EN10142 und innen aus nicht-magnetischem Edelstahl AISI 304. St\u00e4rke des Stahls: Innen 0,40 mm, Au\u00dfen 0,50 mm Isolierung: Steinwolle Verf\u00fcgbare Durchmesser: \u00d880 \u2013 \u00d8450 Verf\u00fcgbare L\u00e4ngen: &hellip;","og_url":"https:\/\/technometalhellas.gr\/de\/produkte\/luftkanal-systeme\/technostreit-twin\/","og_site_name":"Technometal Hellas","article_modified_time":"2025-11-15T17:24:31+00:00","twitter_card":"summary_large_image","twitter_misc":{"Gesch\u00e4tzte Lesezeit":"1\u00a0Minute"},"schema":{"@context":"https:\/\/schema.org","@graph":[{"@type":"WebPage","@id":"https:\/\/technometalhellas.gr\/de\/produkte\/luftkanal-systeme\/technostreit-twin\/","url":"https:\/\/technometalhellas.gr\/de\/produkte\/luftkanal-systeme\/technostreit-twin\/","name":"TECHNOSTREIT TWIN - Technometal Hellas","isPartOf":{"@id":"https:\/\/technometalhellas.gr\/#website"},"datePublished":"2019-03-05T08:52:28+00:00","dateModified":"2025-11-15T17:24:31+00:00","breadcrumb":{"@id":"https:\/\/technometalhellas.gr\/de\/produkte\/luftkanal-systeme\/technostreit-twin\/#breadcrumb"},"inLanguage":"de","potentialAction":[{"@type":"ReadAction","target":["https:\/\/technometalhellas.gr\/de\/produkte\/luftkanal-systeme\/technostreit-twin\/"]}]},{"@type":"BreadcrumbList","@id":"https:\/\/technometalhellas.gr\/de\/produkte\/luftkanal-systeme\/technostreit-twin\/#breadcrumb","itemListElement":[{"@type":"ListItem","position":1,"name":"\u0391\u03c1\u03c7\u03b9\u03ba\u03ae","item":"https:\/\/technometalhellas.gr\/de\/"},{"@type":"ListItem","position":2,"name":"PRODUKTE","item":"https:\/\/technometalhellas.gr\/de\/produkte\/"},{"@type":"ListItem","position":3,"name":"LUFTKANAL SYSTEME","item":"https:\/\/technometalhellas.gr\/de\/produkte\/luftkanal-systeme\/"},{"@type":"ListItem","position":4,"name":"TECHNOSTREIT TWIN"}]},{"@type":"WebSite","@id":"https:\/\/technometalhellas.gr\/#website","url":"https:\/\/technometalhellas.gr\/","name":"Technometal Hellas","description":"Schornsteine, Luftkan\u00e4le und Metallprodukte","potentialAction":[{"@type":"SearchAction","target":{"@type":"EntryPoint","urlTemplate":"https:\/\/technometalhellas.gr\/?s={search_term_string}"},"query-input":{"@type":"PropertyValueSpecification","valueRequired":true,"valueName":"search_term_string"}}],"inLanguage":"de"}]}},"_links":{"self":[{"href":"https:\/\/technometalhellas.gr\/de\/wp-json\/wp\/v2\/pages\/3222","targetHints":{"allow":["GET"]}}],"collection":[{"href":"https:\/\/technometalhellas.gr\/de\/wp-json\/wp\/v2\/pages"}],"about":[{"href":"https:\/\/technometalhellas.gr\/de\/wp-json\/wp\/v2\/types\/page"}],"author":[{"embeddable":true,"href":"https:\/\/technometalhellas.gr\/de\/wp-json\/wp\/v2\/users\/1"}],"replies":[{"embeddable":true,"href":"https:\/\/technometalhellas.gr\/de\/wp-json\/wp\/v2\/comments?post=3222"}],"version-history":[{"count":6,"href":"https:\/\/technometalhellas.gr\/de\/wp-json\/wp\/v2\/pages\/3222\/revisions"}],"predecessor-version":[{"id":6881,"href":"https:\/\/technometalhellas.gr\/de\/wp-json\/wp\/v2\/pages\/3222\/revisions\/6881"}],"up":[{"embeddable":true,"href":"https:\/\/technometalhellas.gr\/de\/wp-json\/wp\/v2\/pages\/3360"}],"wp:attachment":[{"href":"https:\/\/technometalhellas.gr\/de\/wp-json\/wp\/v2\/media?parent=3222"}],"curies":[{"name":"wp","href":"https:\/\/api.w.org\/{rel}","templated":true}]}}