{"id":3209,"date":"2019-03-05T14:15:52","date_gmt":"2019-03-05T12:15:52","guid":{"rendered":"http:\/\/technometalhellas.gr\/ydraylika-eksartimata\/"},"modified":"2026-03-17T15:24:18","modified_gmt":"2026-03-17T13:24:18","slug":"ydraylika-eksartimata","status":"publish","type":"page","link":"https:\/\/technometalhellas.gr\/de\/produkte\/ydraylika-eksartimata\/","title":{"rendered":"HYDRAULIKSYSTEME \u2013 DACHZUBEH\u00d6R"},"content":{"rendered":"<div class=\"wpb-content-wrapper\"><p>[vc_row full_width=&#8220;stretch_row&#8220; css=&#8220;.vc_custom_1546972407675{margin-top: 0px !important;margin-bottom: 0px !important;padding-top: 40px !important;padding-bottom: 70px !important;}&#8220;][vc_column width=&#8220;1\/2&#8243;]<div class='featured featured-has-link featured-has-content'><div class='featured-header'><a target='_self' href='\/proionta\/ydraulika-systimata\/'><img alt='HYDRAULIKSYSTEME' src='https:\/\/technometalhellas.gr\/wp-content\/uploads\/2018\/12\/hydraulic-systems-722x368.png'\/><\/a><\/div><div class='featured-content'><h3 class='featured-title text-uppercase'><a target='_self' href='\/proionta\/ydraulika-systimata\/'>HYDRAULIKSYSTEME<\/a><\/h3><p class='featured-desc'>Vollst\u00e4ndig aus verzinktem Stahl EN10142 gefertigt. Wandhalterungen, Sammler und gelochte B\u00e4nder<\/p><a class='btn btn-md btn-minimal' target='_self' href='\/proionta\/ydraulika-systimata\/'>MEHR ERFAHREN<\/a><\/div><\/div>[\/vc_column][vc_column width=&#8220;1\/2&#8243;]<div class='featured featured-has-link featured-has-icon featured-has-content'><div class='featured-header'><a target='_self' href='\/proionta\/eksartimata-stegis\/'><img alt='DACHZUBEH\u00d6R' src='https:\/\/technometalhellas.gr\/wp-content\/uploads\/2019\/01\/roof-parts2.png-722x368.jpg'\/><\/a><\/div><div class='featured-content'><h3 class='featured-title text-uppercase'><a target='_self' href='\/proionta\/eksartimata-stegis\/'><i class='fa fa-wrench'><\/i>DACHZUBEH\u00d6R<\/a><\/h3><p class='featured-desc'>Dachzubeh\u00f6r f\u00fcr Metall- oder Holzd\u00e4cher, zur Erleichterung von Arbeiten an Pergolen, Pavillons oder anderen Baukonstruktionen.<\/p><a class='btn btn-md btn-minimal' target='_self' href='\/proionta\/eksartimata-stegis\/'>MEHR ERFAHREN<\/a><\/div><\/div>[\/vc_column][\/vc_row][vc_row full_width=&#8220;stretch_row&#8220; css=&#8220;.vc_custom_1460118108572{background-color: #3498db !important;}&#8220;][vc_column css=&#8220;.vc_custom_1453295795563{padding-top: 0px !important;}&#8220;]<div class=\"download\"><div class='download-content text-uppercase' style='color: #ffffff'>LADEN SIE UNSEREN KOMPLETTEN PRODUKTKATALOG HERUNTER<\/div><a target='_self' href='https:\/\/technometalhellas.gr\/wp-content\/uploads\/2021\/07\/Eksartimata-stegis-2021.pdf' class='btn btn-md btn-dark btn-shadow'>HERUNTERLADEN<\/a><\/div>[\/vc_column][\/vc_row]<\/p>\n<\/div>","protected":false},"excerpt":{"rendered":"<p>[vc_row full_width=&#8220;stretch_row&#8220; css=&#8220;.vc_custom_1546972407675{margin-top: 0px !important;margin-bottom: 0px !important;padding-top: 40px !important;padding-bottom: 70px !important;}&#8220;][vc_column width=&#8220;1\/2&#8243;][\/vc_column][vc_column width=&#8220;1\/2&#8243;][\/vc_column][\/vc_row][vc_row full_width=&#8220;stretch_row&#8220; css=&#8220;.vc_custom_1460118108572{background-color: #3498db !important;}&#8220;][vc_column css=&#8220;.vc_custom_1453295795563{padding-top: 0px !important;}&#8220;][\/vc_column][\/vc_row]<\/p>\n","protected":false},"author":1,"featured_media":0,"parent":3382,"menu_order":0,"comment_status":"closed","ping_status":"closed","template":"","meta":{"footnotes":""},"class_list":["post-3209","page","type-page","status-publish","hentry"],"yoast_head":"<title>HYDRAULIKSYSTEME \u2013 DACHZUBEH\u00d6R - Technometal Hellas<\/title>\n<meta name=\"robots\" content=\"index, follow, max-snippet:-1, max-image-preview:large, max-video-preview:-1\" \/>\n<link rel=\"canonical\" href=\"https:\/\/technometalhellas.gr\/proionta\/ydraylika-eksartimata\/\" \/>\n<meta property=\"og:locale\" content=\"de_DE\" \/>\n<meta property=\"og:type\" content=\"article\" \/>\n<meta property=\"og:title\" content=\"HYDRAULIKSYSTEME \u2013 DACHZUBEH\u00d6R - Technometal Hellas\" \/>\n<meta property=\"og:description\" content=\"[vc_row full_width=&#8220;stretch_row&#8220; css=&#8220;.vc_custom_1546972407675{margin-top: 0px !important;margin-bottom: 0px !important;padding-top: 40px !important;padding-bottom: 70px !important;}&#8220;][vc_column width=&#8220;1\/2&#8243;][\/vc_column][vc_column width=&#8220;1\/2&#8243;][\/vc_column][\/vc_row][vc_row full_width=&#8220;stretch_row&#8220; css=&#8220;.vc_custom_1460118108572{background-color: #3498db !important;}&#8220;][vc_column css=&#8220;.vc_custom_1453295795563{padding-top: 0px !important;}&#8220;][\/vc_column][\/vc_row]\" \/>\n<meta property=\"og:url\" content=\"https:\/\/technometalhellas.gr\/proionta\/ydraylika-eksartimata\/\" \/>\n<meta property=\"og:site_name\" content=\"Technometal Hellas\" \/>\n<meta property=\"article:modified_time\" content=\"2026-03-17T13:24:18+00:00\" \/>\n<meta name=\"twitter:card\" content=\"summary_large_image\" \/>\n<meta name=\"twitter:label1\" content=\"Gesch\u00e4tzte Lesezeit\" \/>\n\t<meta name=\"twitter:data1\" content=\"1\u00a0Minute\" \/>\n<script type=\"application\/ld+json\" class=\"yoast-schema-graph\">{\"@context\":\"https:\\\/\\\/schema.org\",\"@graph\":[{\"@type\":\"WebPage\",\"@id\":\"https:\\\/\\\/technometalhellas.gr\\\/proionta\\\/ydraylika-eksartimata\\\/\",\"url\":\"https:\\\/\\\/technometalhellas.gr\\\/proionta\\\/ydraylika-eksartimata\\\/\",\"name\":\"HYDRAULIKSYSTEME \u2013 DACHZUBEH\u00d6R - Technometal Hellas\",\"isPartOf\":{\"@id\":\"https:\\\/\\\/technometalhellas.gr\\\/#website\"},\"datePublished\":\"2019-03-05T12:15:52+00:00\",\"dateModified\":\"2026-03-17T13:24:18+00:00\",\"breadcrumb\":{\"@id\":\"https:\\\/\\\/technometalhellas.gr\\\/proionta\\\/ydraylika-eksartimata\\\/#breadcrumb\"},\"inLanguage\":\"de\",\"potentialAction\":[{\"@type\":\"ReadAction\",\"target\":[\"https:\\\/\\\/technometalhellas.gr\\\/proionta\\\/ydraylika-eksartimata\\\/\"]}]},{\"@type\":\"BreadcrumbList\",\"@id\":\"https:\\\/\\\/technometalhellas.gr\\\/proionta\\\/ydraylika-eksartimata\\\/#breadcrumb\",\"itemListElement\":[{\"@type\":\"ListItem\",\"position\":1,\"name\":\"\u0391\u03c1\u03c7\u03b9\u03ba\u03ae\",\"item\":\"https:\\\/\\\/technometalhellas.gr\\\/de\\\/\"},{\"@type\":\"ListItem\",\"position\":2,\"name\":\"PRODUKTE\",\"item\":\"https:\\\/\\\/technometalhellas.gr\\\/de\\\/produkte\\\/\"},{\"@type\":\"ListItem\",\"position\":3,\"name\":\"HYDRAULIKSYSTEME \u2013 DACHZUBEH\u00d6R\"}]},{\"@type\":\"WebSite\",\"@id\":\"https:\\\/\\\/technometalhellas.gr\\\/#website\",\"url\":\"https:\\\/\\\/technometalhellas.gr\\\/\",\"name\":\"Technometal Hellas\",\"description\":\"Schornsteine, Luftkan\u00e4le und Metallprodukte\",\"potentialAction\":[{\"@type\":\"SearchAction\",\"target\":{\"@type\":\"EntryPoint\",\"urlTemplate\":\"https:\\\/\\\/technometalhellas.gr\\\/?s={search_term_string}\"},\"query-input\":{\"@type\":\"PropertyValueSpecification\",\"valueRequired\":true,\"valueName\":\"search_term_string\"}}],\"inLanguage\":\"de\"}]}<\/script>","yoast_head_json":{"title":"HYDRAULIKSYSTEME \u2013 DACHZUBEH\u00d6R - Technometal Hellas","robots":{"index":"index","follow":"follow","max-snippet":"max-snippet:-1","max-image-preview":"max-image-preview:large","max-video-preview":"max-video-preview:-1"},"canonical":"https:\/\/technometalhellas.gr\/proionta\/ydraylika-eksartimata\/","og_locale":"de_DE","og_type":"article","og_title":"HYDRAULIKSYSTEME \u2013 DACHZUBEH\u00d6R - Technometal Hellas","og_description":"[vc_row full_width=&#8220;stretch_row&#8220; css=&#8220;.vc_custom_1546972407675{margin-top: 0px !important;margin-bottom: 0px !important;padding-top: 40px !important;padding-bottom: 70px !important;}&#8220;][vc_column width=&#8220;1\/2&#8243;][\/vc_column][vc_column width=&#8220;1\/2&#8243;][\/vc_column][\/vc_row][vc_row full_width=&#8220;stretch_row&#8220; css=&#8220;.vc_custom_1460118108572{background-color: #3498db !important;}&#8220;][vc_column css=&#8220;.vc_custom_1453295795563{padding-top: 0px !important;}&#8220;][\/vc_column][\/vc_row]","og_url":"https:\/\/technometalhellas.gr\/proionta\/ydraylika-eksartimata\/","og_site_name":"Technometal Hellas","article_modified_time":"2026-03-17T13:24:18+00:00","twitter_card":"summary_large_image","twitter_misc":{"Gesch\u00e4tzte Lesezeit":"1\u00a0Minute"},"schema":{"@context":"https:\/\/schema.org","@graph":[{"@type":"WebPage","@id":"https:\/\/technometalhellas.gr\/proionta\/ydraylika-eksartimata\/","url":"https:\/\/technometalhellas.gr\/proionta\/ydraylika-eksartimata\/","name":"HYDRAULIKSYSTEME \u2013 DACHZUBEH\u00d6R - Technometal Hellas","isPartOf":{"@id":"https:\/\/technometalhellas.gr\/#website"},"datePublished":"2019-03-05T12:15:52+00:00","dateModified":"2026-03-17T13:24:18+00:00","breadcrumb":{"@id":"https:\/\/technometalhellas.gr\/proionta\/ydraylika-eksartimata\/#breadcrumb"},"inLanguage":"de","potentialAction":[{"@type":"ReadAction","target":["https:\/\/technometalhellas.gr\/proionta\/ydraylika-eksartimata\/"]}]},{"@type":"BreadcrumbList","@id":"https:\/\/technometalhellas.gr\/proionta\/ydraylika-eksartimata\/#breadcrumb","itemListElement":[{"@type":"ListItem","position":1,"name":"\u0391\u03c1\u03c7\u03b9\u03ba\u03ae","item":"https:\/\/technometalhellas.gr\/de\/"},{"@type":"ListItem","position":2,"name":"PRODUKTE","item":"https:\/\/technometalhellas.gr\/de\/produkte\/"},{"@type":"ListItem","position":3,"name":"HYDRAULIKSYSTEME \u2013 DACHZUBEH\u00d6R"}]},{"@type":"WebSite","@id":"https:\/\/technometalhellas.gr\/#website","url":"https:\/\/technometalhellas.gr\/","name":"Technometal Hellas","description":"Schornsteine, Luftkan\u00e4le und Metallprodukte","potentialAction":[{"@type":"SearchAction","target":{"@type":"EntryPoint","urlTemplate":"https:\/\/technometalhellas.gr\/?s={search_term_string}"},"query-input":{"@type":"PropertyValueSpecification","valueRequired":true,"valueName":"search_term_string"}}],"inLanguage":"de"}]}},"_links":{"self":[{"href":"https:\/\/technometalhellas.gr\/de\/wp-json\/wp\/v2\/pages\/3209","targetHints":{"allow":["GET"]}}],"collection":[{"href":"https:\/\/technometalhellas.gr\/de\/wp-json\/wp\/v2\/pages"}],"about":[{"href":"https:\/\/technometalhellas.gr\/de\/wp-json\/wp\/v2\/types\/page"}],"author":[{"embeddable":true,"href":"https:\/\/technometalhellas.gr\/de\/wp-json\/wp\/v2\/users\/1"}],"replies":[{"embeddable":true,"href":"https:\/\/technometalhellas.gr\/de\/wp-json\/wp\/v2\/comments?post=3209"}],"version-history":[{"count":4,"href":"https:\/\/technometalhellas.gr\/de\/wp-json\/wp\/v2\/pages\/3209\/revisions"}],"predecessor-version":[{"id":7772,"href":"https:\/\/technometalhellas.gr\/de\/wp-json\/wp\/v2\/pages\/3209\/revisions\/7772"}],"up":[{"embeddable":true,"href":"https:\/\/technometalhellas.gr\/de\/wp-json\/wp\/v2\/pages\/3382"}],"wp:attachment":[{"href":"https:\/\/technometalhellas.gr\/de\/wp-json\/wp\/v2\/media?parent=3209"}],"curies":[{"name":"wp","href":"https:\/\/api.w.org\/{rel}","templated":true}]}}